{"id":2241,"date":"2016-04-09T11:45:01","date_gmt":"2016-04-09T09:45:01","guid":{"rendered":"[one_half last=\"no\" spacing=\"yes\" center_content=\"no\" hide_on_mobile=\"no\" background_color=\"\" background_image=\"\" background_repeat=\"no-repeat\" background_position=\"left top\" border_position=\"all\" border_size=\"0px\" border_color=\"\" border_style=\"\" padding="},"modified":"2017-01-25T11:14:13","modified_gmt":"2017-01-25T09:14:13","slug":"bms-der-bindemittelstreuer","status":"publish","type":"page","link":"https:\/\/kuxmann.de\/de\/bms-der-bindemittelstreuer\/","title":{"rendered":"BMS &#8211; Der Bindemittelstreuer"},"content":{"rendered":"<p>[one_half last=&#8220;no&#8220; spacing=&#8220;yes&#8220; center_content=&#8220;no&#8220; hide_on_mobile=&#8220;no&#8220; background_color=&#8220;&#8220; background_image=&#8220;&#8220; background_repeat=&#8220;no-repeat&#8220; background_position=&#8220;left top&#8220; border_position=&#8220;all&#8220; border_size=&#8220;0px&#8220; border_color=&#8220;&#8220; border_style=&#8220;&#8220; padding=&#8220;&#8220; margin_top=&#8220;&#8220; margin_bottom=&#8220;&#8220; animation_type=&#8220;&#8220; animation_direction=&#8220;&#8220; animation_speed=&#8220;0.1&#8243; class=&#8220;&#8220; id=&#8220;&#8220;]<div class=\"fusion-text fusion-text-1\"><\/p>\n<h3><a href=\"https:\/\/kuxmann.de\/de\/produkte\/bms-der-bindemittelstreuer\/bms-der-drei-punkt-anbaustreuer\/\"><img decoding=\"async\" class=\"size-medium wp-image-1452 alignleft\" src=\"https:\/\/kuxmann.de\/wp-content\/uploads\/Binding-agent-spreader-300x225.jpg\" alt=\"Binding agent spreader\" width=\"300\" height=\"225\" srcset=\"https:\/\/kuxmann.de\/wp-content\/uploads\/Binding-agent-spreader-300x225.jpg 300w, https:\/\/kuxmann.de\/wp-content\/uploads\/Binding-agent-spreader-1024x768.jpg 1024w\" sizes=\"(max-width: 300px) 100vw, 300px\" \/>Anbaustreuer <\/a><\/h3>\n<p><a href=\"https:\/\/kuxmann.de\/de\/produkte\/bms-der-bindemittelstreuer\/bms-der-drei-punkt-anbaustreuer\/\">Der zuverl\u00e4ssige Bindemittelstreuer mit den Gr\u00f6\u00dfen 3m\u00b3 und 4m\u00b3.<\/a><\/p>\n<p><a href=\"https:\/\/kuxmann.de\/de\/produkte\/bms-der-bindemittelstreuer\/bms-der-drei-punkt-anbaustreuer\/\"><strong>Weitere Informationen \u203a<\/strong><\/a><\/p>\n<\/div>[\/one_half][one_half last=&#8220;yes&#8220; spacing=&#8220;yes&#8220; center_content=&#8220;no&#8220; hide_on_mobile=&#8220;no&#8220; background_color=&#8220;&#8220; background_image=&#8220;&#8220; background_repeat=&#8220;no-repeat&#8220; background_position=&#8220;left top&#8220; border_position=&#8220;all&#8220; border_size=&#8220;0px&#8220; border_color=&#8220;&#8220; border_style=&#8220;&#8220; padding=&#8220;&#8220; margin_top=&#8220;&#8220; margin_bottom=&#8220;&#8220; animation_type=&#8220;&#8220; animation_direction=&#8220;&#8220; animation_speed=&#8220;0.1&#8243; class=&#8220;&#8220; id=&#8220;&#8220;]<div class=\"fusion-text fusion-text-2\"><\/p>\n<h3><img decoding=\"async\" class=\"alignleft wp-image-2605 size-medium\" src=\"https:\/\/kuxmann.de\/wp-content\/uploads\/KUXMANN-Binding-agent-spreader-Bindemittelstreuer-BMS-10m-Gelb-Yellow-300x203.jpg\" alt=\"\" width=\"300\" height=\"203\" srcset=\"https:\/\/kuxmann.de\/wp-content\/uploads\/KUXMANN-Binding-agent-spreader-Bindemittelstreuer-BMS-10m-Gelb-Yellow-300x203.jpg 300w, https:\/\/kuxmann.de\/wp-content\/uploads\/KUXMANN-Binding-agent-spreader-Bindemittelstreuer-BMS-10m-Gelb-Yellow-768x520.jpg 768w, https:\/\/kuxmann.de\/wp-content\/uploads\/KUXMANN-Binding-agent-spreader-Bindemittelstreuer-BMS-10m-Gelb-Yellow-1024x694.jpg 1024w\" sizes=\"(max-width: 300px) 100vw, 300px\" \/><a href=\"https:\/\/kuxmann.de\/de\/produkte\/bms-der-bindemittelstreuer\/bms-anhaengestreuer\/\">Anh\u00e4ngestreuer<\/a><\/h3>\n<p><a href=\"https:\/\/kuxmann.de\/de\/produkte\/bms-der-bindemittelstreuer\/bms-anhaengestreuer\/\">Der Gezogene Bindemittelstreuer wurde speziell f\u00fcr lange Projekte entwickelt, bei denen gro\u00dfe Mengen bei einer Fahrt zuverl\u00e4ssig ausgebracht werden m\u00fcssen.<\/a><\/p>\n<p><a href=\"https:\/\/kuxmann.de\/de\/produkte\/bms-der-bindemittelstreuer\/bms-anhaengestreuer\/\"><strong>Weitere Informationen \u203a<\/strong><\/a><\/p>\n<\/div>[\/one_half]<div class=\"fusion-text fusion-text-3\"><\/p>\n<h3><\/h3>\n<div class=\"fusion-clearfix\"><\/div>\n<h3><\/h3>\n<h3><strong>Diese Maschine ist auch als Aufbaustreuer erh\u00e4ltlich.<\/strong><\/h3>\n<p><img decoding=\"async\" class=\"wp-image-373 size-medium alignleft\" src=\"https:\/\/kuxmann.de\/wp-content\/uploads\/i1400175-7-300x184.jpg\" alt=\"Binding agent spreader mounted KUXMANN\" width=\"300\" height=\"184\" srcset=\"https:\/\/kuxmann.de\/wp-content\/uploads\/i1400175-7-300x184.jpg 300w, https:\/\/kuxmann.de\/wp-content\/uploads\/i1400175-7.jpg 401w\" sizes=\"(max-width: 300px) 100vw, 300px\" \/> <img decoding=\"async\" class=\"size-medium wp-image-374 alignleft\" src=\"https:\/\/kuxmann.de\/wp-content\/uploads\/i1400175-8-300x184.jpg\" alt=\"binding agent spreader mounted KUXMANN\" width=\"300\" height=\"184\" srcset=\"https:\/\/kuxmann.de\/wp-content\/uploads\/i1400175-8-300x184.jpg 300w, https:\/\/kuxmann.de\/wp-content\/uploads\/i1400175-8.jpg 401w\" sizes=\"(max-width: 300px) 100vw, 300px\" \/><\/p>\n<h3><\/h3>\n<p>\n<\/div><\/p>\n","protected":false},"excerpt":{"rendered":"<p>[one_half last=&#8220;no&#8220; spacing=&#8220;yes&#8220; center_content=&#8220;no&#8220; hide_on_mobile=&#8220;no&#8220; background_color=&#8220;&#8220; background_image=&#8220;&#8220; background_repeat=&#8220;no-repeat&#8220; background_position=&#8220;left top&#8220; border_position=&#8220;all&#8220; border_size=&#8220;0px&#8220; border_color=&#8220;&#8220; border_style=&#8220;&#8220; padding=&#8220;&#8220; margin_top=&#8220;&#8220; margin_bottom=&#8220;&#8220; animation_type=&#8220;&#8220; animation_direction=&#8220;&#8220; animation_speed=&#8220;0.1&#8243; class=&#8220;&#8220; id=&#8220;&#8220;][\/one_half][one_half last=&#8220;yes&#8220; spacing=&#8220;yes&#8220; center_content=&#8220;no&#8220; hide_on_mobile=&#8220;no&#8220; background_color=&#8220;&#8220; background_image=&#8220;&#8220; background_repeat=&#8220;no-repeat&#8220; background_position=&#8220;left [&hellip;]<\/p>\n","protected":false},"author":2,"featured_media":0,"parent":0,"menu_order":1,"comment_status":"closed","ping_status":"closed","template":"full-width.php","meta":{"footnotes":""},"class_list":["post-2241","page","type-page","status-publish","hentry"],"_links":{"self":[{"href":"https:\/\/kuxmann.de\/de\/wp-json\/wp\/v2\/pages\/2241"}],"collection":[{"href":"https:\/\/kuxmann.de\/de\/wp-json\/wp\/v2\/pages"}],"about":[{"href":"https:\/\/kuxmann.de\/de\/wp-json\/wp\/v2\/types\/page"}],"author":[{"embeddable":true,"href":"https:\/\/kuxmann.de\/de\/wp-json\/wp\/v2\/users\/2"}],"replies":[{"embeddable":true,"href":"https:\/\/kuxmann.de\/de\/wp-json\/wp\/v2\/comments?post=2241"}],"version-history":[{"count":0,"href":"https:\/\/kuxmann.de\/de\/wp-json\/wp\/v2\/pages\/2241\/revisions"}],"wp:attachment":[{"href":"https:\/\/kuxmann.de\/de\/wp-json\/wp\/v2\/media?parent=2241"}],"curies":[{"name":"wp","href":"https:\/\/api.w.org\/{rel}","templated":true}]}}