{"id":2266,"date":"2016-04-10T21:32:32","date_gmt":"2016-04-10T19:32:32","guid":{"rendered":"http:\/\/[one_fourth%20last=no]%20%20[\/one_fourt"},"modified":"2017-04-21T02:04:15","modified_gmt":"2017-04-21T00:04:15","slug":"spezialstreuer","status":"publish","type":"page","link":"https:\/\/kuxmann.de\/de\/spezialstreuer\/","title":{"rendered":"Spezialstreuer"},"content":{"rendered":"<div class=\"fusion-fullwidth fullwidth-box fusion-builder-row-1 hundred-percent-fullwidth non-hundred-percent-height-scrolling\" style=\"--awb-border-radius-top-left:0px;--awb-border-radius-top-right:0px;--awb-border-radius-bottom-right:0px;--awb-border-radius-bottom-left:0px;--awb-overflow:visible;--awb-flex-wrap:wrap;\" ><div class=\"fusion-builder-row fusion-row\"><div class=\"fusion-layout-column fusion_builder_column fusion-builder-column-0 fusion_builder_column_1_4 1_4 fusion-one-fourth fusion-column-first\" style=\"--awb-bg-size:cover;width:25%;width:calc(25% - ( ( 4% + 4% + 4% ) * 0.25 ) );margin-right: 4%;\"><div class=\"fusion-column-wrapper fusion-flex-column-wrapper-legacy\"> <a href=\"https:\/\/kuxmann.de\/wp-content\/uploads\/02830009.jpg\"><img decoding=\"async\" class=\"alignnone size-medium wp-image-104\" src=\"https:\/\/kuxmann.de\/wp-content\/uploads\/02830009-250x165.jpg\" alt=\"02830009\" width=\"250\" height=\"165\" srcset=\"https:\/\/kuxmann.de\/wp-content\/uploads\/02830009-125x82.jpg 125w, https:\/\/kuxmann.de\/wp-content\/uploads\/02830009-250x165.jpg 250w, https:\/\/kuxmann.de\/wp-content\/uploads\/02830009-680x450.jpg 680w\" sizes=\"(max-width: 250px) 100vw, 250px\" \/><\/a> <div class=\"fusion-clearfix\"><\/div><\/div><\/div><div class=\"fusion-layout-column fusion_builder_column fusion-builder-column-1 fusion_builder_column_1_4 1_4 fusion-one-fourth\" style=\"--awb-bg-size:cover;width:25%;width:calc(25% - ( ( 4% + 4% + 4% ) * 0.25 ) );margin-right: 4%;\"><div class=\"fusion-column-wrapper fusion-flex-column-wrapper-legacy\">\n<h2><strong>Winterdienststreuer <\/strong> &#8211; F\u00fcr Sand und Salz<\/h2>\n<p>Besonders im Winter ist es wichtig sich auf sein Handwerkszeug verlassen zu k\u00f6nnen. Aus diesem Grund bietet sich der KUXMANN Winterdienststreuer an.\u00a0Durch seine zuverl\u00e4ssige Bauweise, die jahrelange Erfahrung und damit einhergehende Anpassung auf Kundenw\u00fcnsche, zeichnen diese Maschine aus. Jeder Winterdienststreuer ist in den Ausf\u00fchrungen, K 8000, K 10000, K 12000, K 14000 und K 18000 erh\u00e4ltlich. <div class=\"fusion-clearfix\"><\/div><\/div><\/div><div class=\"fusion-layout-column fusion_builder_column fusion-builder-column-2 fusion_builder_column_1_4 1_4 fusion-one-fourth\" style=\"--awb-bg-size:cover;width:25%;width:calc(25% - ( ( 4% + 4% + 4% ) * 0.25 ) );margin-right: 4%;\"><div class=\"fusion-column-wrapper fusion-flex-column-wrapper-legacy\"> <a href=\"https:\/\/kuxmann.de\/wp-content\/uploads\/golfplatz.jpg\"><img decoding=\"async\" class=\"alignnone wp-image-116\" src=\"https:\/\/kuxmann.de\/wp-content\/uploads\/golfplatz-250x187.jpg\" alt=\"golfplatzstreuer\" width=\"220\" height=\"165\" srcset=\"https:\/\/kuxmann.de\/wp-content\/uploads\/golfplatz-125x93.jpg 125w, https:\/\/kuxmann.de\/wp-content\/uploads\/golfplatz-250x187.jpg 250w, https:\/\/kuxmann.de\/wp-content\/uploads\/golfplatz-680x510.jpg 680w, https:\/\/kuxmann.de\/wp-content\/uploads\/golfplatz.jpg 800w\" sizes=\"(max-width: 220px) 100vw, 220px\" \/><\/a> <div class=\"fusion-clearfix\"><\/div><\/div><\/div><div class=\"fusion-layout-column fusion_builder_column fusion-builder-column-3 fusion_builder_column_1_4 1_4 fusion-one-fourth fusion-column-last\" style=\"--awb-bg-size:cover;width:25%;width:calc(25% - ( ( 4% + 4% + 4% ) * 0.25 ) );\"><div class=\"fusion-column-wrapper fusion-flex-column-wrapper-legacy\">\n<h2><strong>Golfplatzstreuer <\/strong> &#8211; F\u00fcr Sand, Erde, Kalk und D\u00fcnger zur pflege von  Golfpl\u00e4tze, Sportpl\u00e4tze usw.<\/h2>\n<p>Der Golfplatzstreuer zeichnet sich vor allem durch seine gute Handhabung aus. Bei der Konstruktion wurde besonders Wert auf die Bed\u00fcrfnisse und Rahmenbedingungen im t\u00e4glichen Gebrauch auf Golfpl\u00e4tzen gelegt, sein leichtes Gewicht und die Gras schonende Bereifung.<br \/>\nK6000<br \/>\nBeh\u00e4lterinhalt: 3.00m\u00b3<br \/>\nGesamtgewicht: 6t <div class=\"fusion-clearfix\"><\/div><\/div><\/div><\/div><\/div>\n","protected":false},"excerpt":{"rendered":"","protected":false},"author":2,"featured_media":0,"parent":0,"menu_order":0,"comment_status":"closed","ping_status":"closed","template":"full-width.php","meta":{"footnotes":""},"class_list":["post-2266","page","type-page","status-publish","hentry"],"_links":{"self":[{"href":"https:\/\/kuxmann.de\/de\/wp-json\/wp\/v2\/pages\/2266"}],"collection":[{"href":"https:\/\/kuxmann.de\/de\/wp-json\/wp\/v2\/pages"}],"about":[{"href":"https:\/\/kuxmann.de\/de\/wp-json\/wp\/v2\/types\/page"}],"author":[{"embeddable":true,"href":"https:\/\/kuxmann.de\/de\/wp-json\/wp\/v2\/users\/2"}],"replies":[{"embeddable":true,"href":"https:\/\/kuxmann.de\/de\/wp-json\/wp\/v2\/comments?post=2266"}],"version-history":[{"count":0,"href":"https:\/\/kuxmann.de\/de\/wp-json\/wp\/v2\/pages\/2266\/revisions"}],"wp:attachment":[{"href":"https:\/\/kuxmann.de\/de\/wp-json\/wp\/v2\/media?parent=2266"}],"curies":[{"name":"wp","href":"https:\/\/api.w.org\/{rel}","templated":true}]}}