{"id":250,"date":"2013-11-12T13:56:53","date_gmt":"2013-11-12T11:56:53","guid":{"rendered":""},"modified":"2018-11-28T13:43:33","modified_gmt":"2018-11-28T11:43:33","slug":"produkte","status":"publish","type":"page","link":"https:\/\/kuxmann.de\/de\/produkte\/","title":{"rendered":"Produkte"},"content":{"rendered":"<p><div class=\"fusion-fullwidth fullwidth-box fusion-builder-row-1 hundred-percent-fullwidth non-hundred-percent-height-scrolling fusion-equal-height-columns\" style=\"--awb-background-position:left top;--awb-border-radius-top-left:0px;--awb-border-radius-top-right:0px;--awb-border-radius-bottom-right:0px;--awb-border-radius-bottom-left:0px;--awb-padding-top:20px;--awb-padding-bottom:20px;--awb-border-sizes-top:0px;--awb-border-sizes-bottom:0px;--awb-flex-wrap:wrap;\" ><div class=\"fusion-builder-row fusion-row\"><div class=\"fusion-layout-column fusion_builder_column fusion-builder-column-0 fusion_builder_column_1_3 1_3 fusion-one-third fusion-column-first\" style=\"--awb-bg-color:#f2f2f2;--awb-bg-color-hover:#f2f2f2;--awb-bg-size:cover;--awb-border-color:#325928;--awb-border-top:3px;--awb-border-style:solid;width:30.6666%; margin-right: 4%;\"><div class=\"fusion-column-wrapper fusion-flex-column-wrapper-legacy\"><div class=\"fusion-text fusion-text-1\"><p><img decoding=\"async\" class=\"alignnone wp-image-2494 size-large\" src=\"https:\/\/kuxmann.de\/wp-content\/uploads\/kuxmann-Kurier-Gro\u00dffl\u00e4chenstreuer-Kalkstreuer-001-1024x579.jpg\" alt=\"\" width=\"669\" height=\"378\" \/><\/p>\n<h2 style=\"margin-left: 10px;\"><strong>Maschinen f\u00fcr Landwirtschaft<\/strong><\/h2>\n<p style=\"margin-left: 10px; margin-right: 10px;\">KUXMANN bietet ein breites Angebot von Streuern mit verschiedenen Streuwerken f\u00fcr ein breites Spektrum von Materialien an. Erfahren Sie auf den folgenden Seiten mehr.<\/p>\n<p style=\"margin-left: 10px; margin-right: 10px;\"><a href=\"https:\/\/kuxmann.de\/de\/produkte\/der-kurier-duengerstreuer\/\"><strong>Der KURIER Gro\u00dffl\u00e4chenstreuer<\/strong> mit \u00fcberarbeitetem Gummi-Transportband System f\u00fcr trockenes, pulver- und staubf\u00f6rmiges Streumaterial sowie granulierter D\u00fcnger und mehr.\u00a0&gt;&gt;<\/a><\/p>\n<p style=\"margin-left: 10px; margin-right: 10px;\"><a href=\"https:\/\/kuxmann.de\/de\/produkte\/der-kurier-kalkstreuer\/\"> <strong>Der KURIER Kalkstreuer<\/strong>\u00a0mit dem weiterentwickelten Zwei-Scheiben Streuwerk (bis 15m) oder dem Schneckenstreuwerk mit den Arbeitsbreiten von 6m, 9m und 12m. Geeignet f\u00fcr trockenen oder pulverf\u00f6rmigen Kalk sowie gr\u00f6beres und feuchtes Material.\u00a0&gt;&gt;<\/a><\/p>\n<\/div><div class=\"fusion-clearfix\"><\/div><\/div><\/div><div class=\"fusion-layout-column fusion_builder_column fusion-builder-column-1 fusion_builder_column_1_3 1_3 fusion-one-third\" style=\"--awb-bg-color:#f2f2f2;--awb-bg-color-hover:#f2f2f2;--awb-bg-size:cover;--awb-border-color:#325928;--awb-border-top:3px;--awb-border-style:solid;width:30.6666%; margin-right: 4%;\"><div class=\"fusion-column-wrapper fusion-flex-column-wrapper-legacy\"><div class=\"fusion-text fusion-text-2\"><h2><img decoding=\"async\" class=\"alignnone wp-image-2496 size-large\" src=\"https:\/\/kuxmann.de\/wp-content\/uploads\/Binding-agend-spreader-Bindemittelstreuer-4t-Anbaustreuer-FP-1024x579.jpg\" alt=\"\" width=\"669\" height=\"378\" \/><\/h2>\n<h2 style=\"margin-left: 10px;\"><strong>Maschinen f\u00fcr Bauwirtschaft<\/strong><\/h2>\n<p style=\"margin-left: 10px; margin-right: 10px;\">Mit dem Bindemittelstreuer und dem Splitt- sowie Sandstreuer bietet KUXMANN eine umfangreiche Bandbreite von Maschinen f\u00fcr Bodenstabilisierung und Stra\u00dfenbau an.<\/p>\n<p style=\"margin-left: 10px; margin-right: 10px;\"><a href=\"https:\/\/kuxmann.de\/de\/produkte\/kuxmann-bms-bindemittelstreuer\/\"><strong>BMS &#8211; Bindemittelstreuer<\/strong> sind erh\u00e4ltlich mit den Kapazit\u00e4ten von 3m\u00b3 bis 14m\u00b3. Die Streuer sind serienm\u00e4\u00dfig mit einem Zellenrad Streuwerk ausgestattet.<\/a><a href=\"https:\/\/kuxmann.de\/de\/produkte\/kuxmann-bms-bindemittelstreuer\/\">\u00a0&gt;&gt;<\/a><\/p>\n<p style=\"margin-left: 10px; margin-right: 10px;\"><a href=\"https:\/\/kuxmann.de\/de\/produkte\/kuxmann-splitt-und-sandstreuer\/\"> <strong>KUXMANN Splitt- und Sandstreuer<\/strong> sind in den Gr\u00f6\u00dfen von 5m\u00b3 bis 14m\u00b3 erh\u00e4ltlich. Das Streugut wird \u00fcber ein Zentrifugal-Streuwerk mit zwei Streuscheiben ausgebracht. Diese L\u00f6sung garantiert ein gleichm\u00e4\u00dfiges Streuergebnis.<\/a><a href=\"https:\/\/kuxmann.de\/de\/produkte\/kuxmann-splitt-und-sandstreuer\/\">\u00a0&gt;&gt;<\/a><\/p>\n<\/div><div class=\"fusion-clearfix\"><\/div><\/div><\/div><div class=\"fusion-layout-column fusion_builder_column fusion-builder-column-2 fusion_builder_column_1_3 1_3 fusion-one-third fusion-column-last\" style=\"--awb-bg-color:#f2f2f2;--awb-bg-color-hover:#f2f2f2;--awb-bg-size:cover;--awb-border-color:#325928;--awb-border-top:3px;--awb-border-style:solid;width:30.6666%;\"><div class=\"fusion-column-wrapper fusion-flex-column-wrapper-legacy\"><div class=\"fusion-text fusion-text-3\"><h2><img decoding=\"async\" class=\"alignnone wp-image-2495 size-large\" src=\"https:\/\/kuxmann.de\/wp-content\/uploads\/Kuxmann-Goldplatzstreuer-Besander-Golf-course-spreader-sand-spreader-1024x579.jpg\" alt=\"\" width=\"669\" height=\"378\" \/><\/h2>\n<h2 style=\"margin-left: 10px;\"><strong>Kommunal- und Golfplatztechnik<br \/>\n<\/strong><\/h2>\n<p style=\"margin-left: 10px; margin-right: 10px;\"><a href=\"https:\/\/kuxmann.de\/de\/produkte\/kuxmann-winterdienststreuer\/\"><strong>Der KUXMANN Winterdienststreuer<\/strong> steht f\u00fcr einen zuverl\u00e4ssigen Service beim Streuen von Salz, Splitt, Sand oder anderer Materialien. Auch bei rauem Wetter.<\/a><a href=\"https:\/\/kuxmann.de\/de\/produkte\/kuxmann-winterdienststreuer\/\">\u00a0&gt;&gt;<\/a><\/p>\n<p style=\"margin-left: 10px; margin-right: 10px;\"><a href=\"https:\/\/kuxmann.de\/de\/produkte\/der-besander-kurier\/\"><strong>Der Besander KURIER<\/strong> von KUXMANN ist f\u00fcr das professionelle Streuen von Sand auf Golfpl\u00e4tzen, Sportpl\u00e4tzen, Parks und anderen Au\u00dfenbereichen ausgelegt. Die Maschine ist leicht genug um Sand auf dem Golfplatz zuverl\u00e4ssig und schonend f\u00fcr den Rasen zu streuen. Das besondere Design erm\u00f6glicht es dem Fahrer das Material sowohl manuell als auch hydraulisch auf die gew\u00fcnschte Streubreite und Menge einzustellen. <\/a><a href=\"https:\/\/kuxmann.de\/de\/produkte\/der-besander-kurier\/\">\u00a0&gt;&gt;<\/a><\/p>\n<\/div><div class=\"fusion-clearfix\"><\/div><\/div><\/div><\/div><\/div><div class=\"fusion-fullwidth fullwidth-box fusion-builder-row-2 hundred-percent-fullwidth non-hundred-percent-height-scrolling\" style=\"--awb-border-radius-top-left:0px;--awb-border-radius-top-right:0px;--awb-border-radius-bottom-right:0px;--awb-border-radius-bottom-left:0px;--awb-overflow:visible;--awb-flex-wrap:wrap;\" ><div class=\"fusion-builder-row fusion-row\"><div class=\"fusion-layout-column fusion_builder_column fusion-builder-column-3 fusion_builder_column_1_1 1_1 fusion-one-full fusion-column-first fusion-column-last fusion-column-no-min-height\" style=\"--awb-bg-size:cover;--awb-margin-bottom:0px;\"><div class=\"fusion-column-wrapper fusion-flex-column-wrapper-legacy\"><div class=\"fusion-text fusion-text-4\"><p>Bei der Entwicklung unserer Maschinen wurde darauf geachtet, dass Bedienung und Wartung einfach sind, sie vielseitig sind und sich allen Gegebenheiten anpassen k\u00f6nnen. Das beweist auch die Tatsache, dass die KUXMANN Maschinen nicht nur in Deutschland, sondern auch weltweit, eingesetzt werden.<\/p>\n<address>\u00a0<\/address>\n<p><!--:--><\/p>\n<\/div><div class=\"fusion-clearfix\"><\/div><\/div><\/div><\/div><\/div><\/p>\n","protected":false},"excerpt":{"rendered":"","protected":false},"author":1,"featured_media":0,"parent":0,"menu_order":0,"comment_status":"closed","ping_status":"closed","template":"","meta":{"footnotes":""},"class_list":["post-250","page","type-page","status-publish","hentry"],"_links":{"self":[{"href":"https:\/\/kuxmann.de\/de\/wp-json\/wp\/v2\/pages\/250"}],"collection":[{"href":"https:\/\/kuxmann.de\/de\/wp-json\/wp\/v2\/pages"}],"about":[{"href":"https:\/\/kuxmann.de\/de\/wp-json\/wp\/v2\/types\/page"}],"author":[{"embeddable":true,"href":"https:\/\/kuxmann.de\/de\/wp-json\/wp\/v2\/users\/1"}],"replies":[{"embeddable":true,"href":"https:\/\/kuxmann.de\/de\/wp-json\/wp\/v2\/comments?post=250"}],"version-history":[{"count":0,"href":"https:\/\/kuxmann.de\/de\/wp-json\/wp\/v2\/pages\/250\/revisions"}],"wp:attachment":[{"href":"https:\/\/kuxmann.de\/de\/wp-json\/wp\/v2\/media?parent=250"}],"curies":[{"name":"wp","href":"https:\/\/api.w.org\/{rel}","templated":true}]}}