{"id":53,"date":"2012-10-19T12:32:29","date_gmt":"2012-10-19T10:32:29","guid":{"rendered":""},"modified":"2019-11-20T22:09:43","modified_gmt":"2019-11-20T20:09:43","slug":"kontakt","status":"publish","type":"page","link":"https:\/\/kuxmann.de\/de\/kontakt\/","title":{"rendered":"Kontakt"},"content":{"rendered":"<div class=\"fusion-fullwidth fullwidth-box fusion-builder-row-1 nonhundred-percent-fullwidth non-hundred-percent-height-scrolling\" style=\"--awb-border-radius-top-left:0px;--awb-border-radius-top-right:0px;--awb-border-radius-bottom-right:0px;--awb-border-radius-bottom-left:0px;--awb-flex-wrap:wrap;\" ><div class=\"fusion-builder-row fusion-row\"><div class=\"fusion-layout-column fusion_builder_column fusion-builder-column-0 fusion_builder_column_1_1 1_1 fusion-one-full fusion-column-first fusion-column-last\" style=\"--awb-bg-size:cover;--awb-margin-bottom:0px;\"><div class=\"fusion-column-wrapper fusion-flex-column-wrapper-legacy\"><div class=\"fusion-recent-posts fusion-recent-posts-1 avada-container layout-thumbnails-on-side layout-columns-1\"><section class=\"fusion-columns columns fusion-columns-1 columns-1\"><article class=\"post fusion-column column col col-lg-12 col-md-12 col-sm-12\"><div class=\"fusion-flexslider fusion-flexslider-loading flexslider floated-slideshow flexslider-hover-type-none\"><ul class=\"slides\"><li><a href=\"https:\/\/kuxmann.de\/de\/kuxmann-uebernimmt-standort-in-guestrow\/\" aria-label=\"KUXMANN \u00fcbernimmt Standort in G\u00fcstrow.\" class=\"hover-type-none\"><img decoding=\"async\" width=\"177\" height=\"142\" src=\"https:\/\/kuxmann.de\/wp-content\/uploads\/Kuxmann-Kurier-Gro\u00dffl\u00e4chenstreuer-D\u00fcngerstreuer-Kalkstreuer-10m2-Tandem-Streuer-Kalk-Plane-5-177x142.webp\" class=\"attachment-portfolio-five size-portfolio-five\" alt=\"\" \/><\/a><\/li><\/ul><\/div><div class=\"recent-posts-content\"><h4 class=\"\"><a href=\"https:\/\/kuxmann.de\/de\/kuxmann-uebernimmt-standort-in-guestrow\/\">KUXMANN \u00fcbernimmt Standort in G\u00fcstrow.<\/a><\/h4><p class=\"meta\"><span>August 29th, 2024<\/span><span class=\"fusion-inline-sep\">|<\/span><\/p><p> Mit der \u00dcbernahme des Standorts G\u00fcstrow von dem Wettbewerber M.B.Hages durch die Firma Kuxmann, gehen beide Unternehmen den n\u00e4chsten Schritt der bereits zuvor begonnenen Zusammenarbeit. Mit dem neuen Standort und einhergehenden M\u00f6glichkeiten, wird Kuxmann<\/p><\/div><\/article><\/section><\/div><div class=\"fusion-text fusion-text-1\"><p><!--:de--><\/p>\n<h3>Kontakt<\/h3>\n<p>KUXMANN Landmaschinen<\/p>\n<div>Am Sportplatz 30,<\/div>\n<div>33619 Bielefeld<\/div>\n<div>Telefon: +49 (0)521 31433<\/div>\n<div>Fax: +49 (0)521 31403<\/div>\n<div><\/div>\n<h3>Nutzen Sie dieses Formular f\u00fcr\u00a0Ihre Hinweise und Anfragen an uns.<\/h3>\n<p><!--:--><\/p>\n<\/div><div class=\"fusion-clearfix\"><\/div><\/div><\/div><\/div><\/div>\n","protected":false},"excerpt":{"rendered":"","protected":false},"author":1,"featured_media":0,"parent":0,"menu_order":2,"comment_status":"closed","ping_status":"open","template":"contact.php","meta":{"footnotes":""},"class_list":["post-53","page","type-page","status-publish","hentry"],"_links":{"self":[{"href":"https:\/\/kuxmann.de\/de\/wp-json\/wp\/v2\/pages\/53"}],"collection":[{"href":"https:\/\/kuxmann.de\/de\/wp-json\/wp\/v2\/pages"}],"about":[{"href":"https:\/\/kuxmann.de\/de\/wp-json\/wp\/v2\/types\/page"}],"author":[{"embeddable":true,"href":"https:\/\/kuxmann.de\/de\/wp-json\/wp\/v2\/users\/1"}],"replies":[{"embeddable":true,"href":"https:\/\/kuxmann.de\/de\/wp-json\/wp\/v2\/comments?post=53"}],"version-history":[{"count":0,"href":"https:\/\/kuxmann.de\/de\/wp-json\/wp\/v2\/pages\/53\/revisions"}],"wp:attachment":[{"href":"https:\/\/kuxmann.de\/de\/wp-json\/wp\/v2\/media?parent=53"}],"curies":[{"name":"wp","href":"https:\/\/api.w.org\/{rel}","templated":true}]}}