{"id":5484,"date":"2017-06-11T22:04:58","date_gmt":"2017-06-11T20:04:58","guid":{"rendered":"https:\/\/kuxmann.de\/?page_id=5484\/"},"modified":"2020-09-26T23:24:57","modified_gmt":"2020-09-26T21:24:57","slug":"bms-bindemittelstreuer-anhaengestreuer","status":"publish","type":"page","link":"https:\/\/kuxmann.de\/de\/produkte\/bms-bindemittelstreuer-anhaengestreuer\/","title":{"rendered":"BMS \u2013 Bindemittelstreuer Anh\u00e4ngestreuer"},"content":{"rendered":"<p><div class=\"fusion-fullwidth fullwidth-box fusion-builder-row-1 hundred-percent-fullwidth non-hundred-percent-height-scrolling\" style=\"--awb-border-radius-top-left:0px;--awb-border-radius-top-right:0px;--awb-border-radius-bottom-right:0px;--awb-border-radius-bottom-left:0px;--awb-overflow:visible;--awb-flex-wrap:wrap;\" ><div class=\"fusion-builder-row fusion-row\"><div class=\"fusion-layout-column fusion_builder_column fusion-builder-column-0 fusion_builder_column_1_1 1_1 fusion-one-full fusion-column-first fusion-column-last fusion-column-no-min-height\" style=\"--awb-bg-size:cover;--awb-margin-bottom:0px;\"><div class=\"fusion-column-wrapper fusion-flex-column-wrapper-legacy\"><div class=\"fusion-menu-anchor\" id=\"home\"><\/div><div class=\"fusion-clearfix\"><\/div><\/div><\/div><\/div><\/div><div class=\"fusion-fullwidth fullwidth-box fusion-builder-row-2 nonhundred-percent-fullwidth non-hundred-percent-height-scrolling fusion-equal-height-columns\" style=\"--awb-border-color:#dadada;--awb-border-radius-top-left:0px;--awb-border-radius-top-right:0px;--awb-border-radius-bottom-right:0px;--awb-border-radius-bottom-left:0px;--awb-padding-top:0px;--awb-padding-right:0px;--awb-padding-bottom:5px;--awb-padding-left:0px;--awb-background-color:#fff;--awb-border-sizes-top:0px;--awb-border-sizes-bottom:0px;--awb-flex-wrap:wrap;\" ><div class=\"fusion-builder-row fusion-row\"><div class=\"fusion-layout-column fusion_builder_column fusion-builder-column-1 fusion_builder_column_1_1 1_1 fusion-one-full fusion-column-first fusion-column-last\" style=\"--awb-bg-size:cover;--awb-border-color:#dadada;--awb-border-bottom:0px;--awb-border-style:solid;--awb-margin-top:-32px;\"><div class=\"fusion-column-wrapper fusion-flex-column-wrapper-legacy\"><div class=\"fusion-text fusion-text-1\"><h1 data-fontsize=\"35\" data-lineheight=\"47\">BMS \u2013 Bindemittelstreuer Anh\u00e4ngestreuer<\/h1>\n<\/div><div class=\"fusion-clearfix\"><\/div><\/div><\/div><\/div><\/div><div class=\"fusion-fullwidth fullwidth-box fusion-builder-row-3 nonhundred-percent-fullwidth non-hundred-percent-height-scrolling\" style=\"--awb-background-position:left top;--awb-border-radius-top-left:0px;--awb-border-radius-top-right:0px;--awb-border-radius-bottom-right:0px;--awb-border-radius-bottom-left:0px;--awb-border-sizes-top:0px;--awb-border-sizes-bottom:0px;--awb-flex-wrap:wrap;\" ><div class=\"fusion-builder-row fusion-row\"><div class=\"fusion-layout-column fusion_builder_column fusion-builder-column-2 fusion_builder_column_1_2 1_2 fusion-one-half fusion-column-first\" style=\"--awb-bg-size:cover;width:48%; margin-right: 4%;\"><div class=\"fusion-column-wrapper fusion-flex-column-wrapper-legacy\"><div class=\"fusion-text fusion-text-2\"><p><img decoding=\"async\" class=\"alignnone wp-image-2605 size-full\" src=\"https:\/\/kuxmann.de\/wp-content\/uploads\/KUXMANN-Binding-agent-spreader-Bindemittelstreuer-BMS-10m-Gelb-Yellow.jpg\" alt=\"\" width=\"3402\" height=\"2304\" srcset=\"https:\/\/kuxmann.de\/wp-content\/uploads\/KUXMANN-Binding-agent-spreader-Bindemittelstreuer-BMS-10m-Gelb-Yellow-300x203.jpg 300w, https:\/\/kuxmann.de\/wp-content\/uploads\/KUXMANN-Binding-agent-spreader-Bindemittelstreuer-BMS-10m-Gelb-Yellow-768x520.jpg 768w, https:\/\/kuxmann.de\/wp-content\/uploads\/KUXMANN-Binding-agent-spreader-Bindemittelstreuer-BMS-10m-Gelb-Yellow-1024x694.jpg 1024w, https:\/\/kuxmann.de\/wp-content\/uploads\/KUXMANN-Binding-agent-spreader-Bindemittelstreuer-BMS-10m-Gelb-Yellow.jpg 2048w\" sizes=\"(max-width: 3402px) 100vw, 3402px\" \/><\/p>\n<p>Der Streuer kann mit unserem <strong>ISOCAN-Control System<\/strong> ausgestattet werden, wodurch auch <strong>Precision Spreading<\/strong> m\u00f6glich ist. Eine Beispielausstattung w\u00e4re in diesem Fall: ein Wiegesystem, hydraulisches Zellenrad und GPS System.<\/p>\n<ul>\n<li>Max. Arbeitsbreite: 2500 mm<\/li>\n<li>Streumenge: 6-35 kg\/m\u00b2<\/li>\n<li>Max. Hydraulikleistung: 60 l\/min<\/li>\n<\/ul>\n<p><strong>Diese Maschine ist auch als <a href=\"https:\/\/kuxmann.de\/de\/produkte\/bms-bindemittelstreuer-aufbaustreuer\/\">Aufbaustreuer<\/a>\u00a0oder als <a href=\"https:\/\/kuxmann.de\/de\/produkte\/bindemittelstreuer-bms-drei-punkt-anbaustreuer\/\">Anbaustreuer<\/a>\u00a0erh\u00e4ltlich. Nach Absprache kann der Streuer auch an Kundenw\u00fcnsche angepasst werden.<\/strong><div class=\"fusion-menu-anchor\" id=\"Technical\"><\/div><\/p>\n<\/div><div class=\"fusion-clearfix\"><\/div><\/div><\/div><div class=\"fusion-layout-column fusion_builder_column fusion-builder-column-3 fusion_builder_column_1_2 1_2 fusion-one-half fusion-column-last\" style=\"--awb-bg-size:cover;--awb-margin-top:-6px;width:48%;\"><div class=\"fusion-column-wrapper fusion-flex-column-wrapper-legacy\"><div class=\"fusion-text fusion-text-3\"><div class=\"fusion-text fusion-text-3\"><\/div>\n<h2 data-fontsize=\"20\" data-lineheight=\"27\"><strong>Hohe Leistung beim Streuen von Bindemitteln<\/strong><\/h2>\n<p>Der Bindemittelstreuer wurde <strong>f\u00fcr die Langzeitnutzung im Bereich der Bodenstabilisierung<\/strong> ausgelegt, bei der <strong>gro\u00dfe Mengen des Bindemittels gro\u00dffl\u00e4chig ausgebracht<\/strong> werden m\u00fcssen. Dies macht den Bindemittelstreuer der BMS Serie zur idealen Wahl.<\/p>\n<p><strong>Hohe Streuleistung, einfache Bedienung, enorm robust, geringer Wartungsaufwand und Unterhaltungskosten.<\/strong><\/p>\n<p>Die BMS Streuer sind als stabile <strong>Einachs\u2013 bzw. Tandemachsanh\u00e4nger<\/strong> lieferbar. <div class=\"fusion-menu-anchor\" id=\"Spreading modules\"><\/div>\n<strong>Das Zellenrad l\u00e4sst sich \u00fcber die Traktorhydraulik<\/strong>\u00a0<strong>bedienen, <\/strong>somit\u00a0kann <strong>die Streumenge<\/strong> des Bindemittelstreuers <strong>einfach und stufenlos reguliert werden<\/strong>.<\/p>\n<\/div><div class=\"fusion-clearfix\"><\/div><\/div><\/div><\/div><\/div><div class=\"fusion-fullwidth fullwidth-box fusion-builder-row-4 hundred-percent-fullwidth non-hundred-percent-height-scrolling fusion-equal-height-columns\" style=\"--awb-background-position:left top;--awb-border-radius-top-left:0px;--awb-border-radius-top-right:0px;--awb-border-radius-bottom-right:0px;--awb-border-radius-bottom-left:0px;--awb-padding-top:13px;--awb-border-sizes-top:0px;--awb-border-sizes-bottom:0px;--awb-flex-wrap:wrap;\" ><div class=\"fusion-builder-row fusion-row\"><div class=\"fusion-layout-column fusion_builder_column fusion-builder-column-4 fusion_builder_column_1_1 1_1 fusion-one-full fusion-column-first fusion-column-last fusion-column-no-min-height\" style=\"--awb-bg-size:cover;--awb-margin-bottom:0px;\"><div class=\"fusion-column-wrapper fusion-flex-column-wrapper-legacy\"><div class=\"fusion-text fusion-text-5\"><h2 data-fontsize=\"20\" data-lineheight=\"27\"><strong>Streuwerk<\/strong><\/h2>\n<\/div><div class=\"fusion-sep-clear\"><\/div><div class=\"fusion-separator fusion-full-width-sep\" style=\"margin-left: auto;margin-right: auto;margin-top:0px;margin-bottom:15px;width:100%;\"><div class=\"fusion-separator-border sep-single sep-solid\" style=\"--awb-height:20px;--awb-amount:20px;--awb-sep-color:#325928;border-color:#325928;border-top-width:3px;\"><\/div><\/div><div class=\"fusion-sep-clear\"><\/div><div class=\"fusion-clearfix\"><\/div><\/div><\/div><div class=\"fusion-layout-column fusion_builder_column fusion-builder-column-5 fusion_builder_column_1_1 1_1 fusion-one-full fusion-column-first fusion-column-last\" style=\"--awb-bg-size:cover;\"><div class=\"fusion-column-wrapper fusion-flex-column-wrapper-legacy\"><div class=\"fusion-text fusion-text-6\"><p><a title=\"kuxmann-binding-agent-rotary-feeder\" href=\"https:\/\/kuxmann.de\/wp-content\/uploads\/rotary-feeder-image.png\" rel=\"prettyPhoto\"><img decoding=\"async\" class=\"alignleft\" src=\"https:\/\/kuxmann.de\/wp-content\/uploads\/rotary-feeder-image.png\" alt=\"kuxmann-binding-agent-rotary-feeder\" width=\"390\" height=\"220\" \/><\/a><strong>Das Zellenrad ist mit acht D\u00e4mmen ausgestattet.<\/strong><\/p>\n<p>Diese D\u00e4mme sind an der Walze befestigt und ergeben <strong>gleichm\u00e4\u00dfig gro\u00dfe Kammern<\/strong> in denen das Streugut transportiert wird.<\/p>\n<\/div><div class=\"fusion-clearfix\"><\/div><\/div><\/div><\/div><\/div><div class=\"fusion-fullwidth fullwidth-box fusion-builder-row-5 nonhundred-percent-fullwidth non-hundred-percent-height-scrolling fusion-equal-height-columns\" style=\"--awb-border-color:#dadada;--awb-border-radius-top-left:0px;--awb-border-radius-top-right:0px;--awb-border-radius-bottom-right:0px;--awb-border-radius-bottom-left:0px;--awb-padding-top:13px;--awb-padding-right:0px;--awb-padding-bottom:13px;--awb-padding-left:0px;--awb-background-color:#fff;--awb-border-sizes-top:0px;--awb-border-sizes-bottom:0px;--awb-flex-wrap:wrap;\" ><div class=\"fusion-builder-row fusion-row\"><div class=\"fusion-layout-column fusion_builder_column fusion-builder-column-6 fusion_builder_column_1_1 1_1 fusion-one-full fusion-column-first fusion-column-last fusion-column-no-min-height\" style=\"--awb-bg-size:cover;--awb-margin-bottom:0px;\"><div class=\"fusion-column-wrapper fusion-flex-column-wrapper-legacy\"><div class=\"fusion-text fusion-text-7\"><h2><strong>Technical Details<\/strong><\/h2>\n<div class=\"fusion-menu-anchor\" id=\"Gallery\"><\/div>\n<\/div><div class=\"fusion-sep-clear\"><\/div><div class=\"fusion-separator fusion-full-width-sep\" style=\"margin-left: auto;margin-right: auto;margin-top:0px;margin-bottom:0px;width:100%;\"><div class=\"fusion-separator-border sep-single sep-solid\" style=\"--awb-height:20px;--awb-amount:20px;--awb-sep-color:#325928;border-color:#325928;border-top-width:3px;\"><\/div><\/div><div class=\"fusion-sep-clear\"><\/div><div class=\"fusion-clearfix\"><\/div><\/div><\/div><div class=\"fusion-layout-column fusion_builder_column fusion-builder-column-7 fusion_builder_column_1_1 1_1 fusion-one-full fusion-column-first fusion-column-last\" style=\"--awb-bg-size:cover;\"><div class=\"fusion-column-wrapper fusion-flex-column-wrapper-legacy\"><div class=\"accordian fusion-accordian\" style=\"--awb-border-size:1px;--awb-icon-size:13px;--awb-content-font-size:14px;--awb-icon-alignment:left;--awb-hover-color:#f9f9f9;--awb-border-color:#cccccc;--awb-background-color:#ffffff;--awb-divider-color:#e0dede;--awb-divider-hover-color:#e0dede;--awb-icon-color:#ffffff;--awb-title-color:#333333;--awb-content-color:#545454;--awb-icon-box-color:#333333;--awb-toggle-hover-accent-color:#325928;--awb-title-font-family:&quot;Roboto&quot;;--awb-title-font-weight:400;--awb-title-font-style:normal;--awb-title-font-size:16px;--awb-title-letter-spacing:0px;--awb-title-line-height:1.19;--awb-content-font-family:&quot;Roboto&quot;;--awb-content-font-style:normal;--awb-content-font-weight:300;\"><div class=\"panel-group fusion-toggle-icon-boxed\" id=\"accordion-5484-1\"><div class=\"fusion-panel panel-default panel-d2322467c2f021520 fusion-toggle-has-divider\"><div class=\"panel-heading\"><h4 class=\"panel-title toggle\" id=\"toggle_d2322467c2f021520\"><a aria-expanded=\"false\" aria-controls=\"d2322467c2f021520\" role=\"button\" data-toggle=\"collapse\" data-parent=\"#accordion-5484-1\" data-target=\"#d2322467c2f021520\" href=\"#d2322467c2f021520\"><span class=\"fusion-toggle-icon-wrapper\" aria-hidden=\"true\"><i class=\"fa-fusion-box active-icon awb-icon-minus\" aria-hidden=\"true\"><\/i><i class=\"fa-fusion-box inactive-icon awb-icon-plus\" aria-hidden=\"true\"><\/i><\/span><span class=\"fusion-toggle-heading\">Grundausr\u00fcstung <\/span><\/a><\/h4><\/div><div id=\"d2322467c2f021520\" class=\"panel-collapse collapse \" aria-labelledby=\"toggle_d2322467c2f021520\"><div class=\"panel-body toggle-content fusion-clearfix\">\u2013 hydraulischer Antrieb f\u00fcr die Dosierwalze und das F\u00f6rderband<br \/>\n\u2013 800 mm breites F\u00f6rderband<br \/>\n\u2013 Einblasrohr (3\u2033)<br \/>\n\u2013 Abluftrohr (120 mm) und \u00dcberdruckklappe<br \/>\n\u2013 Stufenlose Streumengeneinstellung<br \/>\n\u2013 Dosierschieber<br \/>\n\u2013 Dosierwalze mit gro\u00dfer Streupr\u00e4zision<br \/>\n\u2013 Bremsanlage<br \/>\n\u2013 Zugdeichsel mit Oben- oder Untenanh\u00e4ngung<br \/>\n\u2013 gefederte Deichsel<br \/>\n\u2013 Lade- oder Revisions\u00f6ffnungen<br \/>\n\u2013 Entlastungsdach f\u00fcr das Transportband<br \/>\n\u2013 Staub- mit Regenschutz Verteilerschnecke oberhalb der Dosierwalze<br \/>\n\u2013 Dosierwalze mit Drehzahlmesser<br \/>\n\u2013 Beleuchtungspaket<br \/>\n\u2013 Auffangwanne<br \/>\n\u2013 Aufstiegsleiter<br \/>\n\u2013 Weitwinkel-Gelenkwelle<br \/>\n\u2013 St\u00fctzwinde<br \/>\n\u2013 Bedieneinheit<br \/>\n\u2013 Verteilerschnecken sind oberhalb der Dosierwalze angebracht zur gleichm\u00e4\u00dfigen Verteilung des Streumaterials \u00fcber die gesamte Arbeitsbreite<\/div><\/div><\/div><div class=\"fusion-panel panel-default panel-72834f0fe4b8af055 fusion-toggle-has-divider\"><div class=\"panel-heading\"><h4 class=\"panel-title toggle\" id=\"toggle_72834f0fe4b8af055\"><a aria-expanded=\"false\" aria-controls=\"72834f0fe4b8af055\" role=\"button\" data-toggle=\"collapse\" data-parent=\"#accordion-5484-1\" data-target=\"#72834f0fe4b8af055\" href=\"#72834f0fe4b8af055\"><span class=\"fusion-toggle-icon-wrapper\" aria-hidden=\"true\"><i class=\"fa-fusion-box active-icon awb-icon-minus\" aria-hidden=\"true\"><\/i><i class=\"fa-fusion-box inactive-icon awb-icon-plus\" aria-hidden=\"true\"><\/i><\/span><span class=\"fusion-toggle-heading\">Maschinen Typen<\/span><\/a><\/h4><\/div><div id=\"72834f0fe4b8af055\" class=\"panel-collapse collapse \" aria-labelledby=\"toggle_72834f0fe4b8af055\"><div class=\"panel-body toggle-content fusion-clearfix\"><a title=\"Kuxmann Bindemittelstreuer-technische-Daten\" href=\"https:\/\/kuxmann.de\/wp-content\/uploads\/BMS-5M-14M-Bindemittelstreuer-technische-Daten.jpg\" rel=\"prettyPhoto\"><img decoding=\"async\" class=\"alignleft\" src=\"https:\/\/kuxmann.de\/wp-content\/uploads\/BMS-5M-14M-Bindemittelstreuer-technische-Daten.jpg\" alt=\"Kuxmann Binding agent spreader - technical details\" width=\"1065\" height=\"391\" \/><\/a><\/p>\n<p>Weitere Gr\u00f6\u00dfen auf Anfrage.<\/div><\/div><\/div><\/div><\/div><div class=\"fusion-clearfix\"><\/div><\/div><\/div><\/div><\/div><div class=\"fusion-fullwidth fullwidth-box fusion-builder-row-6 nonhundred-percent-fullwidth non-hundred-percent-height-scrolling\" style=\"--awb-background-position:left top;--awb-border-radius-top-left:0px;--awb-border-radius-top-right:0px;--awb-border-radius-bottom-right:0px;--awb-border-radius-bottom-left:0px;--awb-padding-top:20px;--awb-border-sizes-top:0px;--awb-border-sizes-bottom:0px;--awb-flex-wrap:wrap;\" ><div class=\"fusion-builder-row fusion-row\"><div class=\"fusion-layout-column fusion_builder_column fusion-builder-column-8 fusion_builder_column_1_1 1_1 fusion-one-full fusion-column-first fusion-column-last fusion-column-no-min-height\" style=\"--awb-bg-size:cover;--awb-margin-bottom:0px;\"><div class=\"fusion-column-wrapper fusion-flex-column-wrapper-legacy\"><div class=\"fusion-text fusion-text-8\"><h2 data-fontsize=\"20\" data-lineheight=\"27\"><strong>Galerie<\/strong><\/h2>\n<\/div><div class=\"fusion-sep-clear\"><\/div><div class=\"fusion-separator fusion-full-width-sep\" style=\"margin-left: auto;margin-right: auto;margin-top:0px;margin-bottom:0px;width:100%;\"><div class=\"fusion-separator-border sep-single sep-solid\" style=\"--awb-height:20px;--awb-amount:20px;--awb-sep-color:#325928;border-color:#325928;border-top-width:3px;\"><\/div><\/div><div class=\"fusion-sep-clear\"><\/div><div class=\"fusion-clearfix\"><\/div><\/div><\/div><div class=\"fusion-layout-column fusion_builder_column fusion-builder-column-9 fusion_builder_column_1_1 1_1 fusion-one-full fusion-column-first fusion-column-last\" style=\"--awb-bg-size:cover;\"><div class=\"fusion-column-wrapper fusion-flex-column-wrapper-legacy\"><div class=\"fusion-text fusion-text-9\"><p>[maxgallery id=&#8220;1881&#8243;]<\/p>\n<\/div><div class=\"fusion-clearfix\"><\/div><\/div><\/div><\/div><\/div><div class=\"fusion-fullwidth fullwidth-box fusion-builder-row-7 nonhundred-percent-fullwidth non-hundred-percent-height-scrolling\" style=\"--awb-background-position:left top;--awb-border-radius-top-left:0px;--awb-border-radius-top-right:0px;--awb-border-radius-bottom-right:0px;--awb-border-radius-bottom-left:0px;--awb-padding-top:-20px;--awb-padding-bottom:20px;--awb-border-sizes-top:0px;--awb-border-sizes-bottom:0px;--awb-flex-wrap:wrap;\" ><div class=\"fusion-builder-row fusion-row\"><div class=\"fusion-layout-column fusion_builder_column fusion-builder-column-10 fusion_builder_column_1_1 1_1 fusion-one-full fusion-column-first fusion-column-last\" style=\"--awb-bg-size:cover;\"><div class=\"fusion-column-wrapper fusion-flex-column-wrapper-legacy\"><div class=\"fusion-title title fusion-title-1 fusion-title-text fusion-title-size-two\"><h2 class=\"fusion-title-heading title-heading-left fusion-responsive-typography-calculated\" style=\"margin:0;--fontSize:20;--minFontSize:20;line-height:1.35;\">Unsere Produkte<\/h2><span class=\"awb-title-spacer\"><\/span><div class=\"title-sep-container\"><div class=\"title-sep sep-double sep-solid\" style=\"border-color:#e0dede;\"><\/div><\/div><\/div><div class=\"fusion-image-carousel fusion-image-carousel-auto fusion-image-carousel-1 fusion-carousel-border\"><div class=\"awb-carousel awb-swiper awb-swiper-carousel\" data-autoplay=\"yes\" data-columns=\"4\" data-itemmargin=\"13\" data-itemwidth=\"180\" data-touchscroll=\"no\" data-imagesize=\"auto\" data-scrollitems=\"1\" style=\"--awb-columns:4;\"><div class=\"swiper-wrapper awb-image-carousel-wrapper fusion-flex-align-items-center\"><div class=\"swiper-slide\"><div class=\"fusion-carousel-item-wrapper\"><div class=\"fusion-image-wrapper hover-type-liftup\"><a href=\"https:\/\/kuxmann.de\/de\/produkte\/der-besander-kurier\/\" target=\"_self\"><img decoding=\"async\" src=\"https:\/\/kuxmann.de\/wp-content\/uploads\/KUXMANN_Besander_Golfplatzstreuer_Sandstreuer_preview_2016.jpg\" alt=\"Kuxmann Sand spreader\"\/><\/a><\/div><\/div><\/div><div class=\"swiper-slide\"><div class=\"fusion-carousel-item-wrapper\"><div class=\"fusion-image-wrapper hover-type-liftup\"><a href=\"https:\/\/kuxmann.de\/de\/produkte\/der-kurier-kalkstreuer\/\" target=\"_self\"><img decoding=\"async\" src=\"https:\/\/kuxmann.de\/wp-content\/uploads\/KUXMANN_Kalkstreuer__Lime-spreader_preview_2016.jpg\" alt=\"KUXMANN KURIER Lime spreader\"\/><\/a><\/div><\/div><\/div><div class=\"swiper-slide\"><div class=\"fusion-carousel-item-wrapper\"><div class=\"fusion-image-wrapper hover-type-liftup\"><a href=\" https:\/\/kuxmann.de\/de\/produkte\/der-kurier-kalkstreuer\/\" target=\"_self\"><img decoding=\"async\" src=\"https:\/\/kuxmann.de\/wp-content\/uploads\/KUXMANN_Kalkstreuer_Schneckenstreuer_Schneckenstreuwerk_9m_preview_2016.jpg\" alt=\"KUXMANN Lime spreader - Auger module\"\/><\/a><\/div><\/div><\/div><div class=\"swiper-slide\"><div class=\"fusion-carousel-item-wrapper\"><div class=\"fusion-image-wrapper hover-type-liftup\"><a href=\" https:\/\/kuxmann.de\/de\/produkte\/der-kurier-duengerstreuer\/ \" target=\"_self\"><img decoding=\"async\" src=\"https:\/\/kuxmann.de\/wp-content\/uploads\/KUXMANN_Gro\u00dffl\u00e4chenstreuer_Gro\u00dffl\u00e4chend\u00fcngerstreuer_D\u00fcngerstreuer_preview_2016.jpg\" alt=\"KUXMANN KURIER Large-area spreader\"\/><\/a><\/div><\/div><\/div><div class=\"swiper-slide\"><div class=\"fusion-carousel-item-wrapper\"><div class=\"fusion-image-wrapper hover-type-liftup\"><a href=\" https:\/\/kuxmann.de\/de\/produkte\/bms-bindemittelstreuer-anhaengestreuer\" target=\"_self\"><img decoding=\"async\" src=\"https:\/\/kuxmann.de\/wp-content\/uploads\/KUXMANN_BMS_Bindemittelstreuer_gezogen_preview_2016.jpg\" alt=\"KUXMANN Binding agent spreader\"\/><\/a><\/div><\/div><\/div><div class=\"swiper-slide\"><div class=\"fusion-carousel-item-wrapper\"><div class=\"fusion-image-wrapper hover-type-liftup\"><a href=\"https:\/\/kuxmann.de\/de\/produkte\/bindemittelstreuer-bms-drei-punkt-anbaustreuer\" target=\"_self\"><img decoding=\"async\" src=\"https:\/\/kuxmann.de\/wp-content\/uploads\/KUXMANN_BMS_Bindemittelstreuer_angebaut_Anbaustreuer_preview_2016.jpg\" alt=\"KUXMANN BMS Binding agent spreader\"\/><\/a><\/div><\/div><\/div><div class=\"swiper-slide\"><div class=\"fusion-carousel-item-wrapper\"><div class=\"fusion-image-wrapper hover-type-liftup\"><a href=\"https:\/\/kuxmann.de\/de\/produkte\/bms-bindemittelstreuer-aufbaustreuer\" target=\"_self\"><img decoding=\"async\" src=\"https:\/\/kuxmann.de\/wp-content\/uploads\/KUXMANN_BMS_Bindemittelstreuer_aufgebaut_Aufbaustreuer_preview_2016.jpg\" alt=\"BMS Bindemittelstreuer aufgebaut\"\/><\/a><\/div><\/div><\/div><\/div><div class=\"awb-swiper-button awb-swiper-button-prev\"><i class=\"awb-icon-angle-left\" aria-hidden=\"true\"><\/i><\/div><div class=\"awb-swiper-button awb-swiper-button-next\"><i class=\"awb-icon-angle-right\" aria-hidden=\"true\"><\/i><\/div><\/div><\/div><div class=\"fusion-clearfix\"><\/div><\/div><\/div><\/div><\/div><div class=\"fusion-fullwidth fullwidth-box fusion-builder-row-8 hundred-percent-fullwidth non-hundred-percent-height-scrolling\" style=\"--awb-border-radius-top-left:0px;--awb-border-radius-top-right:0px;--awb-border-radius-bottom-right:0px;--awb-border-radius-bottom-left:0px;--awb-overflow:visible;--awb-flex-wrap:wrap;\" ><div class=\"fusion-builder-row fusion-row\"><div class=\"fusion-layout-column fusion_builder_column fusion-builder-column-11 fusion_builder_column_1_1 1_1 fusion-one-full fusion-column-first fusion-column-last fusion-column-no-min-height\" style=\"--awb-bg-size:cover;--awb-margin-bottom:0px;\"><div class=\"fusion-column-wrapper fusion-flex-column-wrapper-legacy\"><div class=\"fusion-alignleft\"><a class=\"fusion-button button-flat fusion-button-default-size button-darkgreen fusion-button-darkgreen button-1 fusion-button-default-span fusion-button-default-type\" target=\"_self\" href=\"https:\/\/kuxmann.de\/de\/kontakt\/\"><span class=\"fusion-button-text\"><strong>Kontaktieren Sie uns f\u00fcr Ihr pers\u00f6nliches Angebot<\/strong><\/span><\/a><\/div><div class=\"fusion-clearfix\"><\/div><\/div><\/div><\/div><\/div><\/p>\n","protected":false},"excerpt":{"rendered":"","protected":false},"author":2,"featured_media":0,"parent":250,"menu_order":0,"comment_status":"closed","ping_status":"closed","template":"","meta":{"footnotes":""},"class_list":["post-5484","page","type-page","status-publish","hentry"],"_links":{"self":[{"href":"https:\/\/kuxmann.de\/de\/wp-json\/wp\/v2\/pages\/5484"}],"collection":[{"href":"https:\/\/kuxmann.de\/de\/wp-json\/wp\/v2\/pages"}],"about":[{"href":"https:\/\/kuxmann.de\/de\/wp-json\/wp\/v2\/types\/page"}],"author":[{"embeddable":true,"href":"https:\/\/kuxmann.de\/de\/wp-json\/wp\/v2\/users\/2"}],"replies":[{"embeddable":true,"href":"https:\/\/kuxmann.de\/de\/wp-json\/wp\/v2\/comments?post=5484"}],"version-history":[{"count":0,"href":"https:\/\/kuxmann.de\/de\/wp-json\/wp\/v2\/pages\/5484\/revisions"}],"up":[{"embeddable":true,"href":"https:\/\/kuxmann.de\/de\/wp-json\/wp\/v2\/pages\/250"}],"wp:attachment":[{"href":"https:\/\/kuxmann.de\/de\/wp-json\/wp\/v2\/media?parent=5484"}],"curies":[{"name":"wp","href":"https:\/\/api.w.org\/{rel}","templated":true}]}}