{"id":5793,"date":"2018-04-26T22:51:43","date_gmt":"2018-04-26T20:51:43","guid":{"rendered":"https:\/\/kuxmann.de\/?page_id=5793"},"modified":"2019-11-20T22:09:12","modified_gmt":"2019-11-20T20:09:12","slug":"datenschutz","status":"publish","type":"page","link":"https:\/\/kuxmann.de\/de\/datenschutz\/","title":{"rendered":"Datenschutz"},"content":{"rendered":"<p><div class=\"fusion-fullwidth fullwidth-box fusion-builder-row-1 nonhundred-percent-fullwidth non-hundred-percent-height-scrolling\" style=\"--awb-border-radius-top-left:0px;--awb-border-radius-top-right:0px;--awb-border-radius-bottom-right:0px;--awb-border-radius-bottom-left:0px;--awb-flex-wrap:wrap;\" ><div class=\"fusion-builder-row fusion-row\"><div class=\"fusion-layout-column fusion_builder_column fusion-builder-column-0 fusion_builder_column_1_1 1_1 fusion-one-full fusion-column-first fusion-column-last\" style=\"--awb-bg-size:cover;\"><div class=\"fusion-column-wrapper fusion-flex-column-wrapper-legacy\"><div class=\"fusion-text fusion-text-1\"><h1 class=\"page-header\" style=\"text-align: left;\">Datenschutz<\/h1>\n<div class=\"lead\" style=\"text-align: left;\">\n<div id=\"c1512\">\n<div class=\"ce-textpic ce-right ce-intext\">\n<div class=\"ce-bodytext\">\n<div class=\"col-xs-12 col-md-10\">\n<p><strong>Wir freuen uns \u00fcber Ihren Besuch auf unserer Webseite sowie \u00fcber Ihr Interesse an unserem Unternehmen. Wir verstehen Datenschutz als kunden orientiertes Qualit\u00e4tsmerkmal. Der Schutz Ihrer pers\u00f6nlichen Daten und die Wahrung Ihres Pers\u00f6nlichkeitsrechts sind uns wichtig. Wir verarbeiten und nutzen pers\u00f6nliche Daten, die beim Besuch unserer Webseiten erhoben werden, gem\u00e4\u00df den jeweils aktuellen gesetzlichen Bestimmungen zum Schutz personenbezogener Daten. Unsere Webseiten k\u00f6nnen Links zu Webseiten anderer Anbieter enthalten, auf die sich diese Datenschutzerkl\u00e4rung nicht erstreckt.<\/strong><\/p>\n<\/div>\n<\/div>\n<\/div>\n<\/div>\n<\/div>\n<\/div><div class=\"fusion-clearfix\"><\/div><\/div><\/div><\/div><\/div><div class=\"fusion-fullwidth fullwidth-box fusion-builder-row-2 nonhundred-percent-fullwidth non-hundred-percent-height-scrolling\" style=\"--awb-border-radius-top-left:0px;--awb-border-radius-top-right:0px;--awb-border-radius-bottom-right:0px;--awb-border-radius-bottom-left:0px;--awb-flex-wrap:wrap;\" ><div class=\"fusion-builder-row fusion-row\"><div class=\"fusion-layout-column fusion_builder_column fusion-builder-column-1 fusion_builder_column_1_1 1_1 fusion-one-full fusion-column-first fusion-column-last\" style=\"--awb-bg-size:cover;\"><div class=\"fusion-column-wrapper fusion-flex-column-wrapper-legacy\"><div class=\"fusion-builder-row fusion-builder-row-inner fusion-row\"><div class=\"fusion-layout-column fusion_builder_column_inner fusion-builder-nested-column-0 fusion_builder_column_inner_3_4 3_4 fusion-three-fourth fusion-column-first\" style=\"--awb-bg-size:cover;width:75%;width:calc(75% - ( ( 4% ) * 0.75 ) );margin-right: 4%;\"><div class=\"fusion-column-wrapper fusion-flex-column-wrapper-legacy\"><div class=\"fusion-text fusion-text-2\"><h2>Erhebung und Verarbeitung pers\u00f6nlicher Daten<\/h2>\n<p>Wenn Sie unsere Webseiten besuchen, speichern unsere Webserver standardm\u00e4\u00dfig technische Zugriffsdaten wie IP-Adresse des Rechners, der die Daten angefordert hat, die Objekte, die Sie bei uns angefragt und abgerufen haben sowie Datum und Uhrzeit der Anforderung. Diese Daten k\u00f6nnen jedoch nicht einer bestimmten Person zugeordnet werden. Wir verwenden diese technischen Zugriffsinformationen ausschlie\u00dflich, um die Attraktivit\u00e4t und Bedienbarkeit unserer Webseiten zu verbessern und ggf. technische Probleme auf unserer Webseite fr\u00fchzeitig zu erkennen.<\/p>\n<p>Gem\u00e4\u00df dem Grundsatz der Datenvermeidung und Datensparsamkeit erheben und speichern wir pers\u00f6nliche Daten nur, wenn sie f\u00fcr den von Ihnen gew\u00fcnschten Zweck zwingend erforderlich sind und Sie diese von sich aus angegeben haben. Ihre pers\u00f6nlichen Daten verwenden wir, um Ihren Auftrag zu bearbeiten, Ihre Anfrage zu beantworten, Ihnen Zugang zu speziellen Informationen und Angeboten zu verschaffen oder Ihnen besondere Dienste zu erbringen.<\/p>\n<h2>Nutzung und Weitergabe pers\u00f6nlicher Daten und Zweckbindung<\/h2>\n<p>Wir verwenden Ihre pers\u00f6nlichen Daten nur zu den auf dieser Informationsseite zum Datenschutz angef\u00fchrten Zwecken. Dar\u00fcber hinaus werden personenbezogene Daten nur dann von uns erhoben, verarbeitet oder genutzt, wenn es nach sorgf\u00e4ltiger Abw\u00e4gung aller Interessen zur Wahrung der berechtigten gesch\u00e4ftlichen Interessen der Rainer Kuxmann Landmaschinen GmbH erforderlich ist.<\/p>\n<p>Wir werden die von Ihnen \u00fcbermittelten pers\u00f6nlichen Daten ohne Ihre ausdr\u00fcckliche Zustimmung nur in dem f\u00fcr eine Auftragsdurchf\u00fchrung erforderlichen Ma\u00df an daran beteiligte Tochtergesellschaften bzw. Gesch\u00e4ftspartner \u00fcbermitteln, aber nicht an sonstige Dritte weitergeben und insbesondere nicht an gewerbliche Nutzer verkaufen oder diesen in anderer Form zur Nutzung \u00fcberlassen.<\/p>\n<h2>Auskunft, \u00c4nderung und L\u00f6schung Ihrer Daten<\/h2>\n<p>Sie k\u00f6nnen jederzeit schriftlich gem\u00e4\u00df dem geltenden Recht anfragen, ob und welche pers\u00f6nlichen Daten \u00fcber Sie bei uns gespeichert sind. Wir werden Ihnen dann eine entsprechende Mitteilung zusenden. Bitte richten Sie Ihre Anfragen an unseren Beauftragten f\u00fcr den Datenschutz (siehe rechts). \u00dcber ihn k\u00f6nnen Sie auch Berichtigungen und L\u00f6schungen Ihrer Daten veranlassen.<\/p>\n<h2>Cookies<\/h2>\n<p>Die Internetseiten verwenden an mehreren Stellen so genannte Cookies. Sie dienen dazu, unser Angebot nutzerfreundlicher, effektiver und sicherer zu machen. Cookies sind kleine Textdateien, die auf Ihrem Rechner abgelegt werden und die Ihr Browser speichert. Die meisten der von uns verwendeten Cookies sind so genannte \u201eSession-Cookies\u201c. Sie werden nach Ende Ihres Besuchs automatisch gel\u00f6scht. Cookies richten auf Ihrem Rechner keinen Schaden an und enthalten keine Viren.<\/p>\n<p>Mehr \u00fcber Cookies k\u00f6nnen Sie auch hier lesen:\u00a0<a href=\"http:\/\/www.allaboutcookies.org\/ge\/\">allaboutcookies.org\/<\/a><\/p>\n<p>Auf unserer Internetseite setzen wir die datenschutzfreundliche Social Media L\u00f6sung des c&#8217;t Projektes &#8222;<a href=\"http:\/\/www.heise.de\/ct\/artikel\/2-Klicks-fuer-mehr-Datenschutz-1333879.html\">2 Klicks f\u00fcr mehr Datenschutz<\/a>&#8220; ein. Damit werden keine Verbindungen zu facebook, Google oder Twitter ohne Ihre Einwilligung hergestellt.<\/p>\n<h2>Verwendung von Facebook Social Plugins<\/h2>\n<p>Unser Internetauftritt verwendet Social Plugins (&#8222;Plugins&#8220;) \u00a0des sozialen Netzwerkes facebook.com, welches von der Ireland Ltd, Hanover Reach, 5-7 Hanover Quay 2 Dublin, IRELAND betrieben wird (&#8222;Facebook&#8220;). Die Plugins sind mit einem Facebook Logo oder dem Zusatz &#8222;Facebook Social Plugin&#8220; gekennzeichnet. Wenn Sie eine Webseite unseres Internetauftritts aufrufen, die ein solches Plugin enth\u00e4lt, baut Ihr Browser eine direkte Verbindung mit den Servern von Facebook auf. Der Inhalt des Plugins wird von Facebook direkt an Ihren Browser \u00fcbermittelt und von diesem in die Webseite eingebunden.<\/p>\n<p>Durch die Einbindung der Plugins erh\u00e4lt Facebook die Information, dass Sie die entsprechende Seite unseres Internetauftritts aufgerufen haben. Sind Sie bei Facebook eingeloggt kann Facebook den Besuch Ihrem Facebook-Konto zuordnen. Wenn Sie mit den Plugins interagieren, zum Beispiel den &#8222;Gef\u00e4llt mir&#8220; Button bet\u00e4tigen oder einen Kommentar abgeben, wird die entsprechende Information von Ihrem Browser direkt an Facebook \u00fcbermittelt und dort gespeichert. Zweck und Umfang der Datenerhebung und die weitere Verarbeitung und Nutzung der Daten durch Facebook sowie Ihre diesbez\u00fcglichen Rechte und Einstellungsm\u00f6glichkeiten zum Schutz Ihrer Privatssph\u00e4re entnehmen Sie bitte den\u00a0<a href=\"http:\/\/www.facebook.com\/policy.php\">Datenschutzhinweisen von Facebook<\/a>. Wenn Sie nicht m\u00f6chten, dass Facebook \u00fcber unseren Internetauftritt Daten \u00fcber Sie sammelt, m\u00fcssen Sie sich vor Ihrem Besuch unseres Internetauftritts bei Facebook ausloggen.<\/p>\n<h2>Google+1 Button<\/h2>\n<p>Diese Website verwendet die \u201c+1\u2033-Schaltfl\u00e4che des sozialen Netzwerkes Google Plus, welches von der Google Inc., 1600 Amphitheatre Parkway, Mountain View, CA 94043, United States betrieben wird (\u201cGoogle\u201d). Der Button ist an dem Zeichen \u201c+1\u2033 auf wei\u00dfem oder farbigen Hintergrund erkennbar.<\/p>\n<p>Wenn Sie eine Webseite unseres Internetauftritts aufrufen, die eine solche Schaltfl\u00e4che enth\u00e4lt, baut Ihr Browser eine direkte Verbindung mit den Servern von Google auf. Der Inhalt der \u201c+1\u2033-Schaltfl\u00e4che wird von Google direkt an Ihren Browser \u00fcbermittelt und von diesem in die Webseite eingebunden. Wir haben daher keinen Einfluss auf den Umfang der Daten, die Google mit der Schaltfl\u00e4che erhebt, gehen jedoch davon aus, dass Ihre IP-Adresse mit erfasst wird.<\/p>\n<p>Zweck und Umfang der Datenerhebung und die weitere Verarbeitung und Nutzung der Daten durch Google sowie Ihre diesbez\u00fcglichen Rechte und Einstellungsm\u00f6glichkeiten zum Schutz Ihrer Privatsph\u00e4re entnehmen Sie bitte Googles Datenschutzhinweisen zu der \u201c+1\u2033-Schaltfl\u00e4che:\u00a0<a href=\"http:\/\/www.google.com\/intl\/de\/+\/policy\/+1button.html\">www.google.com\/intl\/de\/+\/policy\/+1button.html<\/a><\/p>\n<p>Wenn Sie Google Plus-Mitglied sind und nicht m\u00f6chten, dass Google \u00fcber unseren Internetauftritt Daten \u00fcber Sie sammelt und mit Ihren bei Google gespeicherten Mitgliedsdaten verkn\u00fcpft, m\u00fcssen Sie sich vor Ihrem Besuch unseres Internetauftritts bei Google Plus ausloggen.<\/p>\n<h2>Datenschutzerkl\u00e4rung \u00fcber die Verarbeitung personenbezogener Daten im Rahmen von Google Analytics:<\/h2>\n<p>Diese Website benutzt Google Analytics, einen Webanalysedienst der Google Inc. (\u201cGoogle\u201d). Google Analytics verwendet sog. \u201cCookies\u201d, Textdateien, die auf Ihrem Computer gespeichert werden und die eine Analyse der Benutzung der Website durch Sie erm\u00f6glichen. Die durch den Cookie erzeugten Informationen \u00fcber Ihre Benutzung dieser Website werden in der Regel an einen Server von Google in den USA \u00fcbertragen und dort gespeichert. Im Falle der Aktivierung der IP-Anonymisierung auf dieser Webseite, wird Ihre IP-Adresse von Google jedoch innerhalb von Mitgliedstaaten der Europ\u00e4ischen Union oder in anderen Vertragsstaaten des Abkommens \u00fcber den Europ\u00e4ischen Wirtschaftsraum zuvor gek\u00fcrzt. Nur in Ausnahmef\u00e4llen wird die volle IP-Adresse an einen Server von Google in den USA \u00fcbertragen und dort gek\u00fcrzt. Im Auftrag des Betreibers dieser Website wird Google diese Informationen benutzen, um Ihre Nutzung der Website auszuwerten, um Reports \u00fcber die Websiteaktivit\u00e4ten zusammenzustellen und um weitere mit der Websitenutzung und der Internetnutzung verbundene Dienstleistungen gegen\u00fcber dem Websitebetreiber zu erbringen. Die im Rahmen von Google Analytics von Ihrem Browser \u00fcbermittelte IP-Adresse wird nicht mit anderen Daten von Google zusammengef\u00fchrt. Sie k\u00f6nnen die Speicherung der Cookies durch eine entsprechende Einstellung Ihrer Browser-Software verhindern; wir weisen Sie jedoch darauf hin, dass Sie in diesem Fall gegebenenfalls nicht s\u00e4mtliche Funktionen dieser Website vollumf\u00e4nglich werden nutzen k\u00f6nnen. Sie k\u00f6nnen dar\u00fcber hinaus die Erfassung der durch das Cookie erzeugten und auf Ihre Nutzung der Website bezogenen Daten (inkl. Ihrer IP-Adresse) an Google sowie die Verarbeitung dieser Daten durch Google verhindern, indem sie das unter dem folgenden Link verf\u00fcgbare Browser-Plugin herunterladen und installieren:\u00a0<a href=\"http:\/\/tools.google.com\/dlpage\/gaoptout?hl=de\">tools.google.com\/dlpage\/gaoptout<\/a>.<\/p>\n<p>Wir weisen Sie darauf hin, dass auf dieser Webseite Google Analytics um den Code \u201egat._anonymizeIp();\u201c erweitert wurde, um eine anonymisierte Erfassung von IP-Adressen (sog. IP-Masking) zu gew\u00e4hrleisten.<\/p>\n<h2>Sicherheit Ihrer Daten<\/h2>\n<p>Die von Ihnen \u00fcbermittelten Daten werden bei uns durch geeignete technische und organisatorische Mittel gesch\u00fctzt, um sie vor zuf\u00e4lligen oder vors\u00e4tzlichen Manipulationen, Verlust, Zerst\u00f6rung oder Zugriff unberechtigter Personen zu sch\u00fctzen. Unsere Sicherheitsma\u00dfnahmen werden entsprechend der technologischen Entwicklung und organisatorischer M\u00f6glichkeiten fortlaufend kontrolliert und verbessert.<\/p>\n<\/div><div class=\"fusion-clearfix\"><\/div><\/div><\/div><div class=\"fusion-layout-column fusion_builder_column_inner fusion-builder-nested-column-1 fusion_builder_column_inner_1_4 1_4 fusion-one-fourth fusion-column-last\" style=\"--awb-bg-size:cover;width:25%;width:calc(25% - ( ( 4% ) * 0.25 ) );\"><div class=\"fusion-column-wrapper fusion-flex-column-wrapper-legacy\"><i class=\"fb-icon-element-1 fb-icon-element fontawesome-icon fa-unlock-alt fas circle-yes fusion-text-flow\" style=\"--awb-circlebordersize:1px;--awb-font-size:28.16px;--awb-width:56.32px;--awb-height:56.32px;--awb-line-height:54.32px;--awb-margin-right:16px;\"><\/i><div class=\"fusion-text fusion-text-3\"><h2 style=\"text-align: left;\">Kontakt und Postanschrift:<\/h2>\n<p style=\"text-align: left;\">Rainer Kuxmann Landmaschinen GmbH<br \/>\nZV\/Datenschutz<br \/>\nAm Sportplatz 30<br \/>\n33619 Bielefeld<\/p>\n<p><strong>E-Mail:<\/strong> <a href=\"mailto:datenschutz@kuxmann.de\">datenschutz@kuxmann.de<\/a><\/p>\n<\/div><div class=\"fusion-clearfix\"><\/div><\/div><\/div><\/div><div class=\"fusion-clearfix\"><\/div><\/div><\/div><\/div><\/div><\/p>\n","protected":false},"excerpt":{"rendered":"","protected":false},"author":1,"featured_media":0,"parent":0,"menu_order":0,"comment_status":"closed","ping_status":"closed","template":"","meta":{"footnotes":""},"class_list":["post-5793","page","type-page","status-publish","hentry"],"_links":{"self":[{"href":"https:\/\/kuxmann.de\/de\/wp-json\/wp\/v2\/pages\/5793"}],"collection":[{"href":"https:\/\/kuxmann.de\/de\/wp-json\/wp\/v2\/pages"}],"about":[{"href":"https:\/\/kuxmann.de\/de\/wp-json\/wp\/v2\/types\/page"}],"author":[{"embeddable":true,"href":"https:\/\/kuxmann.de\/de\/wp-json\/wp\/v2\/users\/1"}],"replies":[{"embeddable":true,"href":"https:\/\/kuxmann.de\/de\/wp-json\/wp\/v2\/comments?post=5793"}],"version-history":[{"count":0,"href":"https:\/\/kuxmann.de\/de\/wp-json\/wp\/v2\/pages\/5793\/revisions"}],"wp:attachment":[{"href":"https:\/\/kuxmann.de\/de\/wp-json\/wp\/v2\/media?parent=5793"}],"curies":[{"name":"wp","href":"https:\/\/api.w.org\/{rel}","templated":true}]}}