{"id":66,"date":"2012-10-19T15:03:48","date_gmt":"2012-10-19T13:03:48","guid":{"rendered":"http:\/\/Der%20KurierSchon%20seit%20vielen%20Jahren%20ist%20der%20KUXMANN%20Kurier%20das%20erfolgreichste%20Produkt%20unseres%20Hauses.%20Durch%20die%20besondere%20Belastbarkeit%20und%20die%20vielseitigen%20Einsatzm\u00f6glichkeiten,"},"modified":"2017-04-21T02:04:23","modified_gmt":"2017-04-21T00:04:23","slug":"deutsch-grosflachenstreuer","status":"publish","type":"page","link":"https:\/\/kuxmann.de\/de\/deutsch-grosflachenstreuer\/","title":{"rendered":"Gro\u00dffl\u00e4chenstreuer"},"content":{"rendered":"<h2><strong>Der Kurier<\/strong><\/h2>\n<p style=\"text-align: justify;\"><strong>Schon seit vielen Jahren ist der KUXMANN Kurier das erfolgreichste Produkt unseres Hauses.<\/strong> Durch die besondere Belastbarkeit und die vielseitigen Einsatzm\u00f6glichkeiten, hat er sich im Einsatz bew\u00e4hrt. Schon bei der Entwicklung des Kurier wurde darauf geachtet, dass Bedienung und Wartung einfach sind. Das er vielseitig ist und sich allen Begebenheiten anpassen kann. Das beweist auch die Tatsache, dass der KUXMANN Kurier nicht nur in Deutschland, sondern auch weltweit, seinen verdienten Platz am Markt eingenommen hat.<\/p>\n<h3>F\u00fcr jeden Betreib die optimale Streutechnik<\/h3>\n<p>+ Robuste und technisch ausgereifte Konstruktion f\u00fcr den Dauereinsatz<br \/>\n+ Problemlose Handhabung<br \/>\n+ Besonders Wartungsfreundlich<\/p>\n<p>= <strong>Darum die ideale Maschine f\u00fcr den \u00fcberbetrieblichen Einsatz und f\u00fcr alle landwirtschaftlichen Nutzfl\u00e4chen!<\/strong><\/p>\n<p>Die Kurier-Baureihe ist so konzippiert, da\u00df jederzeit Sonderausf\u00fchrungen m\u00f6glich sind. Ob Sie einen Aufbaustreuer w\u00fcnschen, eine \u00c4nderung in der Kastenh\u00f6he oder eine ver\u00e4nderte Anh\u00e4ngung ben\u00f6tigen. Wir beraten Sie gerne.<\/p>\n<h3>Die Bezeichung des Kurier:<\/h3>\n<p><strong><span style=\"text-decoration: underline;\">Der Kurier kann mit verschiedensten K\u00e4sten aufbegaut werden, ganz nach Kundenwunsch. <\/span><\/strong><\/p>\n<p>F\u00fcr jeden Kasten-Typ gibt es eine eigene Bezeichnung. So zum Beispiel K 8000. Dieser Kurier hat ein standatisiertes Ladevolumen von 5,3m\u00b3 und ein Gesamtgewicht von 8t. Der K 12000 ist die n\u00e4chst gr\u00f6\u00dfere Ausf\u00fchrung mit einem Volumen von 8m\u00b3 und 12t. Weitere Ausf\u00fchrungen sind der K 14000 und\u00a0K 18000, welcher bis zu 18m\u00b3 zuladen kann.<\/p>\n<h4><\/h4>\n<h5><strong>Technische Daten<\/strong><\/h5>\n<p>Bereifung: Einachser und Tandem<!--:--><!--:en--><\/p>\n<div class=\"fusion-fullwidth fullwidth-box fusion-builder-row-1 hundred-percent-fullwidth non-hundred-percent-height-scrolling\" style=\"--awb-border-radius-top-left:0px;--awb-border-radius-top-right:0px;--awb-border-radius-bottom-right:0px;--awb-border-radius-bottom-left:0px;--awb-overflow:visible;--awb-flex-wrap:wrap;\" ><div class=\"fusion-builder-row fusion-row\"><div class=\"fusion-layout-column fusion_builder_column fusion-builder-column-0 fusion_builder_column_1_1 1_1 fusion-one-full fusion-column-first fusion-column-last fusion-column-no-min-height\" style=\"--awb-bg-size:cover;--awb-margin-bottom:0px;\"><div class=\"fusion-column-wrapper fusion-flex-column-wrapper-legacy\"><div class=\"fusion-recent-works fusion-portfolio-element fusion-portfolio fusion-portfolio-1 fusion-portfolio-grid fusion-portfolio-paging-pagination fusion-portfolio-three fusion-portfolio-no_text fusion-portfolio-rollover\" data-id=\"-rw-1\" data-columns=\"three\"><style type=\"text\/css\">.fusion-portfolio-1 .fusion-portfolio-wrapper .fusion-col-spacing{padding:6px;}<\/style><div class=\"fusion-portfolio-wrapper\" id=\"fusion-portfolio-1\" data-picturesize=\"cropped\" data-pages=\"1\" style=\"margin:-6px;\"><article id=\"portfolio-1-post-381\" class=\"fusion-portfolio-post fusion-col-spacing post-381\"><div class=\"fusion-portfolio-content-wrapper\" style=\"border:none;\"><div  class=\"fusion-image-wrapper\" aria-haspopup=\"true\">\n\t\t\t\t<img decoding=\"async\" width=\"800\" height=\"600\" src=\"https:\/\/kuxmann.de\/wp-content\/uploads\/golfplatz.jpg\" class=\"attachment-full size-full wp-post-image\" alt=\"\" \/><div class=\"fusion-rollover\">\n\t<div class=\"fusion-rollover-content\">\n\n\t\t\t\t\t\t\t\t\t\t\t\t\t\t<a class=\"fusion-rollover-link\" href=\"https:\/\/kuxmann.de\/de\/details\/kurier-k6000-golfplatzstreuer\/\">Golfplatzstreuer<\/a>\n\t\t\t\n\t\t\t\t\t\t\t\t\t\t\t\t\t\t\n\t\t\t\t\t\t\t\t\n\t\t\t\t\t\t\t\t\t\t\t\t\t<div class=\"fusion-rollover-sep\"><\/div>\n\t\t\t\t\n\t\t\t\t\t\t\t\t\t\t\t\t\t\t\t\t\t\t<a class=\"fusion-rollover-gallery\" href=\"https:\/\/kuxmann.de\/wp-content\/uploads\/golfplatz.jpg\" data-id=\"381\" data-rel=\"iLightbox[gallery-rw-1]\" data-title=\"golfplatzstreuer\" data-caption=\"\">\n\t\t\t\t\t\tGallerie\t\t\t\t\t<\/a>\n\t\t\t\t\t\t\t\t\t\t\t\t\t\t\n\t\t\n\t\t\t\t\t\t\t\t\n\t\t\t\t\t\t\t\t\n\t\t\n\t\t\t\t\t\t<a class=\"fusion-link-wrapper\" href=\"https:\/\/kuxmann.de\/de\/details\/kurier-k6000-golfplatzstreuer\/\" aria-label=\"Golfplatzstreuer\"><\/a>\n\t<\/div>\n<\/div>\n<\/div>\n<\/div><\/article><article id=\"portfolio-1-post-240\" class=\"fusion-portfolio-post fusion-col-spacing post-240\"><div class=\"fusion-portfolio-content-wrapper\" style=\"border:none;\"><div  class=\"fusion-image-wrapper\" aria-haspopup=\"true\">\n\t\t\t\t\t\t\t<div class=\"fusion-placeholder-image\" data-origheight=\"150\" data-origwidth=\"100%\" style=\"width:100%;height:150px;\"><\/div>\n\t\t<div class=\"fusion-rollover\">\n\t<div class=\"fusion-rollover-content\">\n\n\t\t\t\t\t\t\t\t\t\t\t\t\t\t<a class=\"fusion-rollover-link\" href=\"https:\/\/kuxmann.de\/de\/details\/k12000\/\">Kurier &#8211; K 12000<\/a>\n\t\t\t\n\t\t\t\t\t\t\t\t\t\t\t\t\t\t\n\t\t\t\t\t\t\t\t\n\t\t\t\t\t\t\t\t\n\t\t\t\t\t\t\t\t\t\t\t\t\t\n\t\t\n\t\t\t\t\t\t\t\t\n\t\t\t\t\t\t\t\t\n\t\t\n\t\t\t\t\t\t<a class=\"fusion-link-wrapper\" href=\"https:\/\/kuxmann.de\/de\/details\/k12000\/\" aria-label=\"Kurier &#8211; K 12000\"><\/a>\n\t<\/div>\n<\/div>\n<\/div>\n<\/div><\/article><article id=\"portfolio-1-post-336\" class=\"fusion-portfolio-post fusion-col-spacing post-336\"><div class=\"fusion-portfolio-content-wrapper\" style=\"border:none;\"><div  class=\"fusion-image-wrapper\" aria-haspopup=\"true\">\n\t\t\t\t<img decoding=\"async\" width=\"800\" height=\"600\" src=\"https:\/\/kuxmann.de\/wp-content\/uploads\/K12000-10m3-6mSchnecke.jpg\" class=\"attachment-full size-full wp-post-image\" alt=\"K12000 10m3 6m Augerspreader Schnecken D\u00fcngerstreuer Grossflachenstreuer\" \/><div class=\"fusion-rollover\">\n\t<div class=\"fusion-rollover-content\">\n\n\t\t\t\t\t\t\t\t\t\t\t\t\t\t<a class=\"fusion-rollover-link\" href=\"https:\/\/kuxmann.de\/de\/details\/kurier-k-12000-schneckenstreuer\/\">Kurier &#8211; K 12000 \u2013 Schneckenstreuer<\/a>\n\t\t\t\n\t\t\t\t\t\t\t\t\t\t\t\t\t\t\n\t\t\t\t\t\t\t\t\n\t\t\t\t\t\t\t\t\t\t\t\t\t<div class=\"fusion-rollover-sep\"><\/div>\n\t\t\t\t\n\t\t\t\t\t\t\t\t\t\t\t\t\t\t\t\t\t\t<a class=\"fusion-rollover-gallery\" href=\"https:\/\/kuxmann.de\/wp-content\/uploads\/K12000-10m3-6mSchnecke.jpg\" data-id=\"336\" data-rel=\"iLightbox[gallery-rw-1]\" data-title=\"K12000  10m3 6m Augerspreader Schnecken D\u00fcngerstreuer Grossflachenstreuer\" data-caption=\"K12000  10m3 6m Augerspreader Schnecken D\u00fcngerstreuer Grossflachenstreuer\">\n\t\t\t\t\t\tGallerie\t\t\t\t\t<\/a>\n\t\t\t\t\t\t\t\t\t\t\t\t\t\t\n\t\t\n\t\t\t\t\t\t\t\t\n\t\t\t\t\t\t\t\t\n\t\t\n\t\t\t\t\t\t<a class=\"fusion-link-wrapper\" href=\"https:\/\/kuxmann.de\/de\/details\/kurier-k-12000-schneckenstreuer\/\" aria-label=\"Kurier &#8211; K 12000 \u2013 Schneckenstreuer\"><\/a>\n\t<\/div>\n<\/div>\n<\/div>\n<\/div><\/article><article id=\"portfolio-1-post-339\" class=\"fusion-portfolio-post fusion-col-spacing post-339\"><div class=\"fusion-portfolio-content-wrapper\" style=\"border:none;\"><div  class=\"fusion-image-wrapper\" aria-haspopup=\"true\">\n\t\t\t\t\t\t\t<div class=\"fusion-placeholder-image\" data-origheight=\"150\" data-origwidth=\"100%\" style=\"width:100%;height:150px;\"><\/div>\n\t\t<div class=\"fusion-rollover\">\n\t<div class=\"fusion-rollover-content\">\n\n\t\t\t\t\t\t\t\t\t\t\t\t\t\t<a class=\"fusion-rollover-link\" href=\"https:\/\/kuxmann.de\/de\/details\/kurier-k-14000-schneckenstreuer\/\">Kurier &#8211; K 14000 \u2013 Schneckenstreuer<\/a>\n\t\t\t\n\t\t\t\t\t\t\t\t\t\t\t\t\t\t\n\t\t\t\t\t\t\t\t\n\t\t\t\t\t\t\t\t\n\t\t\t\t\t\t\t\t\t\t\t\t\t\n\t\t\n\t\t\t\t\t\t\t\t\n\t\t\t\t\t\t\t\t\n\t\t\n\t\t\t\t\t\t<a class=\"fusion-link-wrapper\" href=\"https:\/\/kuxmann.de\/de\/details\/kurier-k-14000-schneckenstreuer\/\" aria-label=\"Kurier &#8211; K 14000 \u2013 Schneckenstreuer\"><\/a>\n\t<\/div>\n<\/div>\n<\/div>\n<\/div><\/article><article id=\"portfolio-1-post-357\" class=\"fusion-portfolio-post fusion-col-spacing post-357\"><div class=\"fusion-portfolio-content-wrapper\" style=\"border:none;\"><div  class=\"fusion-image-wrapper\" aria-haspopup=\"true\">\n\t\t\t\t\t\t\t<div class=\"fusion-placeholder-image\" data-origheight=\"150\" data-origwidth=\"100%\" style=\"width:100%;height:150px;\"><\/div>\n\t\t<div class=\"fusion-rollover\">\n\t<div class=\"fusion-rollover-content\">\n\n\t\t\t\t\t\t\t\t\t\t\t\t\t\t<a class=\"fusion-rollover-link\" href=\"https:\/\/kuxmann.de\/de\/details\/kurier-k-18000-schneckenstreuer\/\">K 18000 \u2013 Schneckenstreuer<\/a>\n\t\t\t\n\t\t\t\t\t\t\t\t\t\t\t\t\t\t\n\t\t\t\t\t\t\t\t\n\t\t\t\t\t\t\t\t\n\t\t\t\t\t\t\t\t\t\t\t\t\t\n\t\t\n\t\t\t\t\t\t\t\t\n\t\t\t\t\t\t\t\t\n\t\t\n\t\t\t\t\t\t<a class=\"fusion-link-wrapper\" href=\"https:\/\/kuxmann.de\/de\/details\/kurier-k-18000-schneckenstreuer\/\" aria-label=\"K 18000 \u2013 Schneckenstreuer\"><\/a>\n\t<\/div>\n<\/div>\n<\/div>\n<\/div><\/article><article id=\"portfolio-1-post-408\" class=\"fusion-portfolio-post fusion-col-spacing post-408\"><div class=\"fusion-portfolio-content-wrapper\" style=\"border:none;\"><div  class=\"fusion-image-wrapper\" aria-haspopup=\"true\">\n\t\t\t\t<img decoding=\"async\" width=\"3089\" height=\"2048\" src=\"https:\/\/kuxmann.de\/wp-content\/uploads\/02830011.jpg\" class=\"attachment-full size-full wp-post-image\" alt=\"Kuxmann Winter service spreader\" \/><div class=\"fusion-rollover\">\n\t<div class=\"fusion-rollover-content\">\n\n\t\t\t\t\t\t\t\t\t\t\t\t\t\t<a class=\"fusion-rollover-link\" href=\"https:\/\/kuxmann.de\/de\/details\/winterdienststreuer\/\">Winterdienststreuer<\/a>\n\t\t\t\n\t\t\t\t\t\t\t\t\t\t\t\t\t\t\n\t\t\t\t\t\t\t\t\n\t\t\t\t\t\t\t\t\t\t\t\t\t<div class=\"fusion-rollover-sep\"><\/div>\n\t\t\t\t\n\t\t\t\t\t\t\t\t\t\t\t\t\t\t\t\t\t\t<a class=\"fusion-rollover-gallery\" href=\"https:\/\/kuxmann.de\/wp-content\/uploads\/02830011.jpg\" data-id=\"408\" data-rel=\"iLightbox[gallery-rw-1]\" data-title=\"Kuxmann Winter service spreader\" data-caption=\"\">\n\t\t\t\t\t\tGallerie\t\t\t\t\t<\/a>\n\t\t\t\t\t\t\t\t\t\t\t\t\t\t\n\t\t\n\t\t\t\t\t\t\t\t\n\t\t\t\t\t\t\t\t\n\t\t\n\t\t\t\t\t\t<a class=\"fusion-link-wrapper\" href=\"https:\/\/kuxmann.de\/de\/details\/winterdienststreuer\/\" aria-label=\"Winterdienststreuer\"><\/a>\n\t<\/div>\n<\/div>\n<\/div>\n<\/div><\/article><article id=\"portfolio-1-post-269\" class=\"fusion-portfolio-post fusion-col-spacing post-269\"><div class=\"fusion-portfolio-content-wrapper\" style=\"border:none;\"><div  class=\"fusion-image-wrapper\" aria-haspopup=\"true\">\n\t\t\t\t\t\t\t<div class=\"fusion-placeholder-image\" data-origheight=\"150\" data-origwidth=\"100%\" style=\"width:100%;height:150px;\"><\/div>\n\t\t<div class=\"fusion-rollover\">\n\t<div class=\"fusion-rollover-content\">\n\n\t\t\t\t\t\t\t\t\t\t\t\t\t\t<a class=\"fusion-rollover-link\" href=\"https:\/\/kuxmann.de\/de\/details\/bindemittelstreuer\/\">Bindemittelstreuer<\/a>\n\t\t\t\n\t\t\t\t\t\t\t\t\t\t\t\t\t\t\n\t\t\t\t\t\t\t\t\n\t\t\t\t\t\t\t\t\n\t\t\t\t\t\t\t\t\t\t\t\t\t\n\t\t\n\t\t\t\t\t\t\t\t\n\t\t\t\t\t\t\t\t\n\t\t\n\t\t\t\t\t\t<a class=\"fusion-link-wrapper\" href=\"https:\/\/kuxmann.de\/de\/details\/bindemittelstreuer\/\" aria-label=\"Bindemittelstreuer\"><\/a>\n\t<\/div>\n<\/div>\n<\/div>\n<\/div><\/article><\/div><\/div><div class=\"fusion-clearfix\"><\/div><\/div><\/div><\/div><\/div>\n","protected":false},"excerpt":{"rendered":"<p>Der Kurier Schon seit vielen Jahren ist der KUXMANN Kurier das erfolgreichste Produkt unseres Hauses. Durch die besondere Belastbarkeit und die vielseitigen Einsatzm\u00f6glichkeiten, hat er sich im Einsatz bew\u00e4hrt. Schon [&hellip;]<\/p>\n","protected":false},"author":1,"featured_media":566,"parent":0,"menu_order":0,"comment_status":"closed","ping_status":"closed","template":"","meta":{"footnotes":""},"class_list":["post-66","page","type-page","status-publish","has-post-thumbnail","hentry"],"_links":{"self":[{"href":"https:\/\/kuxmann.de\/de\/wp-json\/wp\/v2\/pages\/66"}],"collection":[{"href":"https:\/\/kuxmann.de\/de\/wp-json\/wp\/v2\/pages"}],"about":[{"href":"https:\/\/kuxmann.de\/de\/wp-json\/wp\/v2\/types\/page"}],"author":[{"embeddable":true,"href":"https:\/\/kuxmann.de\/de\/wp-json\/wp\/v2\/users\/1"}],"replies":[{"embeddable":true,"href":"https:\/\/kuxmann.de\/de\/wp-json\/wp\/v2\/comments?post=66"}],"version-history":[{"count":0,"href":"https:\/\/kuxmann.de\/de\/wp-json\/wp\/v2\/pages\/66\/revisions"}],"wp:featuredmedia":[{"embeddable":true,"href":"https:\/\/kuxmann.de\/de\/wp-json\/wp\/v2\/media\/566"}],"wp:attachment":[{"href":"https:\/\/kuxmann.de\/de\/wp-json\/wp\/v2\/media?parent=66"}],"curies":[{"name":"wp","href":"https:\/\/api.w.org\/{rel}","templated":true}]}}