{"id":1039,"date":"2014-01-12T12:38:57","date_gmt":"2014-01-12T10:38:57","guid":{"rendered":"Szerint\u00fcnk a k\u00e9pek t\u00f6bbet el\u00e1rulnak, mint ak\u00e1r 1000 sz\u00f3!\r\n\r\nEz a k\u00e9t g\u00e9p m\u00e1r t\u00f6bb mint 10 \u00e9ve haszn\u00e1latban van \u00e9s kit\u0171n\u0151en m\u0171k\u00f6dik!\r\n\r\n[gallery link=\"file\" ids=\"999,1000,990,992,993,994,995,997,998,996,991\"]"},"modified":"2014-01-19T18:44:45","modified_gmt":"2014-01-19T16:44:45","slug":"a-koetoanyag-szoro-mukoedes-koezben","status":"publish","type":"page","link":"https:\/\/kuxmann.de\/hu\/a-koetoanyag-szoro-mukoedes-koezben\/","title":{"rendered":"A k\u00f6t\u0151anyag sz\u00f3r\u00f3 m\u0171k\u00f6d\u00e9s k\u00f6zben"},"content":{"rendered":"<p>Szerint\u00fcnk a k\u00e9pek t\u00f6bbet el\u00e1rulnak, mint ak\u00e1r 1000 sz\u00f3!<\/p>\n<p>Ez a k\u00e9t g\u00e9p m\u00e1r t\u00f6bb mint 10 \u00e9ve haszn\u00e1latban van \u00e9s kit\u0171n\u0151en m\u0171k\u00f6dik!<\/p>\n\n\t\t<style type=\"text\/css\">\n\t\t\t#gallery-1 {\n\t\t\t\tmargin: auto;\n\t\t\t}\n\t\t\t#gallery-1 .gallery-item {\n\t\t\t\tfloat: left;\n\t\t\t\tmargin-top: 10px;\n\t\t\t\ttext-align: center;\n\t\t\t\twidth: 33%;\n\t\t\t}\n\t\t\t#gallery-1 img {\n\t\t\t\tborder: 2px solid #cfcfcf;\n\t\t\t}\n\t\t\t#gallery-1 .gallery-caption {\n\t\t\t\tmargin-left: 0;\n\t\t\t}\n\t\t\t\/* see gallery_shortcode() in wp-includes\/media.php *\/\n\t\t<\/style>\n\t\t<div id='gallery-1' class='gallery galleryid-1039 gallery-columns-3 gallery-size-thumbnail'><dl class='gallery-item'>\n\t\t\t<dt class='gallery-icon landscape'>\n\t\t\t\t<a data-rel=\"iLightbox[postimages]\" data-title=\"Binding agent spreader towed KUXMANN\" data-caption=\"\" href='https:\/\/kuxmann.de\/wp-content\/uploads\/Bild026.jpg'><img decoding=\"async\" width=\"100\" height=\"100\" src=\"https:\/\/kuxmann.de\/wp-content\/uploads\/Bild026-100x100.jpg\" class=\"attachment-thumbnail size-thumbnail\" alt=\"\" srcset=\"https:\/\/kuxmann.de\/wp-content\/uploads\/Bild026-66x66.jpg 66w, https:\/\/kuxmann.de\/wp-content\/uploads\/Bild026-100x100.jpg 100w\" sizes=\"(max-width: 100px) 100vw, 100px\" \/><\/a>\n\t\t\t<\/dt><\/dl><dl class='gallery-item'>\n\t\t\t<dt class='gallery-icon landscape'>\n\t\t\t\t<a data-rel=\"iLightbox[postimages]\" data-title=\"Bild027\" data-caption=\"Kurier Bindemittelstreuer\" href='https:\/\/kuxmann.de\/wp-content\/uploads\/Bild027.jpg'><img decoding=\"async\" width=\"100\" height=\"100\" src=\"https:\/\/kuxmann.de\/wp-content\/uploads\/Bild027-100x100.jpg\" class=\"attachment-thumbnail size-thumbnail\" alt=\"\" aria-describedby=\"gallery-1-3972\" srcset=\"https:\/\/kuxmann.de\/wp-content\/uploads\/Bild027-66x66.jpg 66w, https:\/\/kuxmann.de\/wp-content\/uploads\/Bild027-100x100.jpg 100w\" sizes=\"(max-width: 100px) 100vw, 100px\" \/><\/a>\n\t\t\t<\/dt>\n\t\t\t\t<dd class='wp-caption-text gallery-caption' id='gallery-1-3972'>\n\t\t\t\tKurier Bindemittelstreuer\n\t\t\t\t<\/dd><\/dl><dl class='gallery-item'>\n\t\t\t<dt class='gallery-icon landscape'>\n\t\t\t\t<a data-rel=\"iLightbox[postimages]\" data-title=\"Bild028\" data-caption=\"Kurier Bindemittelstreuer\" href='https:\/\/kuxmann.de\/wp-content\/uploads\/Bild028.jpg'><img decoding=\"async\" width=\"100\" height=\"100\" src=\"https:\/\/kuxmann.de\/wp-content\/uploads\/Bild028-100x100.jpg\" class=\"attachment-thumbnail size-thumbnail\" alt=\"\" aria-describedby=\"gallery-1-3942\" srcset=\"https:\/\/kuxmann.de\/wp-content\/uploads\/Bild028-66x66.jpg 66w, https:\/\/kuxmann.de\/wp-content\/uploads\/Bild028-100x100.jpg 100w\" sizes=\"(max-width: 100px) 100vw, 100px\" \/><\/a>\n\t\t\t<\/dt>\n\t\t\t\t<dd class='wp-caption-text gallery-caption' id='gallery-1-3942'>\n\t\t\t\tKurier Bindemittelstreuer\n\t\t\t\t<\/dd><\/dl><br style=\"clear: both\" \/><dl class='gallery-item'>\n\t\t\t<dt class='gallery-icon landscape'>\n\t\t\t\t<a data-rel=\"iLightbox[postimages]\" data-title=\"Bild016\" data-caption=\"Bindemittelaufbaustreuer\" href='https:\/\/kuxmann.de\/wp-content\/uploads\/Bild016.jpg'><img decoding=\"async\" width=\"100\" height=\"100\" src=\"https:\/\/kuxmann.de\/wp-content\/uploads\/Bild016-100x100.jpg\" class=\"attachment-thumbnail size-thumbnail\" alt=\"\" aria-describedby=\"gallery-1-3948\" srcset=\"https:\/\/kuxmann.de\/wp-content\/uploads\/Bild016-66x66.jpg 66w, https:\/\/kuxmann.de\/wp-content\/uploads\/Bild016-100x100.jpg 100w\" sizes=\"(max-width: 100px) 100vw, 100px\" \/><\/a>\n\t\t\t<\/dt>\n\t\t\t\t<dd class='wp-caption-text gallery-caption' id='gallery-1-3948'>\n\t\t\t\tBindemittelaufbaustreuer\n\t\t\t\t<\/dd><\/dl><dl class='gallery-item'>\n\t\t\t<dt class='gallery-icon landscape'>\n\t\t\t\t<a data-rel=\"iLightbox[postimages]\" data-title=\"Bild017\" data-caption=\"Bindemittelaufbaustreuer\" href='https:\/\/kuxmann.de\/wp-content\/uploads\/Bild017.jpg'><img decoding=\"async\" width=\"100\" height=\"100\" src=\"https:\/\/kuxmann.de\/wp-content\/uploads\/Bild017-100x100.jpg\" class=\"attachment-thumbnail size-thumbnail\" alt=\"\" aria-describedby=\"gallery-1-3951\" srcset=\"https:\/\/kuxmann.de\/wp-content\/uploads\/Bild017-66x66.jpg 66w, https:\/\/kuxmann.de\/wp-content\/uploads\/Bild017-100x100.jpg 100w\" sizes=\"(max-width: 100px) 100vw, 100px\" \/><\/a>\n\t\t\t<\/dt>\n\t\t\t\t<dd class='wp-caption-text gallery-caption' id='gallery-1-3951'>\n\t\t\t\tBindemittelaufbaustreuer\n\t\t\t\t<\/dd><\/dl><dl class='gallery-item'>\n\t\t\t<dt class='gallery-icon landscape'>\n\t\t\t\t<a data-rel=\"iLightbox[postimages]\" data-title=\"Bild018\" data-caption=\"Bindemittelaufbaustreuer\" href='https:\/\/kuxmann.de\/wp-content\/uploads\/Bild018.jpg'><img decoding=\"async\" width=\"100\" height=\"100\" src=\"https:\/\/kuxmann.de\/wp-content\/uploads\/Bild018-100x100.jpg\" class=\"attachment-thumbnail size-thumbnail\" alt=\"\" aria-describedby=\"gallery-1-3954\" srcset=\"https:\/\/kuxmann.de\/wp-content\/uploads\/Bild018-66x66.jpg 66w, https:\/\/kuxmann.de\/wp-content\/uploads\/Bild018-100x100.jpg 100w\" sizes=\"(max-width: 100px) 100vw, 100px\" \/><\/a>\n\t\t\t<\/dt>\n\t\t\t\t<dd class='wp-caption-text gallery-caption' id='gallery-1-3954'>\n\t\t\t\tBindemittelaufbaustreuer\n\t\t\t\t<\/dd><\/dl><br style=\"clear: both\" \/><dl class='gallery-item'>\n\t\t\t<dt class='gallery-icon landscape'>\n\t\t\t\t<a data-rel=\"iLightbox[postimages]\" data-title=\"Bild021\" data-caption=\"Bindemittelaufbaustreuer\" href='https:\/\/kuxmann.de\/wp-content\/uploads\/Bild021.jpg'><img decoding=\"async\" width=\"100\" height=\"100\" src=\"https:\/\/kuxmann.de\/wp-content\/uploads\/Bild021-100x100.jpg\" class=\"attachment-thumbnail size-thumbnail\" alt=\"\" aria-describedby=\"gallery-1-3957\" srcset=\"https:\/\/kuxmann.de\/wp-content\/uploads\/Bild021-66x66.jpg 66w, https:\/\/kuxmann.de\/wp-content\/uploads\/Bild021-100x100.jpg 100w\" sizes=\"(max-width: 100px) 100vw, 100px\" \/><\/a>\n\t\t\t<\/dt>\n\t\t\t\t<dd class='wp-caption-text gallery-caption' id='gallery-1-3957'>\n\t\t\t\tBindemittelaufbaustreuer\n\t\t\t\t<\/dd><\/dl><dl class='gallery-item'>\n\t\t\t<dt class='gallery-icon landscape'>\n\t\t\t\t<a data-rel=\"iLightbox[postimages]\" data-title=\"Bild023\" data-caption=\"Bindemittelaufbaustreuer\" href='https:\/\/kuxmann.de\/wp-content\/uploads\/Bild023.jpg'><img decoding=\"async\" width=\"100\" height=\"100\" src=\"https:\/\/kuxmann.de\/wp-content\/uploads\/Bild023-100x100.jpg\" class=\"attachment-thumbnail size-thumbnail\" alt=\"\" aria-describedby=\"gallery-1-3963\" srcset=\"https:\/\/kuxmann.de\/wp-content\/uploads\/Bild023-66x66.jpg 66w, https:\/\/kuxmann.de\/wp-content\/uploads\/Bild023-100x100.jpg 100w\" sizes=\"(max-width: 100px) 100vw, 100px\" \/><\/a>\n\t\t\t<\/dt>\n\t\t\t\t<dd class='wp-caption-text gallery-caption' id='gallery-1-3963'>\n\t\t\t\tBindemittelaufbaustreuer\n\t\t\t\t<\/dd><\/dl><dl class='gallery-item'>\n\t\t\t<dt class='gallery-icon landscape'>\n\t\t\t\t<a data-rel=\"iLightbox[postimages]\" data-title=\"Bild024\" data-caption=\"Bindemittelaufbaustreuer\" href='https:\/\/kuxmann.de\/wp-content\/uploads\/Bild024.jpg'><img decoding=\"async\" width=\"100\" height=\"100\" src=\"https:\/\/kuxmann.de\/wp-content\/uploads\/Bild024-100x100.jpg\" class=\"attachment-thumbnail size-thumbnail\" alt=\"\" aria-describedby=\"gallery-1-3966\" srcset=\"https:\/\/kuxmann.de\/wp-content\/uploads\/Bild024-66x66.jpg 66w, https:\/\/kuxmann.de\/wp-content\/uploads\/Bild024-100x100.jpg 100w\" sizes=\"(max-width: 100px) 100vw, 100px\" \/><\/a>\n\t\t\t<\/dt>\n\t\t\t\t<dd class='wp-caption-text gallery-caption' id='gallery-1-3966'>\n\t\t\t\tBindemittelaufbaustreuer\n\t\t\t\t<\/dd><\/dl><br style=\"clear: both\" \/><dl class='gallery-item'>\n\t\t\t<dt class='gallery-icon landscape'>\n\t\t\t\t<a data-rel=\"iLightbox[postimages]\" data-title=\"Bild022\" data-caption=\"Bindemittelaufbaustreuer\" href='https:\/\/kuxmann.de\/wp-content\/uploads\/Bild022.jpg'><img decoding=\"async\" width=\"100\" height=\"100\" src=\"https:\/\/kuxmann.de\/wp-content\/uploads\/Bild022-100x100.jpg\" class=\"attachment-thumbnail size-thumbnail\" alt=\"\" aria-describedby=\"gallery-1-3960\" srcset=\"https:\/\/kuxmann.de\/wp-content\/uploads\/Bild022-66x66.jpg 66w, https:\/\/kuxmann.de\/wp-content\/uploads\/Bild022-100x100.jpg 100w\" sizes=\"(max-width: 100px) 100vw, 100px\" \/><\/a>\n\t\t\t<\/dt>\n\t\t\t\t<dd class='wp-caption-text gallery-caption' id='gallery-1-3960'>\n\t\t\t\tBindemittelaufbaustreuer\n\t\t\t\t<\/dd><\/dl><dl class='gallery-item'>\n\t\t\t<dt class='gallery-icon landscape'>\n\t\t\t\t<a data-rel=\"iLightbox[postimages]\" data-title=\"Bild015\" data-caption=\"Bindemittelaufbaustreuer\" href='https:\/\/kuxmann.de\/wp-content\/uploads\/Bild015.jpg'><img decoding=\"async\" width=\"100\" height=\"100\" src=\"https:\/\/kuxmann.de\/wp-content\/uploads\/Bild015-100x100.jpg\" class=\"attachment-thumbnail size-thumbnail\" alt=\"\" aria-describedby=\"gallery-1-3945\" srcset=\"https:\/\/kuxmann.de\/wp-content\/uploads\/Bild015-66x66.jpg 66w, https:\/\/kuxmann.de\/wp-content\/uploads\/Bild015-100x100.jpg 100w\" sizes=\"(max-width: 100px) 100vw, 100px\" \/><\/a>\n\t\t\t<\/dt>\n\t\t\t\t<dd class='wp-caption-text gallery-caption' id='gallery-1-3945'>\n\t\t\t\tBindemittelaufbaustreuer\n\t\t\t\t<\/dd><\/dl>\n\t\t\t<br style='clear: both' \/>\n\t\t<\/div>\n\n","protected":false},"excerpt":{"rendered":"<p>Szerint\u00fcnk a k\u00e9pek t\u00f6bbet el\u00e1rulnak, mint ak\u00e1r 1000 sz\u00f3! Ez a k\u00e9t g\u00e9p m\u00e1r t\u00f6bb mint 10 \u00e9ve haszn\u00e1latban van \u00e9s kit\u0171n\u0151en m\u0171k\u00f6dik!<\/p>\n","protected":false},"author":1,"featured_media":0,"parent":0,"menu_order":0,"comment_status":"closed","ping_status":"open","template":"","meta":{"footnotes":""},"class_list":["post-1039","page","type-page","status-publish","hentry"],"_links":{"self":[{"href":"https:\/\/kuxmann.de\/hu\/wp-json\/wp\/v2\/pages\/1039"}],"collection":[{"href":"https:\/\/kuxmann.de\/hu\/wp-json\/wp\/v2\/pages"}],"about":[{"href":"https:\/\/kuxmann.de\/hu\/wp-json\/wp\/v2\/types\/page"}],"author":[{"embeddable":true,"href":"https:\/\/kuxmann.de\/hu\/wp-json\/wp\/v2\/users\/1"}],"replies":[{"embeddable":true,"href":"https:\/\/kuxmann.de\/hu\/wp-json\/wp\/v2\/comments?post=1039"}],"version-history":[{"count":0,"href":"https:\/\/kuxmann.de\/hu\/wp-json\/wp\/v2\/pages\/1039\/revisions"}],"wp:attachment":[{"href":"https:\/\/kuxmann.de\/hu\/wp-json\/wp\/v2\/media?parent=1039"}],"curies":[{"name":"wp","href":"https:\/\/api.w.org\/{rel}","templated":true}]}}