{"id":1044,"date":"2014-01-12T15:13:06","date_gmt":"2014-01-12T13:13:06","guid":{"rendered":"http:\/\/&nbsp;Itt%20kiv\u00e1laszthatja%20az%20ig\u00e9nyeinek%20megfelel\u0151%20g\u00e9pet%20vagy%20egyszer\u0171en%20csak%20sz\u00e9tn\u00e9zhet%20k\u00edn\u00e1latunkban!"},"modified":"2018-05-31T23:18:19","modified_gmt":"2018-05-31T21:18:19","slug":"termekek","status":"publish","type":"page","link":"https:\/\/kuxmann.de\/hu\/termekek\/","title":{"rendered":"Term\u00e9kek"},"content":{"rendered":"<p>&nbsp;<\/p>\n<h2>Itt kiv\u00e1laszthatja az ig\u00e9nyeinek megfelel\u0151 g\u00e9pet vagy egyszer\u0171en csak sz\u00e9tn\u00e9zhet k\u00edn\u00e1latunkban!<\/h2>\n<p><!--:--><\/p>\n","protected":false},"excerpt":{"rendered":"<p>&nbsp; Itt kiv\u00e1laszthatja az ig\u00e9nyeinek megfelel\u0151 g\u00e9pet vagy egyszer\u0171en csak sz\u00e9tn\u00e9zhet k\u00edn\u00e1latunkban!<\/p>\n","protected":false},"author":1,"featured_media":0,"parent":0,"menu_order":0,"comment_status":"closed","ping_status":"closed","template":"","meta":{"footnotes":""},"class_list":["post-1044","page","type-page","status-publish","hentry"],"_links":{"self":[{"href":"https:\/\/kuxmann.de\/hu\/wp-json\/wp\/v2\/pages\/1044"}],"collection":[{"href":"https:\/\/kuxmann.de\/hu\/wp-json\/wp\/v2\/pages"}],"about":[{"href":"https:\/\/kuxmann.de\/hu\/wp-json\/wp\/v2\/types\/page"}],"author":[{"embeddable":true,"href":"https:\/\/kuxmann.de\/hu\/wp-json\/wp\/v2\/users\/1"}],"replies":[{"embeddable":true,"href":"https:\/\/kuxmann.de\/hu\/wp-json\/wp\/v2\/comments?post=1044"}],"version-history":[{"count":0,"href":"https:\/\/kuxmann.de\/hu\/wp-json\/wp\/v2\/pages\/1044\/revisions"}],"wp:attachment":[{"href":"https:\/\/kuxmann.de\/hu\/wp-json\/wp\/v2\/media?parent=1044"}],"curies":[{"name":"wp","href":"https:\/\/api.w.org\/{rel}","templated":true}]}}