{"id":1045,"date":"2014-01-12T16:11:48","date_gmt":"2014-01-12T14:11:48","guid":{"rendered":"<h2>Kurier<\/h2>\r\nM\u00e1r sok-sok \u00e9ve a Kuxmann \u2013 Kurier a legsikeresebb term\u00e9ke v\u00e1llalatunknak. A k\u00fcl\u00f6nleges teherb\u00edr\u00e1s\u00e1nak \u00e9s a sokoldal\u00fa haszn\u00e1lhat\u00f3s\u00e1g\u00e1nak k\u00f6sz\u00f6nhet\u0151en kiv\u00e1l\u00f3an bizony\u00edt a haszn\u00e1latban. A Kurier fejleszt\u00e9se sor\u00e1n gondoskodtunk arr\u00f3l, hogy a"},"modified":"2014-01-19T18:26:53","modified_gmt":"2014-01-19T16:26:53","slug":"nagy-terueletteljesitmenyu-mutragyaszoro","status":"publish","type":"page","link":"https:\/\/kuxmann.de\/hu\/nagy-terueletteljesitmenyu-mutragyaszoro\/","title":{"rendered":"Nagy ter\u00fcletteljes\u00edtm\u00e9ny\u0171 m\u0171tr\u00e1gyasz\u00f3r\u00f3"},"content":{"rendered":"<h2>Kurier<\/h2>\n<p>M\u00e1r sok-sok \u00e9ve a Kuxmann \u2013 Kurier a legsikeresebb term\u00e9ke v\u00e1llalatunknak. A k\u00fcl\u00f6nleges teherb\u00edr\u00e1s\u00e1nak \u00e9s a sokoldal\u00fa haszn\u00e1lhat\u00f3s\u00e1g\u00e1nak k\u00f6sz\u00f6nhet\u0151en kiv\u00e1l\u00f3an bizony\u00edt a haszn\u00e1latban. A Kurier fejleszt\u00e9se sor\u00e1n gondoskodtunk arr\u00f3l, hogy a m\u0171k\u00f6dtet\u00e9s \u00e9s a karbantart\u00e1s a lehet\u0151 legegyszer\u0171bb legyen. Az is a Kuxmann m\u0171tr\u00e1gyasz\u00f3r\u00f3 erej\u00e9t \u00e9s megb\u00edzhat\u00f3s\u00e1g\u00e1t bizony\u00edtja, hogy szerte a vil\u00e1gon haszn\u00e1lj\u00e1k.<\/p>\n<h4><strong>Minden mez\u0151gazd\u00e1sznak \u00e9s b\u00e9rv\u00e1llalkoz\u00f3nak az optim\u00e1lis m\u0171tr\u00e1gyasz\u00f3r\u00f3 technol\u00f3gia:<\/strong><\/h4>\n<p>+ Teherb\u00edr\u00f3 \u00e9s kifinomult kialak\u00edt\u00e1s a folyamatos, hossz\u00fat\u00e1v\u00fa haszn\u00e1lat \u00e9rdek\u00e9ben<br \/>\n+ K\u00f6nny\u0171 kezelhet\u0151s\u00e9g<br \/>\n+ Rendk\u00edv\u00fcl egyszer\u0171 karbantart\u00e1s<\/p>\n<h4><strong>= Vagyis a Kuxmann m\u0171tr\u00e1gyasz\u00f3r\u00f3 ide\u00e1lis v\u00e1laszt\u00e1s mindenfajta mez\u0151gazdas\u00e1gi ter\u00fcleten val\u00f3 haszn\u00e1latra.<br \/>\n<\/strong><\/h4>\n<p>A Kurier-sorozatot \u00fagy tervezt\u00fck, hogy egyedi v\u00e1ltozatok b\u00e1rmikor kialak\u00edthat\u00f3ak legyenek. Ha szem\u00e9lyre szabott m\u0171tr\u00e1gyasz\u00f3r\u00f3ra van sz\u00fcks\u00e9ge, legyen az tart\u00e1ly magass\u00e1g\u00e1nak megv\u00e1ltoztat\u00e1sa vagy m\u00e1sfajta vontat\u00e1si megold\u00e1s, sz\u00edvesen seg\u00edt\u00fcnk!<\/p>\n<h4>Kurier modellek<\/h4>\n<p>A Kurier k\u00fcl\u00f6nb\u00f6z\u0151 m\u00e9ret\u0171 tart\u00e1lyokkal szerelhet\u0151 fel a v\u00e1s\u00e1rl\u00f3 ig\u00e9nyeinek megfelel\u0151en.<\/p>\n<p>A tart\u00e1ly m\u00e9rete szerint k\u00fcl\u00f6nb\u00f6z\u0151 jelz\u00e9ssel vannak ell\u00e1tva a g\u00e9pek. P\u00e9ld\u00e1ul a K8000-es modell 5,3m\u00b3 hasznos terhelhet\u0151s\u00e9g\u0171, ami 8 tonn\u00e1s \u00f6sszs\u00falyt jelent. A K12000 a k\u00f6vetkez\u0151 modell m\u00e9ret szerint 8m\u00b3 hasznos t\u00e9rfogattal \u00e9s 12 tonna maxim\u00e1lis \u00f6sszs\u00fallyal. A tov\u00e1bbi m\u00e9retek a K14000 \u00e9s K18000, ut\u00f3bbi m\u00e1r 18m\u00b3 anyagot k\u00e9pes sz\u00e1ll\u00edtani.<\/p>\n<h4>M\u0171szaki inform\u00e1ci\u00f3k<\/h4>\n<p><b>Gumiabroncs:\u00a0<\/b> Egy ker\u00e9k vagy tandem<!--:--><\/p>\n","protected":false},"excerpt":{"rendered":"<p>Kurier M\u00e1r sok-sok \u00e9ve a Kuxmann \u2013 Kurier a legsikeresebb term\u00e9ke v\u00e1llalatunknak. A k\u00fcl\u00f6nleges teherb\u00edr\u00e1s\u00e1nak \u00e9s a sokoldal\u00fa haszn\u00e1lhat\u00f3s\u00e1g\u00e1nak k\u00f6sz\u00f6nhet\u0151en kiv\u00e1l\u00f3an bizony\u00edt a haszn\u00e1latban. A Kurier fejleszt\u00e9se sor\u00e1n gondoskodtunk arr\u00f3l, [&hellip;]<\/p>\n","protected":false},"author":1,"featured_media":0,"parent":0,"menu_order":0,"comment_status":"closed","ping_status":"closed","template":"","meta":{"footnotes":""},"class_list":["post-1045","page","type-page","status-publish","hentry"],"_links":{"self":[{"href":"https:\/\/kuxmann.de\/hu\/wp-json\/wp\/v2\/pages\/1045"}],"collection":[{"href":"https:\/\/kuxmann.de\/hu\/wp-json\/wp\/v2\/pages"}],"about":[{"href":"https:\/\/kuxmann.de\/hu\/wp-json\/wp\/v2\/types\/page"}],"author":[{"embeddable":true,"href":"https:\/\/kuxmann.de\/hu\/wp-json\/wp\/v2\/users\/1"}],"replies":[{"embeddable":true,"href":"https:\/\/kuxmann.de\/hu\/wp-json\/wp\/v2\/comments?post=1045"}],"version-history":[{"count":0,"href":"https:\/\/kuxmann.de\/hu\/wp-json\/wp\/v2\/pages\/1045\/revisions"}],"wp:attachment":[{"href":"https:\/\/kuxmann.de\/hu\/wp-json\/wp\/v2\/media?parent=1045"}],"curies":[{"name":"wp","href":"https:\/\/api.w.org\/{rel}","templated":true}]}}