{"id":1046,"date":"2014-01-12T16:18:34","date_gmt":"2014-01-12T14:18:34","guid":{"rendered":"http:\/\/Itt%20az%20egyik%20nagy%20ter\u00fcletteljes\u00edtm\u00e9ny\u0171%20m\u0171tr\u00e1gyasz\u00f3r\u00f3nkat%20l\u00e1thatja%20m\u00e9sz%20kijuttat\u00e1sa%20k\u00f6zben.[gallery%20link=file%20ids=475,4"},"modified":"2017-04-21T02:04:16","modified_gmt":"2017-04-21T00:04:16","slug":"a-nagy-terueletteljesitmenyu-mutragyaszoro-mukoedes-koezben","status":"publish","type":"page","link":"https:\/\/kuxmann.de\/hu\/a-nagy-terueletteljesitmenyu-mutragyaszoro-mukoedes-koezben\/","title":{"rendered":"A nagy ter\u00fcletteljes\u00edtm\u00e9ny\u0171 m\u0171tr\u00e1gyasz\u00f3r\u00f3 m\u0171k\u00f6d\u00e9s k\u00f6zben"},"content":{"rendered":"<p>Itt az egyik nagy ter\u00fcletteljes\u00edtm\u00e9ny\u0171 m\u0171tr\u00e1gyasz\u00f3r\u00f3nkat l\u00e1thatja m\u00e9sz kijuttat\u00e1sa k\u00f6zben.<\/p>\n<p><img decoding=\"async\" title=\"gallery link=\" alt=\"\" src=\"https:\/\/kuxmann.de\/wp-includes\/js\/tinymce\/plugins\/wpgallery\/img\/t.gif\" \/><!--:--><!--:RU--><div class=\"fusion-fullwidth fullwidth-box fusion-builder-row-1 hundred-percent-fullwidth non-hundred-percent-height-scrolling\" style=\"--awb-border-radius-top-left:0px;--awb-border-radius-top-right:0px;--awb-border-radius-bottom-right:0px;--awb-border-radius-bottom-left:0px;--awb-overflow:visible;--awb-flex-wrap:wrap;\" ><div class=\"fusion-builder-row fusion-row\"><div class=\"fusion-layout-column fusion_builder_column fusion-builder-column-0 fusion_builder_column_1_1 1_1 fusion-one-full fusion-column-first fusion-column-last fusion-column-no-min-height\" style=\"--awb-bg-size:cover;--awb-margin-bottom:0px;\"><div class=\"fusion-column-wrapper fusion-flex-column-wrapper-legacy\">\n\t\t<style type=\"text\/css\">\n\t\t\t#gallery-1 {\n\t\t\t\tmargin: auto;\n\t\t\t}\n\t\t\t#gallery-1 .gallery-item {\n\t\t\t\tfloat: left;\n\t\t\t\tmargin-top: 10px;\n\t\t\t\ttext-align: center;\n\t\t\t\twidth: 33%;\n\t\t\t}\n\t\t\t#gallery-1 img {\n\t\t\t\tborder: 2px solid #cfcfcf;\n\t\t\t}\n\t\t\t#gallery-1 .gallery-caption {\n\t\t\t\tmargin-left: 0;\n\t\t\t}\n\t\t\t\/* see gallery_shortcode() in wp-includes\/media.php *\/\n\t\t<\/style>\n\t\t<div id='gallery-1' class='gallery galleryid-1046 gallery-columns-3 gallery-size-thumbnail'><dl class='gallery-item'>\n\t\t\t<dt class='gallery-icon landscape'>\n\t\t\t\t<a data-rel=\"iLightbox[postimages]\" data-title=\"12-Gro\u00dffl\u00e4chenstreuer in Aktion! 12\" data-caption=\"\" href='https:\/\/kuxmann.de\/wp-content\/uploads\/12-Gro\u00dffl\u00e4chenstreuer-in-Aktion-12.jpg'><img decoding=\"async\" width=\"100\" height=\"100\" src=\"https:\/\/kuxmann.de\/wp-content\/uploads\/12-Gro\u00dffl\u00e4chenstreuer-in-Aktion-12-100x100.jpg\" class=\"attachment-thumbnail size-thumbnail\" alt=\"\" srcset=\"https:\/\/kuxmann.de\/wp-content\/uploads\/12-Gro\u00dffl\u00e4chenstreuer-in-Aktion-12-66x66.jpg 66w, https:\/\/kuxmann.de\/wp-content\/uploads\/12-Gro\u00dffl\u00e4chenstreuer-in-Aktion-12-100x100.jpg 100w\" sizes=\"(max-width: 100px) 100vw, 100px\" \/><\/a>\n\t\t\t<\/dt><\/dl><dl class='gallery-item'>\n\t\t\t<dt class='gallery-icon landscape'>\n\t\t\t\t<a data-rel=\"iLightbox[postimages]\" data-title=\"11-Gro\u00dffl\u00e4chenstreuer in Aktion!11\" data-caption=\"\" href='https:\/\/kuxmann.de\/wp-content\/uploads\/11-Gro\u00dffl\u00e4chenstreuer-in-Aktion11.jpg'><img decoding=\"async\" width=\"100\" height=\"100\" src=\"https:\/\/kuxmann.de\/wp-content\/uploads\/11-Gro\u00dffl\u00e4chenstreuer-in-Aktion11-100x100.jpg\" class=\"attachment-thumbnail size-thumbnail\" alt=\"\" srcset=\"https:\/\/kuxmann.de\/wp-content\/uploads\/11-Gro\u00dffl\u00e4chenstreuer-in-Aktion11-66x66.jpg 66w, https:\/\/kuxmann.de\/wp-content\/uploads\/11-Gro\u00dffl\u00e4chenstreuer-in-Aktion11-100x100.jpg 100w\" sizes=\"(max-width: 100px) 100vw, 100px\" \/><\/a>\n\t\t\t<\/dt><\/dl><dl class='gallery-item'>\n\t\t\t<dt class='gallery-icon landscape'>\n\t\t\t\t<a data-rel=\"iLightbox[postimages]\" data-title=\"10-Gro\u00dffl\u00e4chenstreuer in Aktion!10\" data-caption=\"\" href='https:\/\/kuxmann.de\/wp-content\/uploads\/10-Gro\u00dffl\u00e4chenstreuer-in-Aktion10.jpg'><img decoding=\"async\" width=\"100\" height=\"100\" src=\"https:\/\/kuxmann.de\/wp-content\/uploads\/10-Gro\u00dffl\u00e4chenstreuer-in-Aktion10-100x100.jpg\" class=\"attachment-thumbnail size-thumbnail\" alt=\"\" srcset=\"https:\/\/kuxmann.de\/wp-content\/uploads\/10-Gro\u00dffl\u00e4chenstreuer-in-Aktion10-66x66.jpg 66w, https:\/\/kuxmann.de\/wp-content\/uploads\/10-Gro\u00dffl\u00e4chenstreuer-in-Aktion10-100x100.jpg 100w\" sizes=\"(max-width: 100px) 100vw, 100px\" \/><\/a>\n\t\t\t<\/dt><\/dl><br style=\"clear: both\" \/><dl class='gallery-item'>\n\t\t\t<dt class='gallery-icon landscape'>\n\t\t\t\t<a data-rel=\"iLightbox[postimages]\" data-title=\"09-Gro\u00dffl\u00e4chenstreuer in Aktion!9\" data-caption=\"\" href='https:\/\/kuxmann.de\/wp-content\/uploads\/09-Gro\u00dffl\u00e4chenstreuer-in-Aktion9.jpg'><img decoding=\"async\" width=\"100\" height=\"100\" src=\"https:\/\/kuxmann.de\/wp-content\/uploads\/09-Gro\u00dffl\u00e4chenstreuer-in-Aktion9-100x100.jpg\" class=\"attachment-thumbnail size-thumbnail\" alt=\"\" srcset=\"https:\/\/kuxmann.de\/wp-content\/uploads\/09-Gro\u00dffl\u00e4chenstreuer-in-Aktion9-66x66.jpg 66w, https:\/\/kuxmann.de\/wp-content\/uploads\/09-Gro\u00dffl\u00e4chenstreuer-in-Aktion9-100x100.jpg 100w\" sizes=\"(max-width: 100px) 100vw, 100px\" \/><\/a>\n\t\t\t<\/dt><\/dl><dl class='gallery-item'>\n\t\t\t<dt class='gallery-icon landscape'>\n\t\t\t\t<a data-rel=\"iLightbox[postimages]\" data-title=\"Kuxmann Kurier fertilizer and lime spreader\" data-caption=\"\" href='https:\/\/kuxmann.de\/wp-content\/uploads\/08-Gro\u00dffl\u00e4chenstreuer-in-Aktion8-e1447775438427.jpg'><img decoding=\"async\" width=\"100\" height=\"100\" src=\"https:\/\/kuxmann.de\/wp-content\/uploads\/08-Gro\u00dffl\u00e4chenstreuer-in-Aktion8-100x100.jpg\" class=\"attachment-thumbnail size-thumbnail\" alt=\"\" srcset=\"https:\/\/kuxmann.de\/wp-content\/uploads\/08-Gro\u00dffl\u00e4chenstreuer-in-Aktion8-66x66.jpg 66w, https:\/\/kuxmann.de\/wp-content\/uploads\/08-Gro\u00dffl\u00e4chenstreuer-in-Aktion8-100x100.jpg 100w\" sizes=\"(max-width: 100px) 100vw, 100px\" \/><\/a>\n\t\t\t<\/dt><\/dl><dl class='gallery-item'>\n\t\t\t<dt class='gallery-icon landscape'>\n\t\t\t\t<a data-rel=\"iLightbox[postimages]\" data-title=\"07-Gro\u00dffl\u00e4chenstreuer in Aktion!7\" data-caption=\"\" href='https:\/\/kuxmann.de\/wp-content\/uploads\/07-Gro\u00dffl\u00e4chenstreuer-in-Aktion7.jpg'><img decoding=\"async\" width=\"100\" height=\"100\" src=\"https:\/\/kuxmann.de\/wp-content\/uploads\/07-Gro\u00dffl\u00e4chenstreuer-in-Aktion7-100x100.jpg\" class=\"attachment-thumbnail size-thumbnail\" alt=\"\" srcset=\"https:\/\/kuxmann.de\/wp-content\/uploads\/07-Gro\u00dffl\u00e4chenstreuer-in-Aktion7-66x66.jpg 66w, https:\/\/kuxmann.de\/wp-content\/uploads\/07-Gro\u00dffl\u00e4chenstreuer-in-Aktion7-100x100.jpg 100w\" sizes=\"(max-width: 100px) 100vw, 100px\" \/><\/a>\n\t\t\t<\/dt><\/dl><br style=\"clear: both\" \/><dl class='gallery-item'>\n\t\t\t<dt class='gallery-icon landscape'>\n\t\t\t\t<a data-rel=\"iLightbox[postimages]\" data-title=\"06-Gro\u00dffl\u00e4chenstreuer in Aktion!6\" data-caption=\"\" href='https:\/\/kuxmann.de\/wp-content\/uploads\/06-Gro\u00dffl\u00e4chenstreuer-in-Aktion6.jpg'><img decoding=\"async\" width=\"100\" height=\"100\" src=\"https:\/\/kuxmann.de\/wp-content\/uploads\/06-Gro\u00dffl\u00e4chenstreuer-in-Aktion6-100x100.jpg\" class=\"attachment-thumbnail size-thumbnail\" alt=\"\" srcset=\"https:\/\/kuxmann.de\/wp-content\/uploads\/06-Gro\u00dffl\u00e4chenstreuer-in-Aktion6-66x66.jpg 66w, https:\/\/kuxmann.de\/wp-content\/uploads\/06-Gro\u00dffl\u00e4chenstreuer-in-Aktion6-100x100.jpg 100w\" sizes=\"(max-width: 100px) 100vw, 100px\" \/><\/a>\n\t\t\t<\/dt><\/dl><dl class='gallery-item'>\n\t\t\t<dt class='gallery-icon landscape'>\n\t\t\t\t<a data-rel=\"iLightbox[postimages]\" data-title=\"05-Gro\u00dffl\u00e4chenstreuer in Aktion!5\" data-caption=\"\" href='https:\/\/kuxmann.de\/wp-content\/uploads\/05-Gro\u00dffl\u00e4chenstreuer-in-Aktion5.jpg'><img decoding=\"async\" width=\"100\" height=\"100\" src=\"https:\/\/kuxmann.de\/wp-content\/uploads\/05-Gro\u00dffl\u00e4chenstreuer-in-Aktion5-100x100.jpg\" class=\"attachment-thumbnail size-thumbnail\" alt=\"\" srcset=\"https:\/\/kuxmann.de\/wp-content\/uploads\/05-Gro\u00dffl\u00e4chenstreuer-in-Aktion5-66x66.jpg 66w, https:\/\/kuxmann.de\/wp-content\/uploads\/05-Gro\u00dffl\u00e4chenstreuer-in-Aktion5-100x100.jpg 100w\" sizes=\"(max-width: 100px) 100vw, 100px\" \/><\/a>\n\t\t\t<\/dt><\/dl><dl class='gallery-item'>\n\t\t\t<dt class='gallery-icon landscape'>\n\t\t\t\t<a data-rel=\"iLightbox[postimages]\" data-title=\"04-Gro\u00dffl\u00e4chenstreuer in Aktion!4\" data-caption=\"\" href='https:\/\/kuxmann.de\/wp-content\/uploads\/04-Gro\u00dffl\u00e4chenstreuer-in-Aktion4.jpg'><img decoding=\"async\" width=\"100\" height=\"100\" src=\"https:\/\/kuxmann.de\/wp-content\/uploads\/04-Gro\u00dffl\u00e4chenstreuer-in-Aktion4-100x100.jpg\" class=\"attachment-thumbnail size-thumbnail\" alt=\"\" srcset=\"https:\/\/kuxmann.de\/wp-content\/uploads\/04-Gro\u00dffl\u00e4chenstreuer-in-Aktion4-66x66.jpg 66w, https:\/\/kuxmann.de\/wp-content\/uploads\/04-Gro\u00dffl\u00e4chenstreuer-in-Aktion4-100x100.jpg 100w\" sizes=\"(max-width: 100px) 100vw, 100px\" \/><\/a>\n\t\t\t<\/dt><\/dl><br style=\"clear: both\" \/><dl class='gallery-item'>\n\t\t\t<dt class='gallery-icon landscape'>\n\t\t\t\t<a data-rel=\"iLightbox[postimages]\" data-title=\"03-Gro\u00dffl\u00e4chenstreuer in Aktion!3\" data-caption=\"\" href='https:\/\/kuxmann.de\/wp-content\/uploads\/03-Gro\u00dffl\u00e4chenstreuer-in-Aktion3.jpg'><img decoding=\"async\" width=\"100\" height=\"100\" src=\"https:\/\/kuxmann.de\/wp-content\/uploads\/03-Gro\u00dffl\u00e4chenstreuer-in-Aktion3-100x100.jpg\" class=\"attachment-thumbnail size-thumbnail\" alt=\"\" srcset=\"https:\/\/kuxmann.de\/wp-content\/uploads\/03-Gro\u00dffl\u00e4chenstreuer-in-Aktion3-66x66.jpg 66w, https:\/\/kuxmann.de\/wp-content\/uploads\/03-Gro\u00dffl\u00e4chenstreuer-in-Aktion3-100x100.jpg 100w\" sizes=\"(max-width: 100px) 100vw, 100px\" \/><\/a>\n\t\t\t<\/dt><\/dl><dl class='gallery-item'>\n\t\t\t<dt class='gallery-icon landscape'>\n\t\t\t\t<a data-rel=\"iLightbox[postimages]\" data-title=\"02-Gro\u00dffl\u00e4chenstreuer in Aktion!2\" data-caption=\"\" href='https:\/\/kuxmann.de\/wp-content\/uploads\/02-Gro\u00dffl\u00e4chenstreuer-in-Aktion2.jpg'><img decoding=\"async\" width=\"100\" height=\"100\" src=\"https:\/\/kuxmann.de\/wp-content\/uploads\/02-Gro\u00dffl\u00e4chenstreuer-in-Aktion2-100x100.jpg\" class=\"attachment-thumbnail size-thumbnail\" alt=\"\" srcset=\"https:\/\/kuxmann.de\/wp-content\/uploads\/02-Gro\u00dffl\u00e4chenstreuer-in-Aktion2-66x66.jpg 66w, https:\/\/kuxmann.de\/wp-content\/uploads\/02-Gro\u00dffl\u00e4chenstreuer-in-Aktion2-100x100.jpg 100w\" sizes=\"(max-width: 100px) 100vw, 100px\" \/><\/a>\n\t\t\t<\/dt><\/dl><dl class='gallery-item'>\n\t\t\t<dt class='gallery-icon landscape'>\n\t\t\t\t<a data-rel=\"iLightbox[postimages]\" data-title=\"KUXMANN Kalkstreuer\" data-caption=\"KUXMANN Kalkstreuer\" href='https:\/\/kuxmann.de\/wp-content\/uploads\/01-Gro\u00dffl\u00e4chenstreuer-in-Aktion.jpg'><img decoding=\"async\" width=\"100\" height=\"100\" src=\"https:\/\/kuxmann.de\/wp-content\/uploads\/01-Gro\u00dffl\u00e4chenstreuer-in-Aktion-100x100.jpg\" class=\"attachment-thumbnail size-thumbnail\" alt=\"KUXMANN Kalkstreuer\" aria-describedby=\"gallery-1-3848\" srcset=\"https:\/\/kuxmann.de\/wp-content\/uploads\/01-Gro\u00dffl\u00e4chenstreuer-in-Aktion-66x66.jpg 66w, https:\/\/kuxmann.de\/wp-content\/uploads\/01-Gro\u00dffl\u00e4chenstreuer-in-Aktion-100x100.jpg 100w\" sizes=\"(max-width: 100px) 100vw, 100px\" \/><\/a>\n\t\t\t<\/dt>\n\t\t\t\t<dd class='wp-caption-text gallery-caption' id='gallery-1-3848'>\n\t\t\t\tKUXMANN Kalkstreuer\n\t\t\t\t<\/dd><\/dl><br style=\"clear: both\" \/>\n\t\t<\/div>\n\n<!--:--><div class=\"fusion-clearfix\"><\/div><\/div><\/div><\/div><\/div><\/p>\n","protected":false},"excerpt":{"rendered":"<p>Itt az egyik nagy ter\u00fcletteljes\u00edtm\u00e9ny\u0171 m\u0171tr\u00e1gyasz\u00f3r\u00f3nkat l\u00e1thatja m\u00e9sz kijuttat\u00e1sa k\u00f6zben.<\/p>\n","protected":false},"author":1,"featured_media":0,"parent":0,"menu_order":0,"comment_status":"closed","ping_status":"open","template":"","meta":{"footnotes":""},"class_list":["post-1046","page","type-page","status-publish","hentry"],"_links":{"self":[{"href":"https:\/\/kuxmann.de\/hu\/wp-json\/wp\/v2\/pages\/1046"}],"collection":[{"href":"https:\/\/kuxmann.de\/hu\/wp-json\/wp\/v2\/pages"}],"about":[{"href":"https:\/\/kuxmann.de\/hu\/wp-json\/wp\/v2\/types\/page"}],"author":[{"embeddable":true,"href":"https:\/\/kuxmann.de\/hu\/wp-json\/wp\/v2\/users\/1"}],"replies":[{"embeddable":true,"href":"https:\/\/kuxmann.de\/hu\/wp-json\/wp\/v2\/comments?post=1046"}],"version-history":[{"count":0,"href":"https:\/\/kuxmann.de\/hu\/wp-json\/wp\/v2\/pages\/1046\/revisions"}],"wp:attachment":[{"href":"https:\/\/kuxmann.de\/hu\/wp-json\/wp\/v2\/media?parent=1046"}],"curies":[{"name":"wp","href":"https:\/\/api.w.org\/{rel}","templated":true}]}}