{"id":1067,"date":"2014-01-19T18:35:37","date_gmt":"2014-01-19T16:35:37","guid":{"rendered":""},"modified":"2017-04-21T02:04:16","modified_gmt":"2017-04-21T00:04:16","slug":"a-gepek-attekintese","status":"publish","type":"page","link":"https:\/\/kuxmann.de\/hu\/a-gepek-attekintese\/","title":{"rendered":"A g\u00e9pek \u00e1ttekint\u00e9se"},"content":{"rendered":"<div class=\"fusion-fullwidth fullwidth-box fusion-builder-row-1 hundred-percent-fullwidth non-hundred-percent-height-scrolling\" style=\"--awb-border-radius-top-left:0px;--awb-border-radius-top-right:0px;--awb-border-radius-bottom-right:0px;--awb-border-radius-bottom-left:0px;--awb-overflow:visible;--awb-flex-wrap:wrap;\" ><div class=\"fusion-builder-row fusion-row\"><div class=\"fusion-layout-column fusion_builder_column fusion-builder-column-0 fusion_builder_column_1_1 1_1 fusion-one-full fusion-column-first fusion-column-last fusion-column-no-min-height\" style=\"--awb-bg-size:cover;--awb-margin-bottom:0px;\"><div class=\"fusion-column-wrapper fusion-flex-column-wrapper-legacy\"><style type=\"text\/css\">.fusion-portfolio-wrapper#fusion-portfolio-1 .fusion-portfolio-content{  text-align: left; }<\/style><div class=\"fusion-recent-works fusion-portfolio-element fusion-portfolio fusion-portfolio-1 fusion-portfolio-grid fusion-portfolio-paging-pagination fusion-portfolio-four fusion-portfolio-unboxed fusion-portfolio-text fusion-portfolio-rollover\" data-id=\"-rw-1\" data-columns=\"four\"><style type=\"text\/css\">.fusion-portfolio-1 .fusion-portfolio-wrapper .fusion-col-spacing{padding:6px;}<\/style><div class=\"fusion-portfolio-wrapper\" id=\"fusion-portfolio-1\" data-picturesize=\"cropped\" data-pages=\"1\" style=\"margin:-6px;\"><article id=\"portfolio-1-post-1099\" class=\"fusion-portfolio-post csigas fusion-col-spacing post-1099\"><div class=\"fusion-portfolio-content-wrapper\" style=\"border:none;\"><div  class=\"fusion-image-wrapper\" aria-haspopup=\"true\">\n\t\t\t\t\t\t\t<div class=\"fusion-placeholder-image\" data-origheight=\"150\" data-origwidth=\"100%\" style=\"width:100%;height:150px;\"><\/div>\n\t\t<div class=\"fusion-rollover\">\n\t<div class=\"fusion-rollover-content\">\n\n\t\t\t\t\t\t\t\t\t\t\t\t\t\t<a class=\"fusion-rollover-link\" href=\"https:\/\/kuxmann.de\/hu\/details\/kurier-k-14000-csigas-mutragyaszoro\/\">Kurier &#8211; K 14000 &#8211; Csig\u00e1s m\u0171tr\u00e1gyasz\u00f3r\u00f3<\/a>\n\t\t\t\n\t\t\t\t\t\t\t\t\t\t\t\t\t\t\n\t\t\t\t\t\t\t\t\n\t\t\t\t\t\t\t\t\n\t\t\t\t\t\t\t\t\t\t\t\t\t\n\t\t\n\t\t\t\t\t\t\t\t\n\t\t\t\t\t\t\t\t\n\t\t\n\t\t\t\t\t\t<a class=\"fusion-link-wrapper\" href=\"https:\/\/kuxmann.de\/hu\/details\/kurier-k-14000-csigas-mutragyaszoro\/\" aria-label=\"Kurier &#8211; K 14000 &#8211; Csig\u00e1s m\u0171tr\u00e1gyasz\u00f3r\u00f3\"><\/a>\n\t<\/div>\n<\/div>\n<\/div>\n<div class=\"fusion-portfolio-content\"><h2 class=\"fusion-post-title\"><a href=\"https:\/\/kuxmann.de\/hu\/details\/kurier-k-14000-csigas-mutragyaszoro\/\">Kurier &#8211; K 14000 &#8211; Csig\u00e1s m\u0171tr\u00e1gyasz\u00f3r\u00f3<\/a><\/h2><div class=\"fusion-portfolio-meta\"><a href=\"https:\/\/kuxmann.de\/hu\/portfolio_category\/csigas\/\" rel=\"tag\">Csig\u00e1s m\u0171tr\u00e1gyasz\u00f3r\u00f3<\/a><\/div><div class=\"fusion-post-content\"><p>T\u00f6bb t\u00edz\u00e9ves \u00e9lettartam, kiv\u00e9teles megb\u00edzhat\u00f3s\u00e1g \u00e9s v\u00e1s\u00e1rl\u00f3i el\u00e9gedetts\u00e9g a leggyakrabban emlegetett jellemz\u0151k e munkag\u00e9p\u00fcnkkel kapcsolatban.  Minden csig\u00e1s m\u0171tr\u00e1gyasz\u00f3r\u00f3 el\u00e9rhet\u0151 K8000, K10000, K12000, K14000 \u00e9s K18000 v\u00e1ltozatban.<\/p><\/div><\/div><\/div><\/article><article id=\"portfolio-1-post-1093\" class=\"fusion-portfolio-post csigas fusion-col-spacing post-1093\"><div class=\"fusion-portfolio-content-wrapper\" style=\"border:none;\"><div  class=\"fusion-image-wrapper\" aria-haspopup=\"true\">\n\t\t\t\t<img decoding=\"async\" width=\"800\" height=\"600\" src=\"https:\/\/kuxmann.de\/wp-content\/uploads\/K12000-10m3-6mSchnecke.jpg\" class=\"attachment-full size-full wp-post-image\" alt=\"\" \/><div class=\"fusion-rollover\">\n\t<div class=\"fusion-rollover-content\">\n\n\t\t\t\t\t\t\t\t\t\t\t\t\t\t<a class=\"fusion-rollover-link\" href=\"https:\/\/kuxmann.de\/hu\/details\/kurier-k-12000-csigas-mutragyaszoro\/\">Kurier &#8211; K 12000 &#8211; Csig\u00e1s m\u0171tr\u00e1gyasz\u00f3r\u00f3<\/a>\n\t\t\t\n\t\t\t\t\t\t\t\t\t\t\t\t\t\t\n\t\t\t\t\t\t\t\t\n\t\t\t\t\t\t\t\t\t\t\t\t\t<div class=\"fusion-rollover-sep\"><\/div>\n\t\t\t\t\n\t\t\t\t\t\t\t\t\t\t\t\t\t\t\t\t\t\t<a class=\"fusion-rollover-gallery\" href=\"https:\/\/kuxmann.de\/wp-content\/uploads\/K12000-10m3-6mSchnecke.jpg\" data-id=\"1093\" data-rel=\"iLightbox[gallery-rw-1]\" data-title=\"K12000  10m3 6m Augerspreader Schnecken D\u00fcngerstreuer Grossflachenstreuer\" data-caption=\"K12000  10m3 6m Augerspreader Schnecken D\u00fcngerstreuer Grossflachenstreuer\">\n\t\t\t\t\t\tGallery\t\t\t\t\t<\/a>\n\t\t\t\t\t\t\t\t\t\t\t\t\t\t\n\t\t\n\t\t\t\t\t\t\t\t\n\t\t\t\t\t\t\t\t\n\t\t\n\t\t\t\t\t\t<a class=\"fusion-link-wrapper\" href=\"https:\/\/kuxmann.de\/hu\/details\/kurier-k-12000-csigas-mutragyaszoro\/\" aria-label=\"Kurier &#8211; K 12000 &#8211; Csig\u00e1s m\u0171tr\u00e1gyasz\u00f3r\u00f3\"><\/a>\n\t<\/div>\n<\/div>\n<\/div>\n<div class=\"fusion-portfolio-content\"><h2 class=\"fusion-post-title\"><a href=\"https:\/\/kuxmann.de\/hu\/details\/kurier-k-12000-csigas-mutragyaszoro\/\">Kurier &#8211; K 12000 &#8211; Csig\u00e1s m\u0171tr\u00e1gyasz\u00f3r\u00f3<\/a><\/h2><div class=\"fusion-portfolio-meta\"><a href=\"https:\/\/kuxmann.de\/hu\/portfolio_category\/csigas\/\" rel=\"tag\">Csig\u00e1s m\u0171tr\u00e1gyasz\u00f3r\u00f3<\/a><\/div><div class=\"fusion-post-content\"><p>T\u00f6bb t\u00edz\u00e9ves \u00e9lettartam, kiv\u00e9teles megb\u00edzhat\u00f3s\u00e1g \u00e9s v\u00e1s\u00e1rl\u00f3i el\u00e9gedetts\u00e9g a leggyakrabban emlegetett jellemz\u0151k e munkag\u00e9p\u00fcnkkel kapcsolatban.<\/p><\/div><\/div><\/div><\/article><article id=\"portfolio-1-post-1069\" class=\"fusion-portfolio-post fusion-col-spacing post-1069\"><div class=\"fusion-portfolio-content-wrapper\" style=\"border:none;\"><div  class=\"fusion-image-wrapper\" aria-haspopup=\"true\">\n\t\t\t\t\t\t\t<div class=\"fusion-placeholder-image\" data-origheight=\"150\" data-origwidth=\"100%\" style=\"width:100%;height:150px;\"><\/div>\n\t\t<div class=\"fusion-rollover\">\n\t<div class=\"fusion-rollover-content\">\n\n\t\t\t\t\t\t\t\t\t\t\t\t\t\t<a class=\"fusion-rollover-link\" href=\"https:\/\/kuxmann.de\/hu\/details\/koetoanyagszoro\/\">K\u00f6t\u0151anyagsz\u00f3r\u00f3<\/a>\n\t\t\t\n\t\t\t\t\t\t\t\t\t\t\t\t\t\t\n\t\t\t\t\t\t\t\t\n\t\t\t\t\t\t\t\t\n\t\t\t\t\t\t\t\t\t\t\t\t\t\n\t\t\n\t\t\t\t\t\t\t\t\n\t\t\t\t\t\t\t\t\n\t\t\n\t\t\t\t\t\t<a class=\"fusion-link-wrapper\" href=\"https:\/\/kuxmann.de\/hu\/details\/koetoanyagszoro\/\" aria-label=\"K\u00f6t\u0151anyagsz\u00f3r\u00f3\"><\/a>\n\t<\/div>\n<\/div>\n<\/div>\n<div class=\"fusion-portfolio-content\"><h2 class=\"fusion-post-title\"><a href=\"https:\/\/kuxmann.de\/hu\/details\/koetoanyagszoro\/\">K\u00f6t\u0151anyagsz\u00f3r\u00f3<\/a><\/h2><div class=\"fusion-post-content\"><p>T\u00f6bb t\u00edz\u00e9ves \u00e9lettartam, kiv\u00e9teles megb\u00edzhat\u00f3s\u00e1g \u00e9s v\u00e1s\u00e1rl\u00f3i el\u00e9gedetts\u00e9g a leggyakrabban emlegetett jellemz\u0151k e munkag\u00e9p\u00fcnkkel kapcsolatban.<\/p><\/div><\/div><\/div><\/article><article id=\"portfolio-1-post-1063\" class=\"fusion-portfolio-post fusion-col-spacing post-1063\"><div class=\"fusion-portfolio-content-wrapper\" style=\"border:none;\"><div  class=\"fusion-image-wrapper\" aria-haspopup=\"true\">\n\t\t\t\t\t\t\t<div class=\"fusion-placeholder-image\" data-origheight=\"150\" data-origwidth=\"100%\" style=\"width:100%;height:150px;\"><\/div>\n\t\t<div class=\"fusion-rollover\">\n\t<div class=\"fusion-rollover-content\">\n\n\t\t\t\t\t\t\t\t\t\t\t\t\t\t<a class=\"fusion-rollover-link\" href=\"https:\/\/kuxmann.de\/hu\/details\/utszoro-gep\/\">\u00datsz\u00f3r\u00f3 g\u00e9p<\/a>\n\t\t\t\n\t\t\t\t\t\t\t\t\t\t\t\t\t\t\n\t\t\t\t\t\t\t\t\n\t\t\t\t\t\t\t\t\n\t\t\t\t\t\t\t\t\t\t\t\t\t\n\t\t\n\t\t\t\t\t\t\t\t\n\t\t\t\t\t\t\t\t\n\t\t\n\t\t\t\t\t\t<a class=\"fusion-link-wrapper\" href=\"https:\/\/kuxmann.de\/hu\/details\/utszoro-gep\/\" aria-label=\"\u00datsz\u00f3r\u00f3 g\u00e9p\"><\/a>\n\t<\/div>\n<\/div>\n<\/div>\n<div class=\"fusion-portfolio-content\"><h2 class=\"fusion-post-title\"><a href=\"https:\/\/kuxmann.de\/hu\/details\/utszoro-gep\/\">\u00datsz\u00f3r\u00f3 g\u00e9p<\/a><\/h2><div class=\"fusion-post-content\"><p>T\u00e9len k\u00fcl\u00f6n\u00f6sen fontos, hogy megb\u00edzhat\u00f3 eszk\u00f6z\u00f6k \u00e1lljanak rendelkez\u00e9sre, ez\u00e9rt aj\u00e1nljuk \u00d6nnek a Kuxmann \u00fatsz\u00f3r\u00f3 g\u00e9peket.<\/p><\/div><\/div><\/div><\/article><article id=\"portfolio-1-post-1058\" class=\"fusion-portfolio-post muetragyaszoro fusion-col-spacing post-1058\"><div class=\"fusion-portfolio-content-wrapper\" style=\"border:none;\"><div  class=\"fusion-image-wrapper\" aria-haspopup=\"true\">\n\t\t\t\t\t\t\t<div class=\"fusion-placeholder-image\" data-origheight=\"150\" data-origwidth=\"100%\" style=\"width:100%;height:150px;\"><\/div>\n\t\t<div class=\"fusion-rollover\">\n\t<div class=\"fusion-rollover-content\">\n\n\t\t\t\t\t\t\t\t\t\t\t\t\t\t<a class=\"fusion-rollover-link\" href=\"https:\/\/kuxmann.de\/hu\/details\/kurier-k-12000\/\">Kurier &#8211; K 12000<\/a>\n\t\t\t\n\t\t\t\t\t\t\t\t\t\t\t\t\t\t\n\t\t\t\t\t\t\t\t\n\t\t\t\t\t\t\t\t\n\t\t\t\t\t\t\t\t\t\t\t\t\t\n\t\t\n\t\t\t\t\t\t\t\t\n\t\t\t\t\t\t\t\t\n\t\t\n\t\t\t\t\t\t<a class=\"fusion-link-wrapper\" href=\"https:\/\/kuxmann.de\/hu\/details\/kurier-k-12000\/\" aria-label=\"Kurier &#8211; K 12000\"><\/a>\n\t<\/div>\n<\/div>\n<\/div>\n<div class=\"fusion-portfolio-content\"><h2 class=\"fusion-post-title\"><a href=\"https:\/\/kuxmann.de\/hu\/details\/kurier-k-12000\/\">Kurier &#8211; K 12000<\/a><\/h2><div class=\"fusion-portfolio-meta\"><a href=\"https:\/\/kuxmann.de\/hu\/portfolio_category\/muetragyaszoro\/\" rel=\"tag\">R\u00f6p\u00edt\u0151t\u00e1rcs\u00e1s m\u0171tr\u00e1gyasz\u00f3r\u00f3<\/a><\/div><div class=\"fusion-post-content\"><p>T\u00f6bb t\u00edz\u00e9ves \u00e9lettartam, kiv\u00e9teles megb\u00edzhat\u00f3s\u00e1g \u00e9s v\u00e1s\u00e1rl\u00f3i el\u00e9gedetts\u00e9g a leggyakrabban emlegetett jellemz\u0151k e munkag\u00e9p\u00fcnkkel kapcsolatban. M\u0171szaki adatok      Tart\u00e1ly kapacit\u00e1s:  8.00m\u00b3     \u00d6sszt\u00f6meg: 12t     Gumi m\u00e9ret: 700\/50 x 22,5 dupl tengelyn\u00e9l (tandem) is     40 KM\/\u00f3ra sebess\u00e9g <\/p><\/div><\/div><\/div><\/article><article id=\"portfolio-1-post-1056\" class=\"fusion-portfolio-post fusion-col-spacing post-1056\"><div class=\"fusion-portfolio-content-wrapper\" style=\"border:none;\"><div  class=\"fusion-image-wrapper\" aria-haspopup=\"true\">\n\t\t\t\t\t\t\t<div class=\"fusion-placeholder-image\" data-origheight=\"150\" data-origwidth=\"100%\" style=\"width:100%;height:150px;\"><\/div>\n\t\t<div class=\"fusion-rollover\">\n\t<div class=\"fusion-rollover-content\">\n\n\t\t\t\t\t\t\t\t\t\t\t\t\t\t<a class=\"fusion-rollover-link\" href=\"https:\/\/kuxmann.de\/hu\/details\/golfpalya-homokszoro\/\">Golfp\u00e1lya homoksz\u00f3r\u00f3<\/a>\n\t\t\t\n\t\t\t\t\t\t\t\t\t\t\t\t\t\t\n\t\t\t\t\t\t\t\t\n\t\t\t\t\t\t\t\t\n\t\t\t\t\t\t\t\t\t\t\t\t\t\n\t\t\n\t\t\t\t\t\t\t\t\n\t\t\t\t\t\t\t\t\n\t\t\n\t\t\t\t\t\t<a class=\"fusion-link-wrapper\" href=\"https:\/\/kuxmann.de\/hu\/details\/golfpalya-homokszoro\/\" aria-label=\"Golfp\u00e1lya homoksz\u00f3r\u00f3\"><\/a>\n\t<\/div>\n<\/div>\n<\/div>\n<div class=\"fusion-portfolio-content\"><h2 class=\"fusion-post-title\"><a href=\"https:\/\/kuxmann.de\/hu\/details\/golfpalya-homokszoro\/\">Golfp\u00e1lya homoksz\u00f3r\u00f3<\/a><\/h2><div class=\"fusion-post-content\"><p>A golfp\u00e1lya tr\u00e1gyasz\u00f3r\u00f3 legf\u0151bb jellemz\u0151je az egyszer\u0171 haszn\u00e1lat. Amikor ezt a g\u00e9pet tervezt\u00fck, nagy hangs\u00falyt fektett\u00fcnk a golfp\u00e1ly\u00e1k speci\u00e1lis ig\u00e9nyeire, mint p\u00e9ld\u00e1ul a kis s\u00faly \u00e9s a f\u0171k\u00edm\u00e9l\u0151 kerekek.<\/p><\/div><\/div><\/div><\/article><\/div><\/div><div class=\"fusion-clearfix\"><\/div><\/div><\/div><\/div><\/div>\n","protected":false},"excerpt":{"rendered":"","protected":false},"author":1,"featured_media":0,"parent":0,"menu_order":0,"comment_status":"closed","ping_status":"open","template":"","meta":{"footnotes":""},"class_list":["post-1067","page","type-page","status-publish","hentry"],"_links":{"self":[{"href":"https:\/\/kuxmann.de\/hu\/wp-json\/wp\/v2\/pages\/1067"}],"collection":[{"href":"https:\/\/kuxmann.de\/hu\/wp-json\/wp\/v2\/pages"}],"about":[{"href":"https:\/\/kuxmann.de\/hu\/wp-json\/wp\/v2\/types\/page"}],"author":[{"embeddable":true,"href":"https:\/\/kuxmann.de\/hu\/wp-json\/wp\/v2\/users\/1"}],"replies":[{"embeddable":true,"href":"https:\/\/kuxmann.de\/hu\/wp-json\/wp\/v2\/comments?post=1067"}],"version-history":[{"count":0,"href":"https:\/\/kuxmann.de\/hu\/wp-json\/wp\/v2\/pages\/1067\/revisions"}],"wp:attachment":[{"href":"https:\/\/kuxmann.de\/hu\/wp-json\/wp\/v2\/media?parent=1067"}],"curies":[{"name":"wp","href":"https:\/\/api.w.org\/{rel}","templated":true}]}}