{"id":1085,"date":"2014-01-22T11:48:43","date_gmt":"2014-01-22T09:48:43","guid":{"rendered":"T\u00f6bb t\u00edz\u00e9ves \u00e9lettartam, kiv\u00e9teles megb\u00edzhat\u00f3s\u00e1g \u00e9s v\u00e1s\u00e1rl\u00f3i el\u00e9gedetts\u00e9g a leggyakrabban emlegetett jellemz\u0151k e munkag\u00e9p\u00fcnkkel kapcsolatban.\r\n<h4>Minden nagy ter\u00fcletteljes\u00edtm\u00e9ny\u0171 m\u0171tr\u00e1gyasz\u00f3r\u00f3 el\u00e9rhet\u0151 K8000, K10000, K12000, K14000 \u00e9s K18000 v\u00e1ltozatban."},"modified":"2014-01-22T13:19:26","modified_gmt":"2014-01-22T11:19:26","slug":"roepitotarcsas-mutragyaszoro","status":"publish","type":"page","link":"https:\/\/kuxmann.de\/hu\/a-nagy-terueletteljesitmenyu-mutragyaszoro-mukoedes-koezben\/roepitotarcsas-mutragyaszoro\/","title":{"rendered":"R\u00f6p\u00edt\u0151t\u00e1rcs\u00e1s m\u0171tr\u00e1gyasz\u00f3r\u00f3"},"content":{"rendered":"<p>T\u00f6bb t\u00edz\u00e9ves \u00e9lettartam, kiv\u00e9teles megb\u00edzhat\u00f3s\u00e1g \u00e9s v\u00e1s\u00e1rl\u00f3i el\u00e9gedetts\u00e9g a leggyakrabban emlegetett jellemz\u0151k e munkag\u00e9p\u00fcnkkel kapcsolatban.<\/p>\n<h4>Minden nagy ter\u00fcletteljes\u00edtm\u00e9ny\u0171 m\u0171tr\u00e1gyasz\u00f3r\u00f3 el\u00e9rhet\u0151 K8000, K10000, K12000, K14000 \u00e9s K18000 v\u00e1ltozatban.<\/h4>\n<p><strong>Alapfelszerelts\u00e9g<\/strong><br \/>\nKard\u00e1ntengelyes meghajt\u00e1s, k\u00e9t sz\u00e1ll\u00edt\u00f3szalag-sebess\u00e9g a nagyobb \u00e9s kisebb sz\u00f3r\u00e1smennyis\u00e9g adagol\u00e1shoz, cser\u00e9lhet\u0151 sz\u00e1ll\u00edt\u00f3szalag, automata sz\u00e1ll\u00edt\u00f3szalag vez\u00e9rl\u00e9s, talajker\u00e9k-hajt\u00e1s, fokozatmentes sz\u00f3r\u00e1smennyis\u00e9g \u00e1ll\u00edt\u00e1s, a sz\u00f3r\u00f3anyag mennyis\u00e9get szab\u00e1lyoz\u00f3 kapu k\u00e9t oldalon r\u00f6gz\u00edtett, ami megakad\u00e1lyozza az elakad\u00e1st, tart\u00f3s v\u00e1z, \u00f6sszecsukhat\u00f3 t\u00e1maszt\u00f3ker\u00e9k, elektromos vil\u00e1g\u00edt\u00e1s, k\u00e9t \u00e9k a stabiliz\u00e1l\u00e1shoz, k\u00e9tt\u00e1rcs\u00e1s sz\u00f3r\u00f3egys\u00e9g, rug\u00f3s von\u00f3r\u00fad, \u00e1ll\u00edthat\u00f3 m\u0171tr\u00e1gya adagol\u00e1si pont.<\/p>\n<h3>A KURIER m\u0171tr\u00e1gyasz\u00f3r\u00f3 g\u00e9phez sz\u00e1mos kieg\u00e9sz\u00edt\u0151 alkatr\u00e9sz rendelhet\u0151, tov\u00e1bbi inform\u00e1ci\u00f3\u00e9rt, k\u00e9rj\u00fck,vegye fel vel\u00fcnk a kapcsolatot: <a href=\"mailto:%20info@kuxmann.de\">info@kuxmann.de <\/a><\/h3>\n","protected":false},"excerpt":{"rendered":"<p>T\u00f6bb t\u00edz\u00e9ves \u00e9lettartam, kiv\u00e9teles megb\u00edzhat\u00f3s\u00e1g \u00e9s v\u00e1s\u00e1rl\u00f3i el\u00e9gedetts\u00e9g a leggyakrabban emlegetett jellemz\u0151k e munkag\u00e9p\u00fcnkkel kapcsolatban. Minden nagy ter\u00fcletteljes\u00edtm\u00e9ny\u0171 m\u0171tr\u00e1gyasz\u00f3r\u00f3 el\u00e9rhet\u0151 K8000, K10000, K12000, K14000 \u00e9s K18000 v\u00e1ltozatban. Alapfelszerelts\u00e9g Kard\u00e1ntengelyes meghajt\u00e1s, [&hellip;]<\/p>\n","protected":false},"author":1,"featured_media":0,"parent":1046,"menu_order":0,"comment_status":"closed","ping_status":"open","template":"","meta":{"footnotes":""},"class_list":["post-1085","page","type-page","status-publish","hentry"],"_links":{"self":[{"href":"https:\/\/kuxmann.de\/hu\/wp-json\/wp\/v2\/pages\/1085"}],"collection":[{"href":"https:\/\/kuxmann.de\/hu\/wp-json\/wp\/v2\/pages"}],"about":[{"href":"https:\/\/kuxmann.de\/hu\/wp-json\/wp\/v2\/types\/page"}],"author":[{"embeddable":true,"href":"https:\/\/kuxmann.de\/hu\/wp-json\/wp\/v2\/users\/1"}],"replies":[{"embeddable":true,"href":"https:\/\/kuxmann.de\/hu\/wp-json\/wp\/v2\/comments?post=1085"}],"version-history":[{"count":0,"href":"https:\/\/kuxmann.de\/hu\/wp-json\/wp\/v2\/pages\/1085\/revisions"}],"up":[{"embeddable":true,"href":"https:\/\/kuxmann.de\/hu\/wp-json\/wp\/v2\/pages\/1046"}],"wp:attachment":[{"href":"https:\/\/kuxmann.de\/hu\/wp-json\/wp\/v2\/media?parent=1085"}],"curies":[{"name":"wp","href":"https:\/\/api.w.org\/{rel}","templated":true}]}}