{"id":5917,"date":"2018-05-31T23:02:39","date_gmt":"2018-05-31T21:02:39","guid":{"rendered":"https:\/\/kuxmann.de\/termekek\/bms-vontatott-kotoanyagszoro\/"},"modified":"2018-09-21T22:51:24","modified_gmt":"2018-09-21T20:51:24","slug":"bms-vontatott-kotoanyagszoro","status":"publish","type":"page","link":"https:\/\/kuxmann.de\/hu\/termekek\/bms-vontatott-kotoanyagszoro\/","title":{"rendered":"BMS vontatott k\u00f6t\u0151anyagsz\u00f3r\u00f3"},"content":{"rendered":"<p><div class=\"fusion-fullwidth fullwidth-box fusion-builder-row-1 hundred-percent-fullwidth non-hundred-percent-height-scrolling\" style=\"--awb-border-radius-top-left:0px;--awb-border-radius-top-right:0px;--awb-border-radius-bottom-right:0px;--awb-border-radius-bottom-left:0px;--awb-overflow:visible;--awb-flex-wrap:wrap;\" ><div class=\"fusion-builder-row fusion-row\"><div class=\"fusion-layout-column fusion_builder_column fusion-builder-column-0 fusion_builder_column_1_1 1_1 fusion-one-full fusion-column-first fusion-column-last fusion-column-no-min-height\" style=\"--awb-bg-size:cover;--awb-margin-bottom:0px;\"><div class=\"fusion-column-wrapper fusion-flex-column-wrapper-legacy\"><div class=\"fusion-menu-anchor\" id=\"home\"><\/div><div class=\"fusion-clearfix\"><\/div><\/div><\/div><\/div><\/div><div class=\"fusion-fullwidth fullwidth-box fusion-builder-row-2 nonhundred-percent-fullwidth non-hundred-percent-height-scrolling fusion-equal-height-columns\" style=\"--awb-border-color:#dadada;--awb-border-radius-top-left:0px;--awb-border-radius-top-right:0px;--awb-border-radius-bottom-right:0px;--awb-border-radius-bottom-left:0px;--awb-padding-top:0px;--awb-padding-right:0px;--awb-padding-bottom:5px;--awb-padding-left:0px;--awb-background-color:#fff;--awb-border-sizes-top:0px;--awb-border-sizes-bottom:0px;--awb-flex-wrap:wrap;\" ><div class=\"fusion-builder-row fusion-row\"><div class=\"fusion-layout-column fusion_builder_column fusion-builder-column-1 fusion_builder_column_1_1 1_1 fusion-one-full fusion-column-first fusion-column-last\" style=\"--awb-bg-size:cover;--awb-border-color:#dadada;--awb-border-bottom:0px;--awb-border-style:solid;--awb-margin-top:-32px;\"><div class=\"fusion-column-wrapper fusion-flex-column-wrapper-legacy\"><div class=\"fusion-text fusion-text-1\"><h1>BMS vontatott k\u00f6t\u0151anyagsz\u00f3r\u00f3<\/h1>\n<\/div><div class=\"fusion-clearfix\"><\/div><\/div><\/div><\/div><\/div><div class=\"fusion-fullwidth fullwidth-box fusion-builder-row-3 nonhundred-percent-fullwidth non-hundred-percent-height-scrolling\" style=\"--awb-background-position:left top;--awb-border-radius-top-left:0px;--awb-border-radius-top-right:0px;--awb-border-radius-bottom-right:0px;--awb-border-radius-bottom-left:0px;--awb-border-sizes-top:0px;--awb-border-sizes-bottom:0px;--awb-flex-wrap:wrap;\" ><div class=\"fusion-builder-row fusion-row\"><div class=\"fusion-layout-column fusion_builder_column fusion-builder-column-2 fusion_builder_column_1_2 1_2 fusion-one-half fusion-column-first\" style=\"--awb-bg-size:cover;width:48%; margin-right: 4%;\"><div class=\"fusion-column-wrapper fusion-flex-column-wrapper-legacy\"><div class=\"fusion-text fusion-text-2\"><p><img decoding=\"async\" class=\"alignnone wp-image-2605 size-full\" src=\"https:\/\/kuxmann.de\/wp-content\/uploads\/KUXMANN-Binding-agent-spreader-Bindemittelstreuer-BMS-10m-Gelb-Yellow.jpg\" alt=\"\" width=\"3402\" height=\"2304\" srcset=\"https:\/\/kuxmann.de\/wp-content\/uploads\/KUXMANN-Binding-agent-spreader-Bindemittelstreuer-BMS-10m-Gelb-Yellow-300x203.jpg 300w, https:\/\/kuxmann.de\/wp-content\/uploads\/KUXMANN-Binding-agent-spreader-Bindemittelstreuer-BMS-10m-Gelb-Yellow-768x520.jpg 768w, https:\/\/kuxmann.de\/wp-content\/uploads\/KUXMANN-Binding-agent-spreader-Bindemittelstreuer-BMS-10m-Gelb-Yellow-1024x694.jpg 1024w, https:\/\/kuxmann.de\/wp-content\/uploads\/KUXMANN-Binding-agent-spreader-Bindemittelstreuer-BMS-10m-Gelb-Yellow.jpg 2048w\" sizes=\"(max-width: 3402px) 100vw, 3402px\" \/><\/p>\n<p style=\"text-align: justify;\">A sz\u00f3r\u00f3g\u00e9p felszerelhet\u0151 egy Vez\u00e9rl\u0151egys\u00e9ggel, ami lehet\u0151v\u00e9 teszi a <strong>prec\u00edzi\u00f3s k\u00f6t\u0151anyagsz\u00f3r\u00e1st.<\/strong> Egy lehets\u00e9ges konfigur\u00e1ci\u00f3 a Vez\u00e9rl\u0151egys\u00e9ggel m\u0171k\u00f6dtetett sz\u00f3r\u00f3g\u00e9pre p\u00e9ld\u00e1ul a k\u00f6vetkez\u0151 elemeket tartalmazhatja: <strong>m\u00e9rleg rendszer, hidraulikusan vez\u00e9relt cell\u00e1s adagol\u00f3, hidraulikusan vez\u00e9relt sz\u00e1ll\u00edt\u00f3szalag \u00e9s prec\u00edzi\u00f3s GPS rendszer.<\/strong><\/p>\n<p style=\"text-align: justify;\"><strong>A k\u00f6t\u0151anyagsz\u00f3r\u00f3t <strong>fel\u00e9p\u00edtm\u00e9nyk\u00e9nt <\/strong>\u00e9s az <strong>egyedi vev\u0151i ig\u00e9nyeknek megfelel\u0151en<\/strong> is gy\u00e1rtjuk. <\/strong><\/p>\n<\/div><div class=\"fusion-clearfix\"><\/div><\/div><\/div><div class=\"fusion-layout-column fusion_builder_column fusion-builder-column-3 fusion_builder_column_1_2 1_2 fusion-one-half fusion-column-last\" style=\"--awb-bg-size:cover;--awb-margin-top:-6px;width:48%;\"><div class=\"fusion-column-wrapper fusion-flex-column-wrapper-legacy\"><div class=\"fusion-text fusion-text-3\"><h2 data-fontsize=\"20\" data-lineheight=\"27\"><strong>A nagy teljes\u00edtm\u00e9ny\u0171 k\u00f6t\u0151anyagsz\u00f3r\u00f3\u00a0<\/strong><\/h2>\n<p>A vontatott k\u00f6t\u0151anyagsz\u00f3r\u00f3 az ide\u00e1lis g\u00e9p <strong>talajstabiliz\u00e1l\u00e1shoz, \u00fat\u00e9p\u00edt\u00e9shez,<\/strong> ahol n<strong>agy mennyis\u00e9g\u0171 k\u00f6t\u0151anyag nagy teljes\u00edtm\u00e9nnyel t\u00f6rt\u00e9n\u0151 kijuttat\u00e1s\u00e1ra <\/strong>van sz\u00fcks\u00e9g.<\/p>\n<p><strong>Nagy sz\u00f3r\u00e1steljes\u00edtm\u00e9ny, k\u00f6nny\u0171 m\u0171k\u00f6dtethet\u0151s\u00e9g, extr\u00e9m strapab\u00edr\u00e1s, alacsony karbantart\u00e1si \u00e9s szervizel\u00e9si k\u00f6lts\u00e9gek <\/strong>jellemzik.<div class=\"fusion-menu-anchor\" id=\"Spreading modules\"><\/div>\n<strong>Egytengelyes vagy tandem tengelyes<\/strong> v\u00e1ltozatban is el\u00e9rhet\u0151.<br \/>\nA cell\u00e1s adagol\u00f3 a traktor hidraulik\u00e1ja \u00e1ltal ir\u00e1ny\u00edthat\u00f3, hogy a vezet\u0151<strong> be\u00e1ll\u00edthassa a <\/strong><strong>k\u00edv\u00e1nt mennyis\u00e9get vagy kikapcsolja az eg\u00e9sz sz\u00f3r\u00f3m\u0171vet<\/strong>.<\/p>\n<p>Sz\u00e1mos m\u00f3don csatlakoztathat\u00f3 a von\u00f3g\u00e9phez, \u00fczemi f\u00e9k \u00e9s k\u00fcl\u00f6nb\u00f6z\u0151 hajt\u00e1srendszerek lehet\u0151v\u00e9 teszik a sz\u00f3r\u00f3g\u00e9p <strong>mindenfajta traktorhoz val\u00f3 csatlakoztat\u00e1s\u00e1t.<\/strong><\/p>\n<ul>\n<li>munkasz\u00e9less\u00e9g: 2500 mm<\/li>\n<li>kisz\u00f3rt mennyis\u00e9g: 6-35 kg\/m\u00b2<\/li>\n<li>kisz\u00f3rt mennyis\u00e9g: 60 l\/min<\/li>\n<\/ul>\n<\/div><div class=\"fusion-clearfix\"><\/div><\/div><\/div><\/div><\/div><div class=\"fusion-fullwidth fullwidth-box fusion-builder-row-4 hundred-percent-fullwidth non-hundred-percent-height-scrolling\" style=\"--awb-border-radius-top-left:0px;--awb-border-radius-top-right:0px;--awb-border-radius-bottom-right:0px;--awb-border-radius-bottom-left:0px;--awb-overflow:visible;--awb-flex-wrap:wrap;\" ><div class=\"fusion-builder-row fusion-row\"><div class=\"fusion-layout-column fusion_builder_column fusion-builder-column-4 fusion_builder_column_1_1 1_1 fusion-one-full fusion-column-first fusion-column-last fusion-column-no-min-height\" style=\"--awb-bg-size:cover;--awb-margin-bottom:0px;\"><div class=\"fusion-column-wrapper fusion-flex-column-wrapper-legacy\"><div class=\"fusion-text fusion-text-4\"><\/div><div class=\"fusion-clearfix\"><\/div><\/div><\/div><\/div><\/div><div class=\"fusion-fullwidth fullwidth-box fusion-builder-row-5 hundred-percent-fullwidth non-hundred-percent-height-scrolling fusion-equal-height-columns\" style=\"--awb-background-position:left top;--awb-border-radius-top-left:0px;--awb-border-radius-top-right:0px;--awb-border-radius-bottom-right:0px;--awb-border-radius-bottom-left:0px;--awb-padding-top:13px;--awb-border-sizes-top:0px;--awb-border-sizes-bottom:0px;--awb-flex-wrap:wrap;\" ><div class=\"fusion-builder-row fusion-row\"><div class=\"fusion-layout-column fusion_builder_column fusion-builder-column-5 fusion_builder_column_1_1 1_1 fusion-one-full fusion-column-first fusion-column-last fusion-column-no-min-height\" style=\"--awb-bg-size:cover;--awb-margin-bottom:0px;\"><div class=\"fusion-column-wrapper fusion-flex-column-wrapper-legacy\"><div class=\"fusion-text fusion-text-5\"><h2><strong>Sz\u00f3r\u00f3m\u0171<\/strong><\/h2>\n<\/div><div class=\"fusion-sep-clear\"><\/div><div class=\"fusion-separator fusion-full-width-sep\" style=\"margin-left: auto;margin-right: auto;margin-top:0px;margin-bottom:15px;width:100%;\"><div class=\"fusion-separator-border sep-single sep-solid\" style=\"--awb-height:20px;--awb-amount:20px;--awb-sep-color:#325928;border-color:#325928;border-top-width:3px;\"><\/div><\/div><div class=\"fusion-sep-clear\"><\/div><div class=\"fusion-clearfix\"><\/div><\/div><\/div><div class=\"fusion-layout-column fusion_builder_column fusion-builder-column-6 fusion_builder_column_1_1 1_1 fusion-one-full fusion-column-first fusion-column-last\" style=\"--awb-bg-size:cover;\"><div class=\"fusion-column-wrapper fusion-flex-column-wrapper-legacy\"><div class=\"fusion-text fusion-text-6\"><p><a title=\"kuxmann-binding-agent-rotary-feeder\" href=\"https:\/\/kuxmann.de\/wp-content\/uploads\/rotary-feeder-image.png\" rel=\"prettyPhoto\"><img decoding=\"async\" class=\"alignleft\" src=\"https:\/\/kuxmann.de\/wp-content\/uploads\/rotary-feeder-image.png\" alt=\"kuxmann-binding-agent-rotary-feeder\" width=\"390\" height=\"220\" \/><\/a><strong><div class=\"fusion-menu-anchor\" id=\"Technical\"><\/div> <\/strong>A<strong> cell\u00e1s adagol\u00f3<\/strong> egy henger, ami 8 lap\u00e1ttal van felszerelve.<\/p>\n<p>A lap\u00e1tok a hengerre vannak er\u0151s\u00edtve, ez\u00e1ltal cell\u00e1k j\u00f6nnek l\u00e9tre, amelyek <strong>mindig egyenl\u0151 mennyis\u00e9g\u0171 anyagot tudnak tov\u00e1bb\u00edtani<\/strong>.<\/p>\n<\/div><div class=\"fusion-clearfix\"><\/div><\/div><\/div><\/div><\/div><div class=\"fusion-fullwidth fullwidth-box fusion-builder-row-6 nonhundred-percent-fullwidth non-hundred-percent-height-scrolling fusion-equal-height-columns\" style=\"--awb-border-color:#dadada;--awb-border-radius-top-left:0px;--awb-border-radius-top-right:0px;--awb-border-radius-bottom-right:0px;--awb-border-radius-bottom-left:0px;--awb-padding-top:13px;--awb-padding-right:0px;--awb-padding-bottom:13px;--awb-padding-left:0px;--awb-background-color:#fff;--awb-border-sizes-top:0px;--awb-border-sizes-bottom:0px;--awb-flex-wrap:wrap;\" ><div class=\"fusion-builder-row fusion-row\"><div class=\"fusion-layout-column fusion_builder_column fusion-builder-column-7 fusion_builder_column_1_1 1_1 fusion-one-full fusion-column-first fusion-column-last fusion-column-no-min-height\" style=\"--awb-bg-size:cover;--awb-margin-bottom:0px;\"><div class=\"fusion-column-wrapper fusion-flex-column-wrapper-legacy\"><div class=\"fusion-text fusion-text-7\"><h2><strong>M\u0171szaki adatok<\/strong><\/h2>\n<div class=\"fusion-menu-anchor\" id=\"Gallery\"><\/div>\n<\/div><div class=\"fusion-sep-clear\"><\/div><div class=\"fusion-separator fusion-full-width-sep\" style=\"margin-left: auto;margin-right: auto;margin-top:0px;margin-bottom:0px;width:100%;\"><div class=\"fusion-separator-border sep-single sep-solid\" style=\"--awb-height:20px;--awb-amount:20px;--awb-sep-color:#325928;border-color:#325928;border-top-width:3px;\"><\/div><\/div><div class=\"fusion-sep-clear\"><\/div><div class=\"fusion-clearfix\"><\/div><\/div><\/div><div class=\"fusion-layout-column fusion_builder_column fusion-builder-column-8 fusion_builder_column_1_1 1_1 fusion-one-full fusion-column-first fusion-column-last\" style=\"--awb-bg-size:cover;\"><div class=\"fusion-column-wrapper fusion-flex-column-wrapper-legacy\"><div class=\"accordian fusion-accordian\" style=\"--awb-border-size:1px;--awb-icon-size:13px;--awb-content-font-size:14px;--awb-icon-alignment:left;--awb-hover-color:#f9f9f9;--awb-border-color:#cccccc;--awb-background-color:#ffffff;--awb-divider-color:#e0dede;--awb-divider-hover-color:#e0dede;--awb-icon-color:#ffffff;--awb-title-color:#333333;--awb-content-color:#545454;--awb-icon-box-color:#333333;--awb-toggle-hover-accent-color:#325928;--awb-title-font-family:&quot;Roboto&quot;;--awb-title-font-weight:400;--awb-title-font-style:normal;--awb-title-font-size:16px;--awb-title-letter-spacing:0px;--awb-title-line-height:1.19;--awb-content-font-family:&quot;Roboto&quot;;--awb-content-font-style:normal;--awb-content-font-weight:300;\"><div class=\"panel-group fusion-toggle-icon-boxed\" id=\"accordion-5917-1\"><div class=\"fusion-panel panel-default panel-2ac9d393f88c3897c fusion-toggle-has-divider\"><div class=\"panel-heading\"><h4 class=\"panel-title toggle\" id=\"toggle_2ac9d393f88c3897c\"><a aria-expanded=\"false\" aria-controls=\"2ac9d393f88c3897c\" role=\"button\" data-toggle=\"collapse\" data-parent=\"#accordion-5917-1\" data-target=\"#2ac9d393f88c3897c\" href=\"#2ac9d393f88c3897c\"><span class=\"fusion-toggle-icon-wrapper\" aria-hidden=\"true\"><i class=\"fa-fusion-box active-icon awb-icon-minus\" aria-hidden=\"true\"><\/i><i class=\"fa-fusion-box inactive-icon awb-icon-plus\" aria-hidden=\"true\"><\/i><\/span><span class=\"fusion-toggle-heading\">Alapfelszerelts\u00e9g<\/span><\/a><\/h4><\/div><div id=\"2ac9d393f88c3897c\" class=\"panel-collapse collapse \" aria-labelledby=\"toggle_2ac9d393f88c3897c\"><div class=\"panel-body toggle-content fusion-clearfix\">&#8211; Hidraulikus meghajt\u00e1s\u00fa cell\u00e1s adagol\u00f3<br \/>\n&#8211; 800mm sz\u00e9les sz\u00e1ll\u00edt\u00f3szalag<br \/>\n&#8211; Felt\u00f6lt\u0151 cs\u0151 (3&#8243;)<br \/>\n&#8211; Elsz\u00edv\u00f3cs\u0151 (120 mm) \u00e9s t\u00falnyom\u00e1sszelep a tart\u00e1lyban<br \/>\n&#8211; Fokozatmentes sz\u00f3r\u00e1smennyis\u00e9g szab\u00e1lyoz\u00f3<br \/>\n&#8211; Adagol\u00f3kapu<br \/>\n&#8211; Cell\u00e1s adagol\u00f3 a prec\u00edz sz\u00f3r\u00e1s\u00e9rt<br \/>\n&#8211; F\u00e9kberendez\u00e9s<br \/>\n&#8211; Von\u00f3tengely als\u00f3 vagy fels\u0151 f\u00fcggeszt\u00e9s<br \/>\n&#8211; Rug\u00f3s tengely<br \/>\n&#8211; Bet\u00f6lt\u0151 \u00e9s ellen\u0151rz\u0151 ny\u00edl\u00e1sok<br \/>\n&#8211; Tehermentes\u00edt\u0151 tet\u0151 a sz\u00e1ll\u00edt\u00f3szalag felett<br \/>\n&#8211; Por \u00e9s csapad\u00e9k v\u00e9delem<br \/>\n&#8211; Fordulatm\u00e9r\u0151 a cell\u00e1sadagol\u00f3hoz<br \/>\n&#8211; Vil\u00e1g\u00edt\u00e1s<br \/>\n&#8211; Gy\u0171jt\u0151t\u00e1lca<br \/>\n&#8211; L\u00e9tra<br \/>\n&#8211; Nagy hajl\u00e1ssz\u00f6g\u0171 kard\u00e1ntengely<br \/>\n&#8211; T\u00e1maszt\u00f3l\u00e1b<br \/>\n&#8211; Ir\u00e1ny\u00edt\u00f3egys\u00e9g<br \/>\n&#8211; Eloszt\u00f3csig\u00e1k a cell\u00e1s adagol\u00f3 felett, hogy a k\u00f6t\u0151anyag teljes munkasz\u00e9less\u00e9gben val\u00f3 egyenletes eloszt\u00e1s\u00e1\u00e9rt<\/div><\/div><\/div><div class=\"fusion-panel panel-default panel-bc1dc86b6650b0371 fusion-toggle-has-divider\"><div class=\"panel-heading\"><h4 class=\"panel-title toggle\" id=\"toggle_bc1dc86b6650b0371\"><a aria-expanded=\"false\" aria-controls=\"bc1dc86b6650b0371\" role=\"button\" data-toggle=\"collapse\" data-parent=\"#accordion-5917-1\" data-target=\"#bc1dc86b6650b0371\" href=\"#bc1dc86b6650b0371\"><span class=\"fusion-toggle-icon-wrapper\" aria-hidden=\"true\"><i class=\"fa-fusion-box active-icon awb-icon-minus\" aria-hidden=\"true\"><\/i><i class=\"fa-fusion-box inactive-icon awb-icon-plus\" aria-hidden=\"true\"><\/i><\/span><span class=\"fusion-toggle-heading\">M\u00e9retek<\/span><\/a><\/h4><\/div><div id=\"bc1dc86b6650b0371\" class=\"panel-collapse collapse \" aria-labelledby=\"toggle_bc1dc86b6650b0371\"><div class=\"panel-body toggle-content fusion-clearfix\">\n<p><a title=\"Kuxmann Binding agent spreader - technical details\" href=\"https:\/\/kuxmann.de\/wp-content\/uploads\/BMS-5M-14M-Binding-agent-spreader-technical-details.jpg\" rel=\"prettyPhoto\"><img decoding=\"async\" class=\"alignleft\" src=\"https:\/\/kuxmann.de\/wp-content\/uploads\/BMS-5M-14M-Binding-agent-spreader-technical-details.jpg\" alt=\"Kuxmann Binding agent spreader - technical details\" width=\"1065\" height=\"391\" \/><\/a><\/p>\n<p>Custom tailored sizes upon request!<\/p>\n<\/div><\/div><\/div><\/div><\/div><div class=\"fusion-clearfix\"><\/div><\/div><\/div><\/div><\/div><div class=\"fusion-fullwidth fullwidth-box fusion-builder-row-7 nonhundred-percent-fullwidth non-hundred-percent-height-scrolling\" style=\"--awb-background-position:left top;--awb-border-radius-top-left:0px;--awb-border-radius-top-right:0px;--awb-border-radius-bottom-right:0px;--awb-border-radius-bottom-left:0px;--awb-padding-top:20px;--awb-border-sizes-top:0px;--awb-border-sizes-bottom:0px;--awb-flex-wrap:wrap;\" ><div class=\"fusion-builder-row fusion-row\"><div class=\"fusion-layout-column fusion_builder_column fusion-builder-column-9 fusion_builder_column_1_1 1_1 fusion-one-full fusion-column-first fusion-column-last fusion-column-no-min-height\" style=\"--awb-bg-size:cover;--awb-margin-bottom:0px;\"><div class=\"fusion-column-wrapper fusion-flex-column-wrapper-legacy\"><div class=\"fusion-text fusion-text-8\"><h2><strong>Gal\u00e9ria<\/strong><\/h2>\n<\/div><div class=\"fusion-sep-clear\"><\/div><div class=\"fusion-separator fusion-full-width-sep\" style=\"margin-left: auto;margin-right: auto;margin-top:0px;margin-bottom:0px;width:100%;\"><div class=\"fusion-separator-border sep-single sep-solid\" style=\"--awb-height:20px;--awb-amount:20px;--awb-sep-color:#325928;border-color:#325928;border-top-width:3px;\"><\/div><\/div><div class=\"fusion-sep-clear\"><\/div><div class=\"fusion-clearfix\"><\/div><\/div><\/div><div class=\"fusion-layout-column fusion_builder_column fusion-builder-column-10 fusion_builder_column_1_1 1_1 fusion-one-full fusion-column-first fusion-column-last\" style=\"--awb-bg-size:cover;\"><div class=\"fusion-column-wrapper fusion-flex-column-wrapper-legacy\"><div class=\"awb-gallery-wrapper awb-gallery-wrapper-1 button-span-no\"><div style=\"margin:-5px;--awb-bordersize:0px;\" class=\"fusion-gallery fusion-gallery-container fusion-grid-3 fusion-columns-total-5 fusion-gallery-layout-grid fusion-gallery-1\"><div style=\"padding:5px;\" class=\"fusion-grid-column fusion-gallery-column fusion-gallery-column-3 hover-type-none\"><div class=\"fusion-gallery-image\"><a rel=\"noreferrer\" data-rel=\"iLightbox[gallery_image_1]\" class=\"fusion-lightbox\"><img decoding=\"async\" src=\"\" width=\"\" height=\"\" alt=\"\" title=\"\" aria-label=\"\" class=\"img-responsive wp-image-4616 fusion-gallery-image-size-fixed\"  \/><\/a><\/div><\/div><div style=\"padding:5px;\" class=\"fusion-grid-column fusion-gallery-column fusion-gallery-column-3 hover-type-none\"><div class=\"fusion-gallery-image\"><a rel=\"noreferrer\" data-rel=\"iLightbox[gallery_image_1]\" class=\"fusion-lightbox\"><img decoding=\"async\" src=\"\" width=\"\" height=\"\" alt=\"\" title=\"\" aria-label=\"\" class=\"img-responsive wp-image-4562 fusion-gallery-image-size-fixed\"  \/><\/a><\/div><\/div><div style=\"padding:5px;\" class=\"fusion-grid-column fusion-gallery-column fusion-gallery-column-3 hover-type-none\"><div class=\"fusion-gallery-image\"><a rel=\"noreferrer\" data-rel=\"iLightbox[gallery_image_1]\" class=\"fusion-lightbox\"><img decoding=\"async\" src=\"\" width=\"\" height=\"\" alt=\"\" title=\"\" aria-label=\"\" class=\"img-responsive wp-image-4559 fusion-gallery-image-size-fixed\"  \/><\/a><\/div><\/div><div class=\"clearfix\"><\/div><div style=\"padding:5px;\" class=\"fusion-grid-column fusion-gallery-column fusion-gallery-column-3 hover-type-none\"><div class=\"fusion-gallery-image\"><a rel=\"noreferrer\" data-rel=\"iLightbox[gallery_image_1]\" class=\"fusion-lightbox\"><img decoding=\"async\" src=\"\" width=\"\" height=\"\" alt=\"\" title=\"\" aria-label=\"\" class=\"img-responsive wp-image-4556 fusion-gallery-image-size-fixed\"  \/><\/a><\/div><\/div><div style=\"padding:5px;\" class=\"fusion-grid-column fusion-gallery-column fusion-gallery-column-3 hover-type-none\"><div class=\"fusion-gallery-image\"><a rel=\"noreferrer\" data-rel=\"iLightbox[gallery_image_1]\" class=\"fusion-lightbox\"><img decoding=\"async\" src=\"\" width=\"\" height=\"\" alt=\"\" title=\"\" aria-label=\"\" class=\"img-responsive wp-image-5192 fusion-gallery-image-size-fixed\"  \/><\/a><\/div><\/div><\/div><\/div><div class=\"fusion-clearfix\"><\/div><\/div><\/div><\/div><\/div><div class=\"fusion-fullwidth fullwidth-box fusion-builder-row-8 nonhundred-percent-fullwidth non-hundred-percent-height-scrolling\" style=\"--awb-background-position:left top;--awb-border-radius-top-left:0px;--awb-border-radius-top-right:0px;--awb-border-radius-bottom-right:0px;--awb-border-radius-bottom-left:0px;--awb-padding-top:-20px;--awb-padding-bottom:20px;--awb-border-sizes-top:0px;--awb-border-sizes-bottom:0px;--awb-flex-wrap:wrap;\" ><div class=\"fusion-builder-row fusion-row\"><div class=\"fusion-layout-column fusion_builder_column fusion-builder-column-11 fusion_builder_column_1_1 1_1 fusion-one-full fusion-column-first fusion-column-last\" style=\"--awb-bg-size:cover;\"><div class=\"fusion-column-wrapper fusion-flex-column-wrapper-legacy\"><div class=\"fusion-title title fusion-title-1 fusion-title-text fusion-title-size-two\"><h2 class=\"fusion-title-heading title-heading-left fusion-responsive-typography-calculated\" style=\"margin:0;--fontSize:20;--minFontSize:20;line-height:1.35;\">Term\u00e9keink<\/h2><span class=\"awb-title-spacer\"><\/span><div class=\"title-sep-container\"><div class=\"title-sep sep-double sep-solid\" style=\"border-color:#e0dede;\"><\/div><\/div><\/div><div class=\"fusion-image-carousel fusion-image-carousel-auto fusion-image-carousel-1 fusion-carousel-border\"><div class=\"awb-carousel awb-swiper awb-swiper-carousel\" data-autoplay=\"yes\" data-columns=\"4\" data-itemmargin=\"13\" data-itemwidth=\"180\" data-touchscroll=\"no\" data-imagesize=\"auto\" data-scrollitems=\"1\" style=\"--awb-columns:4;\"><div class=\"swiper-wrapper awb-image-carousel-wrapper fusion-flex-align-items-center\"><div class=\"swiper-slide\"><div class=\"fusion-carousel-item-wrapper\"><div class=\"fusion-image-wrapper hover-type-liftup\"><a href=\" https:\/\/kuxmann.de\/products\/sand-spreader-kurier\/\" target=\"_self\"><img decoding=\"async\" src=\"https:\/\/kuxmann.de\/wp-content\/uploads\/KUXMANN_sand_spreader_preview_2016-1024x683.jpg\" alt=\"Kuxmann Sand spreader\"\/><\/a><\/div><\/div><\/div><div class=\"swiper-slide\"><div class=\"fusion-carousel-item-wrapper\"><div class=\"fusion-image-wrapper hover-type-liftup\"><a href=\" https:\/\/kuxmann.de\/products\/kurier-lime-spreader\/\" target=\"_self\"><img decoding=\"async\" src=\"https:\/\/kuxmann.de\/wp-content\/uploads\/KUXMANN_Lime_spreader_preview_2016-1024x683.jpg\" alt=\"KUXMANN KURIER Lime spreader\"\/><\/a><\/div><\/div><\/div><div class=\"swiper-slide\"><div class=\"fusion-carousel-item-wrapper\"><div class=\"fusion-image-wrapper hover-type-liftup\"><a href=\" https:\/\/kuxmann.de\/products\/kurier-lime-spreader\/\" target=\"_self\"><img decoding=\"async\" src=\"https:\/\/kuxmann.de\/wp-content\/uploads\/KUXMANN_Lime_spreader_Auger_preview_2016-1024x683.jpg\" alt=\"KUXMANN Lime spreader - Auger module\"\/><\/a><\/div><\/div><\/div><div class=\"swiper-slide\"><div class=\"fusion-carousel-item-wrapper\"><div class=\"fusion-image-wrapper hover-type-liftup\"><a href=\"https:\/\/kuxmann.de\/hu\/termekek\/a-kurier-mutragyaszoro\/\" target=\"_self\"><img decoding=\"async\" src=\"https:\/\/kuxmann.de\/wp-content\/uploads\/KUXMANN_Large_area_spreader_preview_2016-300x200.jpg\" alt=\"KUXMANN KURIER Large-area spreader\"\/><\/a><\/div><\/div><\/div><div class=\"swiper-slide\"><div class=\"fusion-carousel-item-wrapper\"><div class=\"fusion-image-wrapper hover-type-liftup\"><a href=\"https:\/\/kuxmann.de\/hu\/termekek\/bms-vontatott-kotoanyagszoro\/\" target=\"_self\"><img decoding=\"async\" src=\"https:\/\/kuxmann.de\/wp-content\/uploads\/KUXMANN_BMS10M_spreader_preview_2016-1024x683.jpg\" alt=\"KUXMANN Binding agent spreader\"\/><\/a><\/div><\/div><\/div><div class=\"swiper-slide\"><div class=\"fusion-carousel-item-wrapper\"><div class=\"fusion-image-wrapper hover-type-liftup\"><a href=\"https:\/\/kuxmann.de\/hu\/termekek\/bms-three-point-attachment-unit\/\" target=\"_self\"><img decoding=\"async\" src=\"https:\/\/kuxmann.de\/wp-content\/uploads\/KUXMANN_BMS4M_binding-agent-spreader_Bindemittelstreuer_spreader_preview_2016-1024x683.jpg\" alt=\"KUXMANN BMS Binding agent spreader\"\/><\/a><\/div><\/div><\/div><div class=\"swiper-slide\"><div class=\"fusion-carousel-item-wrapper\"><div class=\"fusion-image-wrapper hover-type-liftup\"><a href=\"\/?page_id=3396\" target=\"_self\"><img decoding=\"async\" src=\"https:\/\/kuxmann.de\/wp-content\/uploads\/KUXMANN_BMS14M_spreader_preview_2016.jpg\" alt=\"BMS Binding agent spreader truck mounted\"\/><\/a><\/div><\/div><\/div><\/div><div class=\"awb-swiper-button awb-swiper-button-prev\"><i class=\"awb-icon-angle-left\" aria-hidden=\"true\"><\/i><\/div><div class=\"awb-swiper-button awb-swiper-button-next\"><i class=\"awb-icon-angle-right\" aria-hidden=\"true\"><\/i><\/div><\/div><\/div><div class=\"fusion-clearfix\"><\/div><\/div><\/div><\/div><\/div><div class=\"fusion-fullwidth fullwidth-box fusion-builder-row-9 hundred-percent-fullwidth non-hundred-percent-height-scrolling\" style=\"--awb-border-radius-top-left:0px;--awb-border-radius-top-right:0px;--awb-border-radius-bottom-right:0px;--awb-border-radius-bottom-left:0px;--awb-overflow:visible;--awb-flex-wrap:wrap;\" ><div class=\"fusion-builder-row fusion-row\"><div class=\"fusion-layout-column fusion_builder_column fusion-builder-column-12 fusion_builder_column_1_1 1_1 fusion-one-full fusion-column-first fusion-column-last fusion-column-no-min-height\" style=\"--awb-bg-size:cover;--awb-margin-bottom:0px;\"><div class=\"fusion-column-wrapper fusion-flex-column-wrapper-legacy\"><div class=\"fusion-alignleft\"><a class=\"fusion-button button-flat fusion-button-default-size button-darkgreen fusion-button-darkgreen button-1 fusion-button-default-span fusion-button-default-type\" target=\"_self\" href=\"https:\/\/kuxmann.de\/hu\/kapcsolat\/\"><span class=\"fusion-button-text\"><strong>K\u00e9rje szem\u00e9lyre szabott aj\u00e1nlat\u00e1t<\/strong><\/span><\/a><\/div><div class=\"fusion-clearfix\"><\/div><\/div><\/div><\/div><\/div><\/p>\n","protected":false},"excerpt":{"rendered":"","protected":false},"author":2,"featured_media":0,"parent":1044,"menu_order":0,"comment_status":"closed","ping_status":"closed","template":"","meta":{"footnotes":""},"class_list":["post-5917","page","type-page","status-publish","hentry"],"_links":{"self":[{"href":"https:\/\/kuxmann.de\/hu\/wp-json\/wp\/v2\/pages\/5917"}],"collection":[{"href":"https:\/\/kuxmann.de\/hu\/wp-json\/wp\/v2\/pages"}],"about":[{"href":"https:\/\/kuxmann.de\/hu\/wp-json\/wp\/v2\/types\/page"}],"author":[{"embeddable":true,"href":"https:\/\/kuxmann.de\/hu\/wp-json\/wp\/v2\/users\/2"}],"replies":[{"embeddable":true,"href":"https:\/\/kuxmann.de\/hu\/wp-json\/wp\/v2\/comments?post=5917"}],"version-history":[{"count":0,"href":"https:\/\/kuxmann.de\/hu\/wp-json\/wp\/v2\/pages\/5917\/revisions"}],"up":[{"embeddable":true,"href":"https:\/\/kuxmann.de\/hu\/wp-json\/wp\/v2\/pages\/1044"}],"wp:attachment":[{"href":"https:\/\/kuxmann.de\/hu\/wp-json\/wp\/v2\/media?parent=5917"}],"curies":[{"name":"wp","href":"https:\/\/api.w.org\/{rel}","templated":true}]}}