{"id":5943,"date":"2018-05-31T23:05:40","date_gmt":"2018-05-31T21:05:40","guid":{"rendered":"https:\/\/kuxmann.de\/termekek\/kuxmann-teli-utszoro-gep\/"},"modified":"2018-05-31T23:05:45","modified_gmt":"2018-05-31T21:05:45","slug":"kuxmann-teli-utszoro-gep","status":"publish","type":"page","link":"https:\/\/kuxmann.de\/hu\/termekek\/kuxmann-teli-utszoro-gep\/","title":{"rendered":"KUXMANN T\u00e9li \u00datsz\u00f3r\u00f3 g\u00e9p"},"content":{"rendered":"<p><div class=\"fusion-fullwidth fullwidth-box fusion-builder-row-1 hundred-percent-fullwidth non-hundred-percent-height-scrolling\" style=\"--awb-border-radius-top-left:0px;--awb-border-radius-top-right:0px;--awb-border-radius-bottom-right:0px;--awb-border-radius-bottom-left:0px;--awb-overflow:visible;--awb-flex-wrap:wrap;\" ><div class=\"fusion-builder-row fusion-row\"><div class=\"fusion-layout-column fusion_builder_column fusion-builder-column-0 fusion_builder_column_1_1 1_1 fusion-one-full fusion-column-first fusion-column-last fusion-column-no-min-height\" style=\"--awb-bg-size:cover;--awb-margin-bottom:0px;\"><div class=\"fusion-column-wrapper fusion-flex-column-wrapper-legacy\"><div class=\"fusion-menu-anchor\" id=\"home\"><\/div><div class=\"fusion-clearfix\"><\/div><\/div><\/div><\/div><\/div><div class=\"fusion-fullwidth fullwidth-box fusion-builder-row-2 nonhundred-percent-fullwidth non-hundred-percent-height-scrolling fusion-equal-height-columns\" style=\"--awb-border-color:#dadada;--awb-border-radius-top-left:0px;--awb-border-radius-top-right:0px;--awb-border-radius-bottom-right:0px;--awb-border-radius-bottom-left:0px;--awb-padding-top:0px;--awb-padding-right:0px;--awb-padding-bottom:5px;--awb-padding-left:0px;--awb-background-color:#fff;--awb-border-sizes-top:0px;--awb-border-sizes-bottom:0px;--awb-flex-wrap:wrap;\" ><div class=\"fusion-builder-row fusion-row\"><div class=\"fusion-layout-column fusion_builder_column fusion-builder-column-1 fusion_builder_column_1_1 1_1 fusion-one-full fusion-column-first fusion-column-last\" style=\"--awb-bg-size:cover;--awb-border-color:#dadada;--awb-border-bottom:0px;--awb-border-style:solid;--awb-margin-top:-32px;\"><div class=\"fusion-column-wrapper fusion-flex-column-wrapper-legacy\"><div class=\"fusion-text fusion-text-1\"><h1>KUXMANN T\u00e9li \u00datsz\u00f3r\u00f3 g\u00e9p <\/h1>\n<\/div><div class=\"fusion-clearfix\"><\/div><\/div><\/div><\/div><\/div><div class=\"fusion-fullwidth fullwidth-box fusion-builder-row-3 nonhundred-percent-fullwidth non-hundred-percent-height-scrolling\" style=\"--awb-background-position:left top;--awb-border-radius-top-left:0px;--awb-border-radius-top-right:0px;--awb-border-radius-bottom-right:0px;--awb-border-radius-bottom-left:0px;--awb-border-sizes-top:0px;--awb-border-sizes-bottom:0px;--awb-flex-wrap:wrap;\" ><div class=\"fusion-builder-row fusion-row\"><div class=\"fusion-layout-column fusion_builder_column fusion-builder-column-2 fusion_builder_column_1_2 1_2 fusion-one-half fusion-column-first\" style=\"--awb-bg-size:cover;width:48%; margin-right: 4%;\"><div class=\"fusion-column-wrapper fusion-flex-column-wrapper-legacy\"><div class=\"fusion-text fusion-text-2\"><p><img decoding=\"async\" class=\"alignnone wp-image-104 size-large\" src=\"https:\/\/kuxmann.de\/wp-content\/uploads\/02830009-680x450.jpg\" alt=\"\" width=\"669\" height=\"443\" srcset=\"https:\/\/kuxmann.de\/wp-content\/uploads\/02830009-125x82.jpg 125w, https:\/\/kuxmann.de\/wp-content\/uploads\/02830009-250x165.jpg 250w, https:\/\/kuxmann.de\/wp-content\/uploads\/02830009-680x450.jpg 680w\" sizes=\"(max-width: 669px) 100vw, 669px\" \/><\/p>\n<p style=\"text-align: justify;\">An example configuration of a Control System driven spreader can be a <strong>weighting system, hydraulic controlled spreading discs, a hydraulic driven conveyor and a precision GPS system<\/strong>.<\/p>\n<\/div><div class=\"fusion-clearfix\"><\/div><\/div><\/div><div class=\"fusion-layout-column fusion_builder_column fusion-builder-column-3 fusion_builder_column_1_2 1_2 fusion-one-half fusion-column-last\" style=\"--awb-bg-size:cover;--awb-margin-top:-6px;width:48%;\"><div class=\"fusion-column-wrapper fusion-flex-column-wrapper-legacy\"><div class=\"fusion-text fusion-text-3\"><h2><strong>For the safe streets<\/strong><\/h2>\n<p><span style=\"font-weight: 400;\">Especially in winter it is important that your <strong>working equipment is very reliable<\/strong>. For this reason KUXMANN offers a spreader for winter services. <\/span><div class=\"fusion-menu-anchor\" id=\"Spreading modules\"><\/div>\n<span style=\"font-weight: 400;\">These machines are also featured by a reliable design, years of successful experience, following-up customer wishes. Spreaders for winter service are available in the sizes of <strong>K8000, K12000, K12000 Tandem and K18000 Tandem. <\/strong><\/span><\/p>\n<p>The spreaders can be equipped with a <strong>Control system<\/strong>, which also enables the possibility of <strong>Precision Spreading<\/strong>.\u00a0<\/p>\n<\/div><div class=\"fusion-clearfix\"><\/div><\/div><\/div><\/div><\/div><div class=\"fusion-fullwidth fullwidth-box fusion-builder-row-4 hundred-percent-fullwidth non-hundred-percent-height-scrolling fusion-equal-height-columns\" style=\"--awb-background-position:left top;--awb-border-radius-top-left:0px;--awb-border-radius-top-right:0px;--awb-border-radius-bottom-right:0px;--awb-border-radius-bottom-left:0px;--awb-padding-top:13px;--awb-border-sizes-top:0px;--awb-border-sizes-bottom:0px;--awb-flex-wrap:wrap;\" ><div class=\"fusion-builder-row fusion-row\"><div class=\"fusion-layout-column fusion_builder_column fusion-builder-column-4 fusion_builder_column_1_1 1_1 fusion-one-full fusion-column-first fusion-column-last fusion-column-no-min-height\" style=\"--awb-bg-size:cover;--awb-margin-bottom:0px;\"><div class=\"fusion-column-wrapper fusion-flex-column-wrapper-legacy\"><div class=\"fusion-text fusion-text-4\"><h2><strong>Spreading Module<\/strong><\/h2>\n<\/div><div class=\"fusion-sep-clear\"><\/div><div class=\"fusion-separator fusion-full-width-sep\" style=\"margin-left: auto;margin-right: auto;margin-top:0px;margin-bottom:15px;width:100%;\"><div class=\"fusion-separator-border sep-single sep-solid\" style=\"--awb-height:20px;--awb-amount:20px;--awb-sep-color:#325928;border-color:#325928;border-top-width:3px;\"><\/div><\/div><div class=\"fusion-sep-clear\"><\/div><div class=\"fusion-clearfix\"><\/div><\/div><\/div><div class=\"fusion-layout-column fusion_builder_column fusion-builder-column-5 fusion_builder_column_1_1 1_1 fusion-one-full fusion-column-first fusion-column-last\" style=\"--awb-bg-size:cover;\"><div class=\"fusion-column-wrapper fusion-flex-column-wrapper-legacy\"><div class=\"fusion-text fusion-text-5\"><p><a title=\"Kuxmann-winter-service-spreading-modul\" href=\"https:\/\/kuxmann.de\/wp-content\/uploads\/Lime-2.jpg\" rel=\"prettyPhoto\"><img decoding=\"async\" class=\"alignleft\" src=\"https:\/\/kuxmann.de\/wp-content\/uploads\/Lime-2.jpg\" alt=\"Kuxmann-winter-service-spreading-modul\" width=\"200\" height=\"113\" \/><\/a><strong>Spreading Module for winter service<\/strong> <div class=\"fusion-menu-anchor\" id=\"Technical\"><\/div><\/p>\n<p style=\"text-align: left;\">The Kurier standard spreading module for sand, salt and grit with a <strong>spreading width up to 24m<\/strong>. This spreading module proved its reliability during the last decades and showed its high precision. In the year 2014 the module got an update.<\/p>\n<p style=\"text-align: left;\">Thanks to the V-belt system, which powers the spinning discs, <strong>the spreading module absorbs shock loads without damaging the transmission.<\/strong> The V-belts are self-tightening thanks to <strong>an innovative new spring system.\u00a0<\/strong><\/p>\n<\/div><div class=\"fusion-clearfix\"><\/div><\/div><\/div><\/div><\/div><div class=\"fusion-fullwidth fullwidth-box fusion-builder-row-5 nonhundred-percent-fullwidth non-hundred-percent-height-scrolling fusion-equal-height-columns\" style=\"--awb-border-color:#dadada;--awb-border-radius-top-left:0px;--awb-border-radius-top-right:0px;--awb-border-radius-bottom-right:0px;--awb-border-radius-bottom-left:0px;--awb-padding-top:13px;--awb-padding-right:0px;--awb-padding-bottom:13px;--awb-padding-left:0px;--awb-background-color:#fff;--awb-border-sizes-top:0px;--awb-border-sizes-bottom:0px;--awb-flex-wrap:wrap;\" ><div class=\"fusion-builder-row fusion-row\"><div class=\"fusion-layout-column fusion_builder_column fusion-builder-column-6 fusion_builder_column_1_1 1_1 fusion-one-full fusion-column-first fusion-column-last fusion-column-no-min-height\" style=\"--awb-bg-size:cover;--awb-margin-bottom:0px;\"><div class=\"fusion-column-wrapper fusion-flex-column-wrapper-legacy\"><div class=\"fusion-text fusion-text-6\"><h2><strong>Technical Details<\/strong><\/h2>\n<div class=\"fusion-menu-anchor\" id=\"Gallery\"><\/div>\n<\/div><div class=\"fusion-sep-clear\"><\/div><div class=\"fusion-separator fusion-full-width-sep\" style=\"margin-left: auto;margin-right: auto;margin-top:0px;margin-bottom:0px;width:100%;\"><div class=\"fusion-separator-border sep-single sep-solid\" style=\"--awb-height:20px;--awb-amount:20px;--awb-sep-color:#325928;border-color:#325928;border-top-width:3px;\"><\/div><\/div><div class=\"fusion-sep-clear\"><\/div><div class=\"fusion-clearfix\"><\/div><\/div><\/div><div class=\"fusion-layout-column fusion_builder_column fusion-builder-column-7 fusion_builder_column_1_1 1_1 fusion-one-full fusion-column-first fusion-column-last\" style=\"--awb-bg-size:cover;\"><div class=\"fusion-column-wrapper fusion-flex-column-wrapper-legacy\"><div class=\"accordian fusion-accordian\" style=\"--awb-border-size:1px;--awb-icon-size:13px;--awb-content-font-size:14px;--awb-icon-alignment:left;--awb-hover-color:#f9f9f9;--awb-border-color:#cccccc;--awb-background-color:#ffffff;--awb-divider-color:#e0dede;--awb-divider-hover-color:#e0dede;--awb-icon-color:#ffffff;--awb-title-color:#333333;--awb-content-color:#545454;--awb-icon-box-color:#333333;--awb-toggle-hover-accent-color:#325928;--awb-title-font-family:&quot;Roboto&quot;;--awb-title-font-weight:400;--awb-title-font-style:normal;--awb-title-font-size:16px;--awb-title-letter-spacing:0px;--awb-title-line-height:1.19;--awb-content-font-family:&quot;Roboto&quot;;--awb-content-font-style:normal;--awb-content-font-weight:300;\"><div class=\"panel-group fusion-toggle-icon-boxed\" id=\"accordion-5943-1\"><div class=\"fusion-panel panel-default panel-19fc3e2fc73159ad9 fusion-toggle-has-divider\"><div class=\"panel-heading\"><h4 class=\"panel-title toggle\" id=\"toggle_19fc3e2fc73159ad9\"><a aria-expanded=\"false\" aria-controls=\"19fc3e2fc73159ad9\" role=\"button\" data-toggle=\"collapse\" data-parent=\"#accordion-5943-1\" data-target=\"#19fc3e2fc73159ad9\" href=\"#19fc3e2fc73159ad9\"><span class=\"fusion-toggle-icon-wrapper\" aria-hidden=\"true\"><i class=\"fa-fusion-box active-icon awb-icon-minus\" aria-hidden=\"true\"><\/i><i class=\"fa-fusion-box inactive-icon awb-icon-plus\" aria-hidden=\"true\"><\/i><\/span><span class=\"fusion-toggle-heading\">Sizes<\/span><\/a><\/h4><\/div><div id=\"19fc3e2fc73159ad9\" class=\"panel-collapse collapse \" aria-labelledby=\"toggle_19fc3e2fc73159ad9\"><div class=\"panel-body toggle-content fusion-clearfix\"><div class=\"fusion-image-element in-legacy-container\" style=\"--awb-caption-title-font-family:var(--h2_typography-font-family);--awb-caption-title-font-weight:var(--h2_typography-font-weight);--awb-caption-title-font-style:var(--h2_typography-font-style);--awb-caption-title-size:var(--h2_typography-font-size);--awb-caption-title-transform:var(--h2_typography-text-transform);--awb-caption-title-line-height:var(--h2_typography-line-height);--awb-caption-title-letter-spacing:var(--h2_typography-letter-spacing);\"><span class=\" fusion-imageframe imageframe-none imageframe-1 hover-type-none\"><a href=\"https:\/\/kuxmann.de\/wp-content\/uploads\/Kurier-fertilizer-spreader-sizes.png\" class=\"fusion-lightbox\" data-rel=\"iLightbox[58f5d3800f5e9dfdc48]\" data-title=\"kurier-fertilizer-spreader-sizes\" title=\"kurier-fertilizer-spreader-sizes\"><img decoding=\"async\" width=\"864\" height=\"331\" src=\"https:\/\/kuxmann.de\/wp-content\/uploads\/Kurier-fertilizer-spreader-sizes.png\" alt class=\"img-responsive wp-image-4758\" srcset=\"https:\/\/kuxmann.de\/wp-content\/uploads\/Kurier-fertilizer-spreader-sizes-300x115.png 300w, https:\/\/kuxmann.de\/wp-content\/uploads\/Kurier-fertilizer-spreader-sizes-768x294.png 768w, https:\/\/kuxmann.de\/wp-content\/uploads\/Kurier-fertilizer-spreader-sizes.png 864w\" sizes=\"(max-width: 864px) 100vw, 864px\" \/><\/a><\/span><\/div>\n<p>&nbsp;<\/p>\n<p>Custom sizes upon request<\/div><\/div><\/div><div class=\"fusion-panel panel-default panel-dc63b938c17d334aa fusion-toggle-has-divider\"><div class=\"panel-heading\"><h4 class=\"panel-title toggle\" id=\"toggle_dc63b938c17d334aa\"><a aria-expanded=\"false\" aria-controls=\"dc63b938c17d334aa\" role=\"button\" data-toggle=\"collapse\" data-parent=\"#accordion-5943-1\" data-target=\"#dc63b938c17d334aa\" href=\"#dc63b938c17d334aa\"><span class=\"fusion-toggle-icon-wrapper\" aria-hidden=\"true\"><i class=\"fa-fusion-box active-icon awb-icon-minus\" aria-hidden=\"true\"><\/i><i class=\"fa-fusion-box inactive-icon awb-icon-plus\" aria-hidden=\"true\"><\/i><\/span><span class=\"fusion-toggle-heading\">Material to spread<\/span><\/a><\/h4><\/div><div id=\"dc63b938c17d334aa\" class=\"panel-collapse collapse \" aria-labelledby=\"toggle_dc63b938c17d334aa\"><div class=\"panel-body toggle-content fusion-clearfix\">\n<p>The machine can spread <strong>sand, salt and grit.<\/strong><\/p>\n<\/div><\/div><\/div><\/div><\/div><div class=\"fusion-clearfix\"><\/div><\/div><\/div><\/div><\/div><div class=\"fusion-fullwidth fullwidth-box fusion-builder-row-6 nonhundred-percent-fullwidth non-hundred-percent-height-scrolling\" style=\"--awb-background-position:left top;--awb-border-radius-top-left:0px;--awb-border-radius-top-right:0px;--awb-border-radius-bottom-right:0px;--awb-border-radius-bottom-left:0px;--awb-padding-top:20px;--awb-border-sizes-top:0px;--awb-border-sizes-bottom:0px;--awb-flex-wrap:wrap;\" ><div class=\"fusion-builder-row fusion-row\"><div class=\"fusion-layout-column fusion_builder_column fusion-builder-column-8 fusion_builder_column_1_1 1_1 fusion-one-full fusion-column-first fusion-column-last fusion-column-no-min-height\" style=\"--awb-bg-size:cover;--awb-margin-bottom:0px;\"><div class=\"fusion-column-wrapper fusion-flex-column-wrapper-legacy\"><div class=\"fusion-text fusion-text-7\"><h2><strong>Gallery<\/strong><\/h2>\n<\/div><div class=\"fusion-sep-clear\"><\/div><div class=\"fusion-separator fusion-full-width-sep\" style=\"margin-left: auto;margin-right: auto;margin-top:0px;margin-bottom:0px;width:100%;\"><div class=\"fusion-separator-border sep-single sep-solid\" style=\"--awb-height:20px;--awb-amount:20px;--awb-sep-color:#325928;border-color:#325928;border-top-width:3px;\"><\/div><\/div><div class=\"fusion-sep-clear\"><\/div><div class=\"fusion-clearfix\"><\/div><\/div><\/div><div class=\"fusion-layout-column fusion_builder_column fusion-builder-column-9 fusion_builder_column_1_1 1_1 fusion-one-full fusion-column-first fusion-column-last\" style=\"--awb-bg-size:cover;\"><div class=\"fusion-column-wrapper fusion-flex-column-wrapper-legacy\"><div class=\"fusion-text fusion-text-8\"><p>[maxgallery id=&#8221;3378&#8243;]<\/p>\n<\/div><div class=\"fusion-clearfix\"><\/div><\/div><\/div><\/div><\/div><div class=\"fusion-fullwidth fullwidth-box fusion-builder-row-7 nonhundred-percent-fullwidth non-hundred-percent-height-scrolling\" style=\"--awb-background-position:left top;--awb-border-radius-top-left:0px;--awb-border-radius-top-right:0px;--awb-border-radius-bottom-right:0px;--awb-border-radius-bottom-left:0px;--awb-padding-top:-20px;--awb-padding-bottom:20px;--awb-border-sizes-top:0px;--awb-border-sizes-bottom:0px;--awb-flex-wrap:wrap;\" ><div class=\"fusion-builder-row fusion-row\"><div class=\"fusion-layout-column fusion_builder_column fusion-builder-column-10 fusion_builder_column_1_1 1_1 fusion-one-full fusion-column-first fusion-column-last\" style=\"--awb-bg-size:cover;\"><div class=\"fusion-column-wrapper fusion-flex-column-wrapper-legacy\"><div class=\"fusion-title title fusion-title-1 fusion-title-text fusion-title-size-two\"><h2 class=\"fusion-title-heading title-heading-left fusion-responsive-typography-calculated\" style=\"margin:0;--fontSize:20;--minFontSize:20;line-height:1.35;\">Our Products<\/h2><span class=\"awb-title-spacer\"><\/span><div class=\"title-sep-container\"><div class=\"title-sep sep-double sep-solid\" style=\"border-color:#e0dede;\"><\/div><\/div><\/div><div class=\"fusion-image-carousel fusion-image-carousel-auto fusion-image-carousel-1 fusion-carousel-border\"><div class=\"awb-carousel awb-swiper awb-swiper-carousel\" data-autoplay=\"yes\" data-columns=\"4\" data-itemmargin=\"13\" data-itemwidth=\"180\" data-touchscroll=\"no\" data-imagesize=\"auto\" data-scrollitems=\"1\" style=\"--awb-columns:4;\"><div class=\"swiper-wrapper awb-image-carousel-wrapper fusion-flex-align-items-center\"><div class=\"swiper-slide\"><div class=\"fusion-carousel-item-wrapper\"><div class=\"fusion-image-wrapper hover-type-liftup\"><a href=\" https:\/\/kuxmann.de\/products\/sand-spreader-kurier\/\" target=\"_self\"><img decoding=\"async\" src=\"https:\/\/kuxmann.de\/wp-content\/uploads\/KUXMANN_sand_spreader_preview_2016-1024x683.jpg\" alt=\"Kuxmann Sand spreader\"\/><\/a><\/div><\/div><\/div><div class=\"swiper-slide\"><div class=\"fusion-carousel-item-wrapper\"><div class=\"fusion-image-wrapper hover-type-liftup\"><a href=\" https:\/\/kuxmann.de\/products\/kurier-lime-spreader\/\" target=\"_self\"><img decoding=\"async\" src=\"https:\/\/kuxmann.de\/wp-content\/uploads\/KUXMANN_Lime_spreader_preview_2016-1024x683.jpg\" alt=\"KUXMANN KURIER Lime spreader\"\/><\/a><\/div><\/div><\/div><div class=\"swiper-slide\"><div class=\"fusion-carousel-item-wrapper\"><div class=\"fusion-image-wrapper hover-type-liftup\"><a href=\" https:\/\/kuxmann.de\/products\/kurier-lime-spreader\/\" target=\"_self\"><img decoding=\"async\" src=\"https:\/\/kuxmann.de\/wp-content\/uploads\/KUXMANN_Lime_spreader_Auger_preview_2016-1024x683.jpg\" alt=\"KUXMANN Lime spreader - Auger module\"\/><\/a><\/div><\/div><\/div><div class=\"swiper-slide\"><div class=\"fusion-carousel-item-wrapper\"><div class=\"fusion-image-wrapper hover-type-liftup\"><a href=\"https:\/\/kuxmann.de\/hu\/termekek\/a-kurier-mutragyaszoro\/\" target=\"_self\"><img decoding=\"async\" src=\"https:\/\/kuxmann.de\/wp-content\/uploads\/KUXMANN_Large_area_spreader_preview_2016-300x200.jpg\" alt=\"KUXMANN KURIER Large-area spreader\"\/><\/a><\/div><\/div><\/div><div class=\"swiper-slide\"><div class=\"fusion-carousel-item-wrapper\"><div class=\"fusion-image-wrapper hover-type-liftup\"><a href=\"https:\/\/kuxmann.de\/hu\/termekek\/bms-vontatott-kotoanyagszoro\/\" target=\"_self\"><img decoding=\"async\" src=\"https:\/\/kuxmann.de\/wp-content\/uploads\/KUXMANN_BMS10M_spreader_preview_2016-1024x683.jpg\" alt=\"KUXMANN Binding agent spreader\"\/><\/a><\/div><\/div><\/div><div class=\"swiper-slide\"><div class=\"fusion-carousel-item-wrapper\"><div class=\"fusion-image-wrapper hover-type-liftup\"><a href=\"https:\/\/kuxmann.de\/hu\/termekek\/bms-three-point-attachment-unit\/\" target=\"_self\"><img decoding=\"async\" src=\"https:\/\/kuxmann.de\/wp-content\/uploads\/KUXMANN_BMS4M_binding-agent-spreader_Bindemittelstreuer_spreader_preview_2016-1024x683.jpg\" alt=\"KUXMANN BMS Binding agent spreader\"\/><\/a><\/div><\/div><\/div><div class=\"swiper-slide\"><div class=\"fusion-carousel-item-wrapper\"><div class=\"fusion-image-wrapper hover-type-liftup\"><a href=\"https:\/\/kuxmann.de\/hu\/termekek\/bms-kotoanyagszoro-felepitmeny\/\" target=\"_self\"><img decoding=\"async\" src=\"https:\/\/kuxmann.de\/wp-content\/uploads\/KUXMANN_BMS14M_spreader_preview_2016.jpg\" alt=\"BMS Binding agent spreader truck mounted\"\/><\/a><\/div><\/div><\/div><\/div><div class=\"awb-swiper-button awb-swiper-button-prev\"><i class=\"awb-icon-angle-left\" aria-hidden=\"true\"><\/i><\/div><div class=\"awb-swiper-button awb-swiper-button-next\"><i class=\"awb-icon-angle-right\" aria-hidden=\"true\"><\/i><\/div><\/div><\/div><div class=\"fusion-clearfix\"><\/div><\/div><\/div><\/div><\/div><div class=\"fusion-fullwidth fullwidth-box fusion-builder-row-8 hundred-percent-fullwidth non-hundred-percent-height-scrolling\" style=\"--awb-border-radius-top-left:0px;--awb-border-radius-top-right:0px;--awb-border-radius-bottom-right:0px;--awb-border-radius-bottom-left:0px;--awb-overflow:visible;--awb-flex-wrap:wrap;\" ><div class=\"fusion-builder-row fusion-row\"><div class=\"fusion-layout-column fusion_builder_column fusion-builder-column-11 fusion_builder_column_1_1 1_1 fusion-one-full fusion-column-first fusion-column-last fusion-column-no-min-height\" style=\"--awb-bg-size:cover;--awb-margin-bottom:0px;\"><div class=\"fusion-column-wrapper fusion-flex-column-wrapper-legacy\"><div class=\"fusion-alignleft\"><a class=\"fusion-button button-flat fusion-button-default-size button-darkgreen fusion-button-darkgreen button-1 fusion-button-default-span fusion-button-default-type\" target=\"_self\" href=\"https:\/\/kuxmann.de\/hu\/kapcsolat\/\"><span class=\"fusion-button-text\"><strong>Contact us for your personal offer<\/strong><\/span><\/a><\/div><div class=\"fusion-clearfix\"><\/div><\/div><\/div><\/div><\/div><\/p>\n","protected":false},"excerpt":{"rendered":"","protected":false},"author":2,"featured_media":0,"parent":1044,"menu_order":0,"comment_status":"closed","ping_status":"closed","template":"","meta":{"footnotes":""},"class_list":["post-5943","page","type-page","status-publish","hentry"],"_links":{"self":[{"href":"https:\/\/kuxmann.de\/hu\/wp-json\/wp\/v2\/pages\/5943"}],"collection":[{"href":"https:\/\/kuxmann.de\/hu\/wp-json\/wp\/v2\/pages"}],"about":[{"href":"https:\/\/kuxmann.de\/hu\/wp-json\/wp\/v2\/types\/page"}],"author":[{"embeddable":true,"href":"https:\/\/kuxmann.de\/hu\/wp-json\/wp\/v2\/users\/2"}],"replies":[{"embeddable":true,"href":"https:\/\/kuxmann.de\/hu\/wp-json\/wp\/v2\/comments?post=5943"}],"version-history":[{"count":0,"href":"https:\/\/kuxmann.de\/hu\/wp-json\/wp\/v2\/pages\/5943\/revisions"}],"up":[{"embeddable":true,"href":"https:\/\/kuxmann.de\/hu\/wp-json\/wp\/v2\/pages\/1044"}],"wp:attachment":[{"href":"https:\/\/kuxmann.de\/hu\/wp-json\/wp\/v2\/media?parent=5943"}],"curies":[{"name":"wp","href":"https:\/\/api.w.org\/{rel}","templated":true}]}}