{"id":6014,"date":"2018-05-31T23:35:30","date_gmt":"2018-05-31T21:35:30","guid":{"rendered":"https:\/\/kuxmann.de\/termekek\/kuxmann-bms-kotoanyagszorok\/"},"modified":"2018-06-02T22:12:46","modified_gmt":"2018-06-02T20:12:46","slug":"kuxmann-bms-kotoanyagszorok","status":"publish","type":"page","link":"https:\/\/kuxmann.de\/hu\/termekek\/kuxmann-bms-kotoanyagszorok\/","title":{"rendered":"KUXMANN BMS K\u00f6t\u0151anyagsz\u00f3r\u00f3k"},"content":{"rendered":"<p><div class=\"fusion-fullwidth fullwidth-box fusion-builder-row-1 hundred-percent-fullwidth non-hundred-percent-height-scrolling fusion-equal-height-columns\" style=\"--awb-background-position:left top;--awb-border-radius-top-left:0px;--awb-border-radius-top-right:0px;--awb-border-radius-bottom-right:0px;--awb-border-radius-bottom-left:0px;--awb-padding-top:20px;--awb-padding-bottom:20px;--awb-border-sizes-top:0px;--awb-border-sizes-bottom:0px;--awb-flex-wrap:wrap;\" ><div class=\"fusion-builder-row fusion-row\"><div class=\"fusion-layout-column fusion_builder_column fusion-builder-column-0 fusion_builder_column_1_3 1_3 fusion-one-third fusion-column-first\" style=\"--awb-bg-color:#f2f2f2;--awb-bg-color-hover:#f2f2f2;--awb-bg-size:cover;--awb-border-color:#325928;--awb-border-top:3px;--awb-border-style:solid;width:30.6666%; margin-right: 4%;\"><div class=\"fusion-column-wrapper fusion-flex-column-wrapper-legacy\"><div class=\"fusion-text fusion-text-1\"><p><a href=\"https:\/\/kuxmann.de\/hu\/termekek\/bms-3-pont-felfuggesztesu-kotoanyagszoro\/\"><img decoding=\"async\" class=\"alignnone wp-image-2117 size-full\" src=\"https:\/\/kuxmann.de\/wp-content\/uploads\/Kuxmann-Binding-agent-spreader-Bindemittelstreuer-4t-Anbaustreuer-10.jpg\" alt=\"Kuxmann-Bindemittelstreuer-Binding-agent-spreader-4t-Anbaustreuer.\" width=\"939\" height=\"626\" srcset=\"https:\/\/kuxmann.de\/wp-content\/uploads\/Kuxmann-Binding-agent-spreader-Bindemittelstreuer-4t-Anbaustreuer-10-150x100.jpg 150w, https:\/\/kuxmann.de\/wp-content\/uploads\/Kuxmann-Binding-agent-spreader-Bindemittelstreuer-4t-Anbaustreuer-10-200x133.jpg 200w, https:\/\/kuxmann.de\/wp-content\/uploads\/Kuxmann-Binding-agent-spreader-Bindemittelstreuer-4t-Anbaustreuer-10-250x166.jpg 250w, https:\/\/kuxmann.de\/wp-content\/uploads\/Kuxmann-Binding-agent-spreader-Bindemittelstreuer-4t-Anbaustreuer-10-300x200.jpg 300w, https:\/\/kuxmann.de\/wp-content\/uploads\/Kuxmann-Binding-agent-spreader-Bindemittelstreuer-4t-Anbaustreuer-10-768x512.jpg 768w, https:\/\/kuxmann.de\/wp-content\/uploads\/Kuxmann-Binding-agent-spreader-Bindemittelstreuer-4t-Anbaustreuer-10.jpg 939w\" sizes=\"(max-width: 939px) 100vw, 939px\" \/><\/a><\/p>\n<h2 style=\"margin-left: 10px;\"><a href=\"https:\/\/kuxmann.de\/hu\/termekek\/bms-3-pont-felfuggesztesu-kotoanyagszoro\/\"><strong>BMS 3 pont felf\u00fcggeszt\u00e9s\u0171 k\u00f6t\u0151anyagsz\u00f3r\u00f3 <\/strong><\/a><\/h2>\n<p style=\"margin-left: 10px; margin-right: 10px;\"><a href=\"https:\/\/kuxmann.de\/hu\/termekek\/bms-3-pont-felfuggesztesu-kotoanyagszoro\/\">A k\u00f6t\u0151anyagsz\u00f3r\u00f3 3 pont felf\u00fcggeszt\u00e9ssel 3m\u00b3 \u00e9s 4m\u00b3 tart\u00e1lyt\u00e9rfogatban \u00e9rhet\u0151 el.<\/a><\/p>\n<p style=\"margin-left: 10px; margin-right: 10px;\"><a href=\"https:\/\/kuxmann.de\/hu\/termekek\/bms-3-pont-felfuggesztesu-kotoanyagszoro\/\"><strong>Tudjon meg t\u00f6bbet \u203a<\/strong><\/a><\/p>\n<\/div><div class=\"fusion-clearfix\"><\/div><\/div><\/div><div class=\"fusion-layout-column fusion_builder_column fusion-builder-column-1 fusion_builder_column_1_3 1_3 fusion-one-third\" style=\"--awb-bg-color:#f2f2f2;--awb-bg-color-hover:#f2f2f2;--awb-bg-size:cover;--awb-border-color:#325928;--awb-border-top:3px;--awb-border-style:solid;width:30.6666%; margin-right: 4%;\"><div class=\"fusion-column-wrapper fusion-flex-column-wrapper-legacy\"><div class=\"fusion-text fusion-text-2\"><h2><a href=\"https:\/\/kuxmann.de\/hu\/termekek\/bms-vontatott-kotoanyagszoro\/\"><img decoding=\"async\" class=\"alignnone wp-image-2605 size-full\" src=\"https:\/\/kuxmann.de\/wp-content\/uploads\/KUXMANN-Binding-agent-spreader-Bindemittelstreuer-BMS-10m-Gelb-Yellow.jpg\" alt=\"KUXMANN Binding agent spreader Bindemittelstreuer BMS 10m Gelb Yellow\" width=\"3402\" height=\"2304\" srcset=\"https:\/\/kuxmann.de\/wp-content\/uploads\/KUXMANN-Binding-agent-spreader-Bindemittelstreuer-BMS-10m-Gelb-Yellow-300x203.jpg 300w, https:\/\/kuxmann.de\/wp-content\/uploads\/KUXMANN-Binding-agent-spreader-Bindemittelstreuer-BMS-10m-Gelb-Yellow-768x520.jpg 768w, https:\/\/kuxmann.de\/wp-content\/uploads\/KUXMANN-Binding-agent-spreader-Bindemittelstreuer-BMS-10m-Gelb-Yellow-1024x694.jpg 1024w, https:\/\/kuxmann.de\/wp-content\/uploads\/KUXMANN-Binding-agent-spreader-Bindemittelstreuer-BMS-10m-Gelb-Yellow.jpg 2048w\" sizes=\"(max-width: 3402px) 100vw, 3402px\" \/><\/a><\/h2>\n<h2 style=\"margin-left: 10px;\"><a href=\"https:\/\/kuxmann.de\/hu\/termekek\/bms-vontatott-kotoanyagszoro\/\"><strong>BMS vontatott k\u00f6t\u0151anyagsz\u00f3r\u00f3<\/strong><\/a><\/h2>\n<p style=\"margin-left: 10px; margin-right: 10px;\"><a href=\"https:\/\/kuxmann.de\/hu\/termekek\/bms-vontatott-kotoanyagszoro\/\">A vontatott k\u00f6t\u0151anyagsz\u00f3r\u00f3 nagy volumen\u0171 projektekhez lett kifejlesztve, ahol nagy mennyis\u00e9g\u0171 k\u00f6t\u0151anyag kisz\u00f3r\u00e1s\u00e1ra van sz\u00fcks\u00e9g egy felt\u00f6lt\u00e9ssel.<\/a><\/p>\n<p style=\"margin-left: 10px; margin-right: 10px;\"><a href=\"https:\/\/kuxmann.de\/hu\/termekek\/bms-vontatott-kotoanyagszoro\/\"><strong>Tudjon meg t\u00f6bbet \u203a<\/strong><\/a><\/p>\n<\/div><div class=\"fusion-clearfix\"><\/div><\/div><\/div><div class=\"fusion-layout-column fusion_builder_column fusion-builder-column-2 fusion_builder_column_1_3 1_3 fusion-one-third fusion-column-last\" style=\"--awb-bg-color:#f2f2f2;--awb-bg-color-hover:#f2f2f2;--awb-bg-size:cover;--awb-border-color:#325928;--awb-border-top:3px;--awb-border-style:solid;width:30.6666%;\"><div class=\"fusion-column-wrapper fusion-flex-column-wrapper-legacy\"><div class=\"fusion-text fusion-text-3\"><h2><a href=\"https:\/\/kuxmann.de\/hu\/termekek\/bms-kotoanyagszoro-felepitmeny\/\"><img decoding=\"async\" class=\"alignnone wp-image-3411 size-full\" src=\"https:\/\/kuxmann.de\/wp-content\/uploads\/BMS-Binding-agent-spreader-Truck-mounted-Bindemittelstreuer-Aufbau-LKW-Aufbau-ADT-1.png\" alt=\"bms-binding-agent-spreader-truck-mounted-bindemittelstreuer-aufbau-lkw-aufbau-adt-1\" width=\"960\" height=\"640\" srcset=\"https:\/\/kuxmann.de\/wp-content\/uploads\/BMS-Binding-agent-spreader-Truck-mounted-Bindemittelstreuer-Aufbau-LKW-Aufbau-ADT-1-150x100.png 150w, https:\/\/kuxmann.de\/wp-content\/uploads\/BMS-Binding-agent-spreader-Truck-mounted-Bindemittelstreuer-Aufbau-LKW-Aufbau-ADT-1-200x133.png 200w, https:\/\/kuxmann.de\/wp-content\/uploads\/BMS-Binding-agent-spreader-Truck-mounted-Bindemittelstreuer-Aufbau-LKW-Aufbau-ADT-1-250x166.png 250w, https:\/\/kuxmann.de\/wp-content\/uploads\/BMS-Binding-agent-spreader-Truck-mounted-Bindemittelstreuer-Aufbau-LKW-Aufbau-ADT-1-300x200.png 300w, https:\/\/kuxmann.de\/wp-content\/uploads\/BMS-Binding-agent-spreader-Truck-mounted-Bindemittelstreuer-Aufbau-LKW-Aufbau-ADT-1-768x512.png 768w, https:\/\/kuxmann.de\/wp-content\/uploads\/BMS-Binding-agent-spreader-Truck-mounted-Bindemittelstreuer-Aufbau-LKW-Aufbau-ADT-1.png 960w\" sizes=\"(max-width: 960px) 100vw, 960px\" \/><\/a><\/h2>\n<h2 style=\"margin-left: 10px;\"><a href=\"https:\/\/kuxmann.de\/hu\/termekek\/bms-kotoanyagszoro-felepitmeny\/\"><strong>BMS k\u00f6t\u0151anyagsz\u00f3r\u00f3 fel\u00e9p\u00edtm\u00e9ny<br \/>\n<\/strong><\/a><\/h2>\n<p style=\"margin-left: 10px; margin-right: 10px;\"><a href=\"https:\/\/kuxmann.de\/hu\/termekek\/bms-kotoanyagszoro-felepitmeny\/\">A k\u00f6t\u0151anyagsz\u00f3r\u00f3 fel\u00e9p\u00edtm\u00e9nyk\u00e9nt az ide\u00e1lis g\u00e9p talajstabiliz\u00e1l\u00e1sra, ahol a k\u00f6t\u0151anyag nagy teljes\u00edtm\u00e9nnyel t\u00f6rt\u00e9n\u0151 kijuttat\u00e1s\u00e1ra van sz\u00fcks\u00e9g.<\/a><\/p>\n<p style=\"margin-left: 10px; margin-right: 10px;\"><a href=\"https:\/\/kuxmann.de\/hu\/termekek\/bms-kotoanyagszoro-felepitmeny\/\"><strong>Tudjon meg t\u00f6bbet \u203a<\/strong><\/a><\/p>\n<\/div><div class=\"fusion-clearfix\"><\/div><\/div><\/div><\/div><\/div><div class=\"fusion-fullwidth fullwidth-box fusion-builder-row-2 hundred-percent-fullwidth non-hundred-percent-height-scrolling\" style=\"--awb-border-radius-top-left:0px;--awb-border-radius-top-right:0px;--awb-border-radius-bottom-right:0px;--awb-border-radius-bottom-left:0px;--awb-overflow:visible;--awb-flex-wrap:wrap;\" ><div class=\"fusion-builder-row fusion-row\"><div class=\"fusion-layout-column fusion_builder_column fusion-builder-column-3 fusion_builder_column_1_1 1_1 fusion-one-full fusion-column-first fusion-column-last fusion-column-no-min-height\" style=\"--awb-bg-size:cover;--awb-margin-bottom:0px;\"><div class=\"fusion-column-wrapper fusion-flex-column-wrapper-legacy\"><div class=\"fusion-text fusion-text-4\"><\/div>\n<div class=\"fusion-clearfix\"><\/div><\/div><\/div><\/div><\/div><div class=\"fusion-fullwidth fullwidth-box fusion-builder-row-3 nonhundred-percent-fullwidth non-hundred-percent-height-scrolling\" style=\"--awb-background-position:left top;--awb-border-radius-top-left:0px;--awb-border-radius-top-right:0px;--awb-border-radius-bottom-right:0px;--awb-border-radius-bottom-left:0px;--awb-padding-top:-20px;--awb-padding-bottom:20px;--awb-border-sizes-top:0px;--awb-border-sizes-bottom:0px;--awb-flex-wrap:wrap;\" ><div class=\"fusion-builder-row fusion-row\"><div class=\"fusion-layout-column fusion_builder_column fusion-builder-column-4 fusion_builder_column_1_1 1_1 fusion-one-full fusion-column-first fusion-column-last\" style=\"--awb-bg-size:cover;\"><div class=\"fusion-column-wrapper fusion-flex-column-wrapper-legacy\"><div class=\"fusion-title title fusion-title-1 fusion-title-text fusion-title-size-two\"><h2 class=\"fusion-title-heading title-heading-left fusion-responsive-typography-calculated\" style=\"margin:0;--fontSize:20;--minFontSize:20;line-height:1.35;\">Term\u00e9keink<\/h2><span class=\"awb-title-spacer\"><\/span><div class=\"title-sep-container\"><div class=\"title-sep sep-double sep-solid\" style=\"border-color:#e0dede;\"><\/div><\/div><\/div><div class=\"fusion-image-carousel fusion-image-carousel-auto fusion-image-carousel-1 fusion-carousel-border\"><div class=\"awb-carousel awb-swiper awb-swiper-carousel\" data-autoplay=\"yes\" data-columns=\"4\" data-itemmargin=\"13\" data-itemwidth=\"180\" data-touchscroll=\"no\" data-imagesize=\"auto\" data-scrollitems=\"1\" style=\"--awb-columns:4;\"><div class=\"swiper-wrapper awb-image-carousel-wrapper fusion-flex-align-items-center\"><div class=\"swiper-slide\"><div class=\"fusion-carousel-item-wrapper\"><div class=\"fusion-image-wrapper hover-type-liftup\"><a href=\" https:\/\/kuxmann.de\/products\/sand-spreader-kurier\/\" target=\"_self\"><img decoding=\"async\" src=\"https:\/\/kuxmann.de\/wp-content\/uploads\/KUXMANN_sand_spreader_preview_2016-1024x683.jpg\" alt=\"Kuxmann Sand spreader\"\/><\/a><\/div><\/div><\/div><div class=\"swiper-slide\"><div class=\"fusion-carousel-item-wrapper\"><div class=\"fusion-image-wrapper hover-type-liftup\"><a href=\" https:\/\/kuxmann.de\/products\/kurier-lime-spreader\/\" target=\"_self\"><img decoding=\"async\" src=\"https:\/\/kuxmann.de\/wp-content\/uploads\/KUXMANN_Lime_spreader_preview_2016-1024x683.jpg\" alt=\"KUXMANN KURIER Lime spreader\"\/><\/a><\/div><\/div><\/div><div class=\"swiper-slide\"><div class=\"fusion-carousel-item-wrapper\"><div class=\"fusion-image-wrapper hover-type-liftup\"><a href=\" https:\/\/kuxmann.de\/products\/kurier-lime-spreader\/\" target=\"_self\"><img decoding=\"async\" src=\"https:\/\/kuxmann.de\/wp-content\/uploads\/KUXMANN_Lime_spreader_Auger_preview_2016-1024x683.jpg\" alt=\"KUXMANN Lime spreader - Auger module\"\/><\/a><\/div><\/div><\/div><div class=\"swiper-slide\"><div class=\"fusion-carousel-item-wrapper\"><div class=\"fusion-image-wrapper hover-type-liftup\"><a href=\"https:\/\/kuxmann.de\/products\/kurier-fertilizer-spreader\/\" target=\"_self\"><img decoding=\"async\" src=\"https:\/\/kuxmann.de\/wp-content\/uploads\/KUXMANN_Large_area_spreader_preview_2016-300x200.jpg\" alt=\"KUXMANN KURIER Large-area spreader\"\/><\/a><\/div><\/div><\/div><div class=\"swiper-slide\"><div class=\"fusion-carousel-item-wrapper\"><div class=\"fusion-image-wrapper hover-type-liftup\"><a href=\"https:\/\/kuxmann.de\/products\/bms-towed-binding-agent-spreader\/\" target=\"_self\"><img decoding=\"async\" src=\"https:\/\/kuxmann.de\/wp-content\/uploads\/KUXMANN_BMS10M_spreader_preview_2016-1024x683.jpg\" alt=\"KUXMANN Binding agent spreader\"\/><\/a><\/div><\/div><\/div><div class=\"swiper-slide\"><div class=\"fusion-carousel-item-wrapper\"><div class=\"fusion-image-wrapper hover-type-liftup\"><a href=\"https:\/\/kuxmann.de\/products\/bms-three-point-attachment-unit\/\" target=\"_self\"><img decoding=\"async\" src=\"https:\/\/kuxmann.de\/wp-content\/uploads\/KUXMANN_BMS4M_binding-agent-spreader_Bindemittelstreuer_spreader_preview_2016-1024x683.jpg\" alt=\"KUXMANN BMS Binding agent spreader\"\/><\/a><\/div><\/div><\/div><div class=\"swiper-slide\"><div class=\"fusion-carousel-item-wrapper\"><div class=\"fusion-image-wrapper hover-type-liftup\"><a href=\"https:\/\/kuxmann.de\/products\/bms-truck-mounted-spreader\/\" target=\"_self\"><img decoding=\"async\" src=\"https:\/\/kuxmann.de\/wp-content\/uploads\/KUXMANN_BMS14M_spreader_preview_2016.jpg\" alt=\"BMS Binding agent spreader truck mounted\"\/><\/a><\/div><\/div><\/div><\/div><div class=\"awb-swiper-button awb-swiper-button-prev\"><i class=\"awb-icon-angle-left\" aria-hidden=\"true\"><\/i><\/div><div class=\"awb-swiper-button awb-swiper-button-next\"><i class=\"awb-icon-angle-right\" aria-hidden=\"true\"><\/i><\/div><\/div><\/div><div class=\"fusion-clearfix\"><\/div><\/div><\/div><\/div><\/div><div class=\"fusion-fullwidth fullwidth-box fusion-builder-row-4 hundred-percent-fullwidth non-hundred-percent-height-scrolling\" style=\"--awb-border-radius-top-left:0px;--awb-border-radius-top-right:0px;--awb-border-radius-bottom-right:0px;--awb-border-radius-bottom-left:0px;--awb-overflow:visible;--awb-flex-wrap:wrap;\" ><div class=\"fusion-builder-row fusion-row\"><div class=\"fusion-layout-column fusion_builder_column fusion-builder-column-5 fusion_builder_column_1_1 1_1 fusion-one-full fusion-column-first fusion-column-last fusion-column-no-min-height\" style=\"--awb-bg-size:cover;--awb-margin-bottom:0px;\"><div class=\"fusion-column-wrapper fusion-flex-column-wrapper-legacy\"><div class=\"fusion-alignleft\"><a class=\"fusion-button button-flat fusion-button-default-size button-darkgreen fusion-button-darkgreen button-1 fusion-button-default-span fusion-button-default-type\" target=\"_self\" href=\"https:\/\/kuxmann.de\/contact-2\/\"><span class=\"fusion-button-text\"><strong>K\u00e9rje t\u0151l\u00fcnk szem\u00e9lyre szabott aj\u00e1nlat\u00e1t<\/strong><\/span><\/a><\/div><div class=\"fusion-clearfix\"><\/div><\/div><\/div><\/div><\/div><\/p>\n","protected":false},"excerpt":{"rendered":"","protected":false},"author":2,"featured_media":0,"parent":1044,"menu_order":0,"comment_status":"closed","ping_status":"closed","template":"","meta":{"footnotes":""},"class_list":["post-6014","page","type-page","status-publish","hentry"],"_links":{"self":[{"href":"https:\/\/kuxmann.de\/hu\/wp-json\/wp\/v2\/pages\/6014"}],"collection":[{"href":"https:\/\/kuxmann.de\/hu\/wp-json\/wp\/v2\/pages"}],"about":[{"href":"https:\/\/kuxmann.de\/hu\/wp-json\/wp\/v2\/types\/page"}],"author":[{"embeddable":true,"href":"https:\/\/kuxmann.de\/hu\/wp-json\/wp\/v2\/users\/2"}],"replies":[{"embeddable":true,"href":"https:\/\/kuxmann.de\/hu\/wp-json\/wp\/v2\/comments?post=6014"}],"version-history":[{"count":0,"href":"https:\/\/kuxmann.de\/hu\/wp-json\/wp\/v2\/pages\/6014\/revisions"}],"up":[{"embeddable":true,"href":"https:\/\/kuxmann.de\/hu\/wp-json\/wp\/v2\/pages\/1044"}],"wp:attachment":[{"href":"https:\/\/kuxmann.de\/hu\/wp-json\/wp\/v2\/media?parent=6014"}],"curies":[{"name":"wp","href":"https:\/\/api.w.org\/{rel}","templated":true}]}}