{"id":6029,"date":"2018-05-31T23:39:22","date_gmt":"2018-05-31T21:39:22","guid":{"rendered":"https:\/\/kuxmann.de\/a-vallalat\/"},"modified":"2018-05-31T23:39:22","modified_gmt":"2018-05-31T21:39:22","slug":"a-vallalat","status":"publish","type":"page","link":"https:\/\/kuxmann.de\/hu\/a-vallalat\/","title":{"rendered":"A v\u00e1llalat"},"content":{"rendered":"<p><!--:de-->Das Unternehmen KUXMANN Landmaschinen ist seit 1895 im Bereich des Maschinenbaus f\u00fcr Agarmaschinen t\u00e4tig. Schon fr\u00fch hatte Heinrich Kuxmann das Unternehmen, auf den Bau von Streuern und Gro\u00dffl\u00e4chenstreuern, ausgerichtet. Erfahren Sie mehr \u00fcber die Geschichte <a title=\"Die Geschichte\" href=\"http:\/\/kuxmann.de\/unternehmen\/\">hier<\/a>!<!--:--><!--:en--><!--:--><\/p>\n","protected":false},"excerpt":{"rendered":"<p>Das Unternehmen KUXMANN Landmaschinen ist seit 1895 im Bereich des Maschinenbaus f\u00fcr Agarmaschinen t\u00e4tig. Schon fr\u00fch hatte Heinrich Kuxmann das Unternehmen, auf den Bau von Streuern und Gro\u00dffl\u00e4chenstreuern, ausgerichtet. Erfahren [&hellip;]<\/p>\n","protected":false},"author":1,"featured_media":0,"parent":0,"menu_order":0,"comment_status":"closed","ping_status":"open","template":"","meta":{"footnotes":""},"class_list":["post-6029","page","type-page","status-publish","hentry"],"_links":{"self":[{"href":"https:\/\/kuxmann.de\/hu\/wp-json\/wp\/v2\/pages\/6029"}],"collection":[{"href":"https:\/\/kuxmann.de\/hu\/wp-json\/wp\/v2\/pages"}],"about":[{"href":"https:\/\/kuxmann.de\/hu\/wp-json\/wp\/v2\/types\/page"}],"author":[{"embeddable":true,"href":"https:\/\/kuxmann.de\/hu\/wp-json\/wp\/v2\/users\/1"}],"replies":[{"embeddable":true,"href":"https:\/\/kuxmann.de\/hu\/wp-json\/wp\/v2\/comments?post=6029"}],"version-history":[{"count":0,"href":"https:\/\/kuxmann.de\/hu\/wp-json\/wp\/v2\/pages\/6029\/revisions"}],"wp:attachment":[{"href":"https:\/\/kuxmann.de\/hu\/wp-json\/wp\/v2\/media?parent=6029"}],"curies":[{"name":"wp","href":"https:\/\/api.w.org\/{rel}","templated":true}]}}