{"id":730,"date":"2013-12-06T18:12:32","date_gmt":"2013-12-06T16:12:32","guid":{"rendered":"http:\/\/[one_third%20last=no]"},"modified":"2018-06-02T22:16:49","modified_gmt":"2018-06-02T20:16:49","slug":"magyar-uedvoezoeljuek","status":"publish","type":"page","link":"https:\/\/kuxmann.de\/hu\/","title":{"rendered":"\u00dcdv\u00f6z\u00f6lj\u00fck!"},"content":{"rendered":"<p><div class=\"fusion-fullwidth fullwidth-box fusion-builder-row-1 hundred-percent-fullwidth non-hundred-percent-height-scrolling fusion-equal-height-columns\" style=\"--awb-background-position:left top;--awb-border-radius-top-left:0px;--awb-border-radius-top-right:0px;--awb-border-radius-bottom-right:0px;--awb-border-radius-bottom-left:0px;--awb-padding-top:20px;--awb-padding-bottom:20px;--awb-border-sizes-top:0px;--awb-border-sizes-bottom:0px;--awb-flex-wrap:wrap;\" ><div class=\"fusion-builder-row fusion-row\"><div class=\"fusion-layout-column fusion_builder_column fusion-builder-column-0 fusion_builder_column_1_3 1_3 fusion-one-third fusion-column-first\" style=\"--awb-bg-color:#f2f2f2;--awb-bg-color-hover:#f2f2f2;--awb-bg-size:cover;--awb-border-color:#325928;--awb-border-top:3px;--awb-border-style:solid;width:30.6666%; margin-right: 4%;\"><div class=\"fusion-column-wrapper fusion-flex-column-wrapper-legacy\"><div class=\"fusion-text fusion-text-1\"><p><img decoding=\"async\" class=\"alignnone wp-image-2494 size-large\" src=\"https:\/\/kuxmann.de\/wp-content\/uploads\/\/kuxmann-Kurier-Gro\u00dffl\u00e4chenstreuer-Kalkstreuer-001-1024x579.jpg\" alt=\"\" width=\"669\" height=\"378\" \/><\/p>\n<h2 style=\"margin-left: 10px;\"><strong> Mez\u0151gazdas\u00e1gi g\u00e9pek<\/strong><\/h2>\n<p style=\"margin-left: 10px; margin-right: 10px;\">A KUXMANN a sz\u00f3r\u00f3g\u00e9pek sz\u00e9les k\u00edn\u00e1lat\u00e1t ny\u00fajtja k\u00fcl\u00f6nb\u00f6z\u0151 m\u00e9retekben, sokf\u00e9le felhaszn\u00e1l\u00e1si m\u00f3ddal \u00e9s sz\u00e1mos k\u00fcl\u00f6nf\u00e9le anyag kisz\u00f3r\u00e1s\u00e1ra.<\/p>\n<p style=\"margin-left: 10px; margin-right: 10px;\"><a href=\"https:\/\/kuxmann.de\/hu\/termekek\/kurier-mutragyaszoro\/\"><strong> A KURIER M\u0171tr\u00e1gyasz\u00f3r\u00f3 g\u00e9p<\/strong> egy nagy ter\u00fcletteljes\u00edtm\u00e9ny\u0171 m\u0171tr\u00e1gyasz\u00f3r\u00f3 t\u00f6k\u00e9letes\u00edtett sz\u00e1ll\u00edt\u00f3szalaggal sz\u00e1raz, por alak\u00fa anyagok, mint a m\u0171tr\u00e1gya granul\u00e1tumok vagy \u00e1sv\u00e1nyi m\u0171tr\u00e1gy\u00e1k stb. kijuttat\u00e1s\u00e1hoz.<br \/>\n<\/a><\/p>\n<p style=\"margin-left: 10px; margin-right: 10px;\"><a href=\"https:\/\/kuxmann.de\/hu\/termekek\/kurier-meszszoro-gep\/\"> <strong> A KURIER M\u00e9szsz\u00f3r\u00f3 g\u00e9p <\/strong> a tov\u00e1bbfejlesztett k\u00e9tt\u00e1rcs\u00e1s sz\u00f3r\u00f3m\u0171vel (15 m\u00e9terig) vagy a csig\u00e1s sz\u00f3r\u00f3egys\u00e9ggel 6 vagy 9 m\u00e9teres munkasz\u00e9less\u00e9ggel sz\u00e1raz, por alak\u00fa vagy nedves m\u00e9sz \u00e9s m\u0171tr\u00e1gya kijuttat\u00e1s\u00e1ra alkalmas.<\/a><\/p>\n<\/div><div class=\"fusion-clearfix\"><\/div><\/div><\/div><div class=\"fusion-layout-column fusion_builder_column fusion-builder-column-1 fusion_builder_column_1_3 1_3 fusion-one-third\" style=\"--awb-bg-color:#f2f2f2;--awb-bg-color-hover:#f2f2f2;--awb-bg-size:cover;--awb-border-color:#325928;--awb-border-top:3px;--awb-border-style:solid;width:30.6666%; margin-right: 4%;\"><div class=\"fusion-column-wrapper fusion-flex-column-wrapper-legacy\"><div class=\"fusion-text fusion-text-2\"><h2><img decoding=\"async\" class=\"alignnone wp-image-2496 size-large\" src=\"https:\/\/kuxmann.de\/wp-content\/uploads\/\/Binding-agend-spreader-Bindemittelstreuer-4t-Anbaustreuer-FP-1024x579.jpg\" alt=\"\" width=\"669\" height=\"378\" \/><\/h2>\n<h2 style=\"margin-left: 10px;\"><strong> \u00c9p\u00edt\u0151ipari g\u00e9pek<\/strong><\/h2>\n<p style=\"margin-left: 10px; margin-right: 10px;\">A k\u00f6t\u0151anyagsz\u00f3r\u00f3 g\u00e9ppel \u00e9s a homok vagy kavicssz\u00f3r\u00f3 g\u00e9ppel a KUXMANN a talajstabiliz\u00e1l\u00e1s \u00e9s az \u00fat\u00e9p\u00edt\u00e9s sz\u00e1m\u00e1ra k\u00edn\u00e1l \u00e1tfog\u00f3 megold\u00e1sokat.<\/p>\n<p style=\"margin-left: 10px; margin-right: 10px;\"><a href=\"https:\/\/kuxmann.de\/hu\/termekek\/kuxmann-bms-kotoanyagszorok\/\"><strong> A BMS \u2013 K\u00f6t\u0151anyagsz\u00f3r\u00f3 g\u00e9p <\/strong>3m\u00b3-t\u0151l 14m\u00b3-ig terjed\u0151 kapacit\u00e1sban k\u00e9sz\u00fcl \u00e9s minden sz\u00f3r\u00f3g\u00e9p alapfelszerelts\u00e9ge a cell\u00e1s adagol\u00f3.<\/a><\/p>\n<p style=\"margin-left: 10px; margin-right: 10px;\"><a href=\"https:\/\/kuxmann.de\/hu\/termekek\/kuxmann-homok-es-kavicsszoro-gep\/\"> <strong> A KUXMANN Homok \u00e9s kavicssz\u00f3r\u00f3 g\u00e9p<\/strong> 3m\u00b3-t\u0151l 14m\u00b3-ig terjed\u0151 tart\u00e1lyt\u00e9rfogatban \u00e9rhet\u0151 el. Az anyag kijuttat\u00e1sa egy centrifug\u00e1lis k\u00e9tt\u00e1rcs\u00e1s sz\u00f3r\u00f3egys\u00e9ggel t\u00f6rt\u00e9nik, amely egyenletes sz\u00f3r\u00e1sk\u00e9pet biztos\u00edt.<\/a><\/p>\n<\/div><div class=\"fusion-clearfix\"><\/div><\/div><\/div><div class=\"fusion-layout-column fusion_builder_column fusion-builder-column-2 fusion_builder_column_1_3 1_3 fusion-one-third fusion-column-last\" style=\"--awb-bg-color:#f2f2f2;--awb-bg-color-hover:#f2f2f2;--awb-bg-size:cover;--awb-border-color:#325928;--awb-border-top:3px;--awb-border-style:solid;width:30.6666%;\"><div class=\"fusion-column-wrapper fusion-flex-column-wrapper-legacy\"><div class=\"fusion-text fusion-text-3\"><h2><img decoding=\"async\" class=\"alignnone wp-image-2495 size-large\" src=\"https:\/\/kuxmann.de\/wp-content\/uploads\/\/Kuxmann-Goldplatzstreuer-Besander-Golf-course-spreader-sand-spreader-1024x579.jpg\" alt=\"\" width=\"669\" height=\"378\" \/><\/h2>\n<h2 style=\"margin-left: 10px;\"><strong> Kommun\u00e1lis \u00e9s golfp\u00e1lya technika<\/strong><a href=\"https:\/\/kuxmann.de\/products\/special-spreader\/\"><strong><br \/>\n<\/strong><\/a><\/h2>\n<p style=\"margin-left: 10px; margin-right: 10px;\"><a href=\"https:\/\/kuxmann.de\/hu\/termekek\/kuxmann-teli-utszoro-gep\/\"><strong> A KUXMANN T\u00e9li \u00datsz\u00f3r\u00f3 g\u00e9p <\/strong>megb\u00edzhat\u00f3 szolg\u00e1latot ny\u00fajt s\u00f3, apr\u00f3 kavics, homok vagy egy\u00e9b s\u00edkoss\u00e1gmentes\u00edt\u0151 anyagok kijuttat\u00e1sa sor\u00e1n m\u00e9g a legzordabb id\u0151ben is.<br \/>\n<\/a><\/p>\n<p style=\"margin-left: 10px; margin-right: 10px;\"><a href=\"https:\/\/kuxmann.de\/hu\/termekek\/kurier-homokszorogep\/\"><strong> A KURIER Homoksz\u00f3r\u00f3g\u00e9p <\/strong>golfp\u00e1ly\u00e1k, sportp\u00e1ly\u00e1k, parkok \u00e9s m\u00e1s k\u00fclt\u00e9ri ter\u00fcletek karbantart\u00e1s\u00e1ra alkalmas. A homoksz\u00f3r\u00f3 g\u00e9p el\u00e9g k\u00f6nny\u0171 ahhoz, hogy a f\u00fcves ter\u00fcleteken a homokot egyenletesen \u00e9s k\u00edm\u00e9letesen juttassa ki. A k\u00fcl\u00f6nleges kialak\u00edt\u00e1s lehet\u0151 teszi, hogy a sz\u00f3rand\u00f3 anyag k\u00edv\u00e1nt sz\u00e9less\u00e9gben \u00e9s mennyis\u00e9gben t\u00f6rt\u00e9n\u0151 kijuttat\u00e1s\u00e1t. <\/a><\/p>\n<\/div><div class=\"fusion-clearfix\"><\/div><\/div><\/div><\/div><\/div><div class=\"fusion-fullwidth fullwidth-box fusion-builder-row-2 fusion-parallax-fixed nonhundred-percent-fullwidth non-hundred-percent-height-scrolling fusion-equal-height-columns\" style=\"--awb-border-color:#dadada;--awb-border-radius-top-left:0px;--awb-border-radius-top-right:0px;--awb-border-radius-bottom-right:0px;--awb-border-radius-bottom-left:0px;--awb-padding-top:40px;--awb-padding-right:0px;--awb-padding-bottom:40px;--awb-padding-left:0px;--awb-background-color:#fff;--awb-background-image:url(&quot;https:\/\/kuxmann.de\/wp-content\/uploads\/Golfplatz-Besander-Streuer-KUXMANN-3-1-1024x768.jpg&quot;);--awb-background-size:cover;--awb-border-sizes-top:1px;--awb-border-sizes-bottom:1px;--awb-flex-wrap:wrap;background-attachment:fixed;\" ><div class=\"fusion-builder-row fusion-row\"><div class=\"fusion-layout-column fusion_builder_column fusion-builder-column-3 fusion_builder_column_1_1 1_1 fusion-one-full fusion-column-first fusion-column-last fusion-column-no-min-height\" style=\"--awb-bg-size:cover;--awb-margin-bottom:0px;\"><div class=\"fusion-column-wrapper fusion-flex-column-wrapper-legacy\"><div class=\"fusion-sep-clear\"><\/div><div class=\"fusion-separator fusion-full-width-sep\" style=\"margin-left: auto;margin-right: auto;margin-top:10px;width:100%;\"><\/div><div class=\"fusion-sep-clear\"><\/div><div class=\"fusion-clearfix\"><\/div><\/div><\/div><div class=\"fusion-layout-column fusion_builder_column fusion-builder-column-4 fusion_builder_column_1_2 1_2 fusion-one-half fusion-column-first\" style=\"--awb-bg-size:cover;width:48%; margin-right: 4%;\"><div class=\"fusion-column-wrapper fusion-flex-column-wrapper-legacy\"><div class=\"fusion-text fusion-text-4\"><h3 style=\"padding-left: 90px;\"><span style=\"color: #ffffff;\"> A g\u00e9peink fejleszt\u00e9se sor\u00e1n nagy hangs\u00falyt fektet\u00fcnk arra, hogy a m\u0171k\u00f6dtet\u00e9s \u00e9s a karbantart\u00e1s min\u00e9l egyszer\u0171bb legyen. Minden g\u00e9p univerz\u00e1lisan haszn\u00e1lhat\u00f3 \u00e9s a legk\u00fcl\u00f6nb\u00f6z\u0151bb feladatokra alkalmas.<\/span><\/h3>\n<h3 style=\"padding-left: 90px;\"><span style=\"color: #ffffff;\"> Sok \u00e9vtizedes m\u0171k\u00f6d\u00e9s, kiv\u00e9teles megb\u00edzhat\u00f3s\u00e1g \u00e9s vev\u0151i el\u00e9gedetts\u00e9g a term\u00e9keink legf\u0151bb jellemz\u0151i.<\/span><\/h3>\n<\/div><div class=\"fusion-clearfix\"><\/div><\/div><\/div><div class=\"fusion-layout-column fusion_builder_column fusion-builder-column-5 fusion_builder_column_1_2 1_2 fusion-one-half fusion-column-last\" style=\"--awb-bg-size:cover;width:48%;\"><div class=\"fusion-column-wrapper fusion-flex-column-wrapper-legacy\"><div class=\"fusion-clearfix\"><\/div><\/div><\/div><\/div><\/div><div class=\"fusion-fullwidth fullwidth-box fusion-builder-row-3 nonhundred-percent-fullwidth non-hundred-percent-height-scrolling\" style=\"--awb-background-position:left top;--awb-border-color:#e5e4e4;--awb-border-radius-top-left:0px;--awb-border-radius-top-right:0px;--awb-border-radius-bottom-right:0px;--awb-border-radius-bottom-left:0px;--awb-padding-top:60px;--awb-padding-right:0px;--awb-padding-bottom:0px;--awb-padding-left:0px;--awb-border-sizes-top:0px;--awb-border-sizes-bottom:0px;--awb-flex-wrap:wrap;\" id=\".fusion-fullwidth{padding-bottom: 1000px !important;}\" ><div class=\"fusion-builder-row fusion-row\"><div class=\"fusion-layout-column fusion_builder_column fusion-builder-column-6 fusion_builder_column_2_3 2_3 fusion-two-third fusion-column-first\" style=\"--awb-bg-size:cover;--awb-margin-bottom:0px;width:65.3333%; margin-right: 4%;\"><div class=\"fusion-column-wrapper fusion-flex-column-wrapper-legacy\"><div class=\"fusion-title title fusion-title-1 fusion-title-text fusion-title-size-two\"><h2 class=\"fusion-title-heading title-heading-left fusion-responsive-typography-calculated\" style=\"margin:0;--fontSize:20;--minFontSize:20;line-height:1.35;\">H\u00edrek<\/h2><span class=\"awb-title-spacer\"><\/span><div class=\"title-sep-container\"><div class=\"title-sep sep-double sep-solid\" style=\"border-color:#e0dede;\"><\/div><\/div><\/div><div class=\"fusion-recent-posts fusion-recent-posts-1 avada-container layout-thumbnails-on-side layout-columns-1\"><section class=\"fusion-columns columns fusion-columns-1 columns-1\"><article class=\"post fusion-column column col col-lg-12 col-md-12 col-sm-12\"><div class=\"fusion-flexslider fusion-flexslider-loading flexslider floated-slideshow flexslider-hover-type-none\"><ul class=\"slides\"><li><a href=\"https:\/\/kuxmann.de\/hu\/what-does-slurry-have-to-do-with-lime\/\" aria-label=\"What does slurry have to do with lime?\" class=\"hover-type-none\"><img decoding=\"async\" width=\"177\" height=\"142\" src=\"https:\/\/kuxmann.de\/wp-content\/uploads\/Kuxmann-Landscape-field-1-177x142.jpg\" class=\"attachment-portfolio-five size-portfolio-five\" alt=\"Kuxmann nutrients in soil need lime\" \/><\/a><\/li><\/ul><\/div><div class=\"recent-posts-content\"><h4 class=\"\"><a href=\"https:\/\/kuxmann.de\/hu\/what-does-slurry-have-to-do-with-lime\/\">What does slurry have to do with lime?<\/a><\/h4><p> The liquid manure refills the nutrient storage of the soil. The lime enables the soil to retain these nutrients and release them back to the<\/p><\/div><\/article><article class=\"post fusion-column column col col-lg-12 col-md-12 col-sm-12\"><div class=\"fusion-flexslider fusion-flexslider-loading flexslider floated-slideshow flexslider-hover-type-none\"><ul class=\"slides\"><li><a href=\"https:\/\/kuxmann.de\/hu\/binding-agent-spreader-3m-and-4m-bms-three-point-attachment-unit\/\" aria-label=\"Binding agent spreader 3M and 4M &#8211; BMS Three-point attachment unit\" class=\"hover-type-none\"><img decoding=\"async\" width=\"177\" height=\"142\" src=\"https:\/\/kuxmann.de\/wp-content\/uploads\/Bindemittelstreuer-BMS-4M-10-177x142.jpg\" class=\"attachment-portfolio-five size-portfolio-five\" alt=\"Bindemittelstreuer BMS 4M (10)\" \/><\/a><\/li><\/ul><\/div><div class=\"recent-posts-content\"><h4 class=\"\"><a href=\"https:\/\/kuxmann.de\/hu\/binding-agent-spreader-3m-and-4m-bms-three-point-attachment-unit\/\">Binding agent spreader 3M and 4M &#8211; BMS Three-point attachment unit<\/a><\/h4><p>            Three-point Binding agent spreader  The 3M and 4M binding agent spreaders are highly<\/p><\/div><\/article><\/section><\/div><div class=\"fusion-clearfix\"><\/div><\/div><\/div><div class=\"fusion-layout-column fusion_builder_column fusion-builder-column-7 fusion_builder_column_1_3 1_3 fusion-one-third fusion-column-last\" style=\"--awb-bg-size:cover;--awb-margin-bottom:0px;width:30.6666%;\"><div class=\"fusion-column-wrapper fusion-flex-column-wrapper-legacy\"><div class=\"fusion-title title fusion-title-2 fusion-title-text fusion-title-size-two\"><h2 class=\"fusion-title-heading title-heading-left fusion-responsive-typography-calculated\" style=\"margin:0;--fontSize:20;--minFontSize:20;line-height:1.35;\">A leg\u00fajabb vide\u00f3k<\/h2><span class=\"awb-title-spacer\"><\/span><div class=\"title-sep-container\"><div class=\"title-sep sep-double sep-solid\" style=\"border-color:#e0dede;\"><\/div><\/div><\/div><div class=\"fusion-video fusion-youtube\" style=\"--awb-max-width:600px;--awb-max-height:350px;\"><div class=\"video-shortcode\"><div class=\"fluid-width-video-wrapper\" style=\"padding-top:58.33%;\" ><iframe class=\"fusion-hidden\" data-privacy-type=\"youtube\" src=\"\" title=\"YouTube video player 1\" data-privacy-src=\"https:\/\/www.youtube.com\/embed\/soK19JFoWTk?wmode=transparent&autoplay=0\" width=\"600\" height=\"350\" allowfullscreen allow=\"autoplay; fullscreen\"><\/iframe><div class=\"fusion-privacy-placeholder\" style=\"width:600px; height:350px;\" data-privacy-type=\"youtube\"><div class=\"fusion-privacy-placeholder-content\"><div class=\"fusion-privacy-label\">For privacy reasons YouTube needs your permission to be loaded. For more details, please see our <a class=\"privacy-policy-link\" href=\"https:\/\/kuxmann.de\/de\/datenschutz\/\" rel=\"privacy-policy\">Datenschutz<\/a>.<\/div><button data-privacy-type=\"youtube\" class=\"fusion-button button-default fusion-button-default-size button fusion-privacy-consent\">I Accept<\/button><\/div><\/div><\/div><\/div><\/div><div class=\"fusion-clearfix\"><\/div><\/div><\/div><div class=\"fusion-layout-column fusion_builder_column fusion-builder-column-8 fusion_builder_column_1_1 1_1 fusion-one-full fusion-column-first fusion-column-last fusion-column-no-min-height\" style=\"--awb-bg-size:cover;--awb-margin-bottom:0px;\"><div class=\"fusion-column-wrapper fusion-flex-column-wrapper-legacy\"><div class=\"fusion-sep-clear\"><\/div><div class=\"fusion-separator fusion-full-width-sep\" style=\"margin-left: auto;margin-right: auto;margin-top:-40px;margin-bottom:-40px;width:100%;\"><\/div><div class=\"fusion-sep-clear\"><\/div><div class=\"fusion-clearfix\"><\/div><\/div><\/div><\/div><\/div><div class=\"fusion-fullwidth fullwidth-box fusion-builder-row-4 nonhundred-percent-fullwidth non-hundred-percent-height-scrolling\" style=\"--awb-background-position:left top;--awb-border-radius-top-left:0px;--awb-border-radius-top-right:0px;--awb-border-radius-bottom-right:0px;--awb-border-radius-bottom-left:0px;--awb-padding-top:-20px;--awb-padding-bottom:20px;--awb-border-sizes-top:0px;--awb-border-sizes-bottom:0px;--awb-flex-wrap:wrap;\" ><div class=\"fusion-builder-row fusion-row\"><div class=\"fusion-layout-column fusion_builder_column fusion-builder-column-9 fusion_builder_column_1_1 1_1 fusion-one-full fusion-column-first fusion-column-last\" style=\"--awb-bg-size:cover;\"><div class=\"fusion-column-wrapper fusion-flex-column-wrapper-legacy\"><div class=\"fusion-title title fusion-title-3 fusion-title-text fusion-title-size-two\"><h2 class=\"fusion-title-heading title-heading-left fusion-responsive-typography-calculated\" style=\"margin:0;--fontSize:20;--minFontSize:20;line-height:1.35;\">Term\u00e9keink<\/h2><span class=\"awb-title-spacer\"><\/span><div class=\"title-sep-container\"><div class=\"title-sep sep-double sep-solid\" style=\"border-color:#e0dede;\"><\/div><\/div><\/div><div class=\"fusion-image-carousel fusion-image-carousel-auto fusion-image-carousel-1 fusion-carousel-border\"><div class=\"awb-carousel awb-swiper awb-swiper-carousel\" data-autoplay=\"yes\" data-columns=\"4\" data-itemmargin=\"13\" data-itemwidth=\"180\" data-touchscroll=\"no\" data-imagesize=\"auto\" data-scrollitems=\"1\" style=\"--awb-columns:4;\"><div class=\"swiper-wrapper awb-image-carousel-wrapper fusion-flex-align-items-center\"><div class=\"swiper-slide\"><div class=\"fusion-carousel-item-wrapper\"><div class=\"fusion-image-wrapper hover-type-liftup\"><a href=\"https:\/\/kuxmann.de\/products\/sand-spreader-kurier\/\" target=\"_self\"><img decoding=\"async\" src=\"https:\/\/kuxmann.de\/wp-content\/uploads\/KUXMANN_sand_spreader_preview_2016-1024x683.jpg\" alt=\"Kuxmann Sand spreader\"\/><\/a><\/div><\/div><\/div><div class=\"swiper-slide\"><div class=\"fusion-carousel-item-wrapper\"><div class=\"fusion-image-wrapper hover-type-liftup\"><a href=\" https:\/\/kuxmann.de\/products\/kurier-lime-spreader\/\" target=\"_self\"><img decoding=\"async\" src=\"https:\/\/kuxmann.de\/wp-content\/uploads\/KUXMANN_Lime_spreader_preview_2016-1024x683.jpg\" alt=\"KUXMANN KURIER Lime spreader\"\/><\/a><\/div><\/div><\/div><div class=\"swiper-slide\"><div class=\"fusion-carousel-item-wrapper\"><div class=\"fusion-image-wrapper hover-type-liftup\"><a href=\" https:\/\/kuxmann.de\/products\/kurier-lime-spreader\/\" target=\"_self\"><img decoding=\"async\" src=\"https:\/\/kuxmann.de\/wp-content\/uploads\/KUXMANN_Lime_spreader_Auger_preview_2016-1024x683.jpg\" alt=\"KUXMANN Lime spreader - Auger module\"\/><\/a><\/div><\/div><\/div><div class=\"swiper-slide\"><div class=\"fusion-carousel-item-wrapper\"><div class=\"fusion-image-wrapper hover-type-liftup\"><a href=\"https:\/\/kuxmann.de\/products\/kurier-fertilizer-spreader\/\" target=\"_self\"><img decoding=\"async\" src=\"https:\/\/kuxmann.de\/wp-content\/uploads\/KUXMANN_Large_area_spreader_preview_2016-300x200.jpg\" alt=\"KUXMANN KURIER Large-area spreader\"\/><\/a><\/div><\/div><\/div><div class=\"swiper-slide\"><div class=\"fusion-carousel-item-wrapper\"><div class=\"fusion-image-wrapper hover-type-liftup\"><a href=\"https:\/\/kuxmann.de\/products\/bms-towed-binding-agent-spreader\/\" target=\"_self\"><img decoding=\"async\" src=\"https:\/\/kuxmann.de\/wp-content\/uploads\/KUXMANN_BMS10M_spreader_preview_2016-1024x683.jpg\" alt=\"KUXMANN Binding agent spreader\"\/><\/a><\/div><\/div><\/div><div class=\"swiper-slide\"><div class=\"fusion-carousel-item-wrapper\"><div class=\"fusion-image-wrapper hover-type-liftup\"><a href=\"https:\/\/kuxmann.de\/products\/bms-three-point-attachment-unit\/\" target=\"_self\"><img decoding=\"async\" src=\"https:\/\/kuxmann.de\/wp-content\/uploads\/KUXMANN_BMS4M_binding-agent-spreader_Bindemittelstreuer_spreader_preview_2016-1024x683.jpg\" alt=\"KUXMANN BMS Binding agent spreader\"\/><\/a><\/div><\/div><\/div><div class=\"swiper-slide\"><div class=\"fusion-carousel-item-wrapper\"><div class=\"fusion-image-wrapper hover-type-liftup\"><a href=\"https:\/\/kuxmann.de\/products\/bms-truck-mounted-spreader\/\" target=\"_self\"><img decoding=\"async\" src=\"https:\/\/kuxmann.de\/wp-content\/uploads\/KUXMANN_BMS14M_spreader_preview_2016.jpg\" alt=\"BMS Binding agent spreader truck mounted\"\/><\/a><\/div><\/div><\/div><\/div><div class=\"awb-swiper-button awb-swiper-button-prev\"><i class=\"awb-icon-angle-left\" aria-hidden=\"true\"><\/i><\/div><div class=\"awb-swiper-button awb-swiper-button-next\"><i class=\"awb-icon-angle-right\" aria-hidden=\"true\"><\/i><\/div><\/div><\/div><div class=\"fusion-clearfix\"><\/div><\/div><\/div><\/div><\/div><div class=\"fusion-fullwidth fullwidth-box fusion-builder-row-5 fusion-parallax-fixed hlast-container nonhundred-percent-fullwidth non-hundred-percent-height-scrolling\" style=\"--awb-background-position:left top;--awb-border-radius-top-left:0px;--awb-border-radius-top-right:0px;--awb-border-radius-bottom-right:0px;--awb-border-radius-bottom-left:0px;--awb-padding-top:65px;--awb-padding-right:0px;--awb-padding-bottom:0px;--awb-padding-left:0px;--awb-background-image:url(&quot;https:\/\/kuxmann.de\/wp-content\/uploads\/Kuxmann-Landscape-field-1024x404.jpg&quot;);--awb-background-size:cover;--awb-border-sizes-top:0px;--awb-border-sizes-bottom:0px;--awb-flex-wrap:wrap;background-attachment:fixed;\" ><div class=\"fusion-builder-row fusion-row\"><div class=\"fusion-layout-column fusion_builder_column fusion-builder-column-10 fusion_builder_column_1_1 1_1 fusion-one-full fusion-column-first fusion-column-last fusion-column-no-min-height\" style=\"--awb-bg-size:cover;--awb-margin-bottom:0px;\"><div class=\"fusion-column-wrapper fusion-flex-column-wrapper-legacy\"><style type='text\/css'>.reading-box-container-1 .element-bottomshadow:before,.reading-box-container-1 .element-bottomshadow:after{opacity:0.1;}<\/style><div class=\"fusion-reading-box-container reading-box-container-1 fusion-animated\" style=\"--awb-title-color:#333333;--awb-margin-top:0px;--awb-margin-bottom:84px;\" data-animationType=\"fadeInUp\" data-animationDuration=\"1\" data-animationOffset=\"top-into-view\"><div class=\"reading-box\" style=\"background-color:backgroundcolor=;border-width:1px;border-color:rgba(255,255,255,.4);border-top-width:3px;border-top-color:var(--primary_color);border-style:solid;\"><div class=\"fusion-reading-box-flex\"><h2> A Kuxmann gy\u00e1rt\u00f3csarnokban minden g\u00e9p 120 \u00e9ves tapasztalattal k\u00e9sz\u00fcl.<\/h2><a class=\"button fusion-button button-default fusion-button-large button-large button-flat fusion-desktop-button fusion-tagline-button continue continue-right\" style=\"-webkit-box-shadow:none;-moz-box-shadow:none;box-shadow:none;border-radius:0px 0px 0px 0px\" href=\"https:\/\/kuxmann.de\/contact\/\" target=\"_blank\" rel=\"noopener noreferrer\"><span>K\u00e9rjen aj\u00e1nlatot!<\/span><\/a><\/div><a class=\"button fusion-button button-default fusion-button-large button-large button-flat fusion-mobile-button continue-right\" style=\"-webkit-box-shadow:none;-moz-box-shadow:none;box-shadow:none;border-radius:0px 0px 0px 0px\" href=\"https:\/\/kuxmann.de\/contact\/\" target=\"_blank\" rel=\"noopener noreferrer\"><span>K\u00e9rjen aj\u00e1nlatot!<\/span><\/a><\/div><\/div><div class=\"fusion-sep-clear\"><\/div><div class=\"fusion-separator fusion-full-width-sep\" style=\"margin-left: auto;margin-right: auto;margin-top:-20px;width:100%;\"><\/div><div class=\"fusion-sep-clear\"><\/div><div class=\"fusion-clearfix\"><\/div><\/div><\/div><\/div><\/div><\/p>\n","protected":false},"excerpt":{"rendered":"","protected":false},"author":1,"featured_media":0,"parent":0,"menu_order":0,"comment_status":"closed","ping_status":"open","template":"","meta":{"footnotes":""},"class_list":["post-730","page","type-page","status-publish","hentry"],"_links":{"self":[{"href":"https:\/\/kuxmann.de\/hu\/wp-json\/wp\/v2\/pages\/730"}],"collection":[{"href":"https:\/\/kuxmann.de\/hu\/wp-json\/wp\/v2\/pages"}],"about":[{"href":"https:\/\/kuxmann.de\/hu\/wp-json\/wp\/v2\/types\/page"}],"author":[{"embeddable":true,"href":"https:\/\/kuxmann.de\/hu\/wp-json\/wp\/v2\/users\/1"}],"replies":[{"embeddable":true,"href":"https:\/\/kuxmann.de\/hu\/wp-json\/wp\/v2\/comments?post=730"}],"version-history":[{"count":0,"href":"https:\/\/kuxmann.de\/hu\/wp-json\/wp\/v2\/pages\/730\/revisions"}],"wp:attachment":[{"href":"https:\/\/kuxmann.de\/hu\/wp-json\/wp\/v2\/media?parent=730"}],"curies":[{"name":"wp","href":"https:\/\/api.w.org\/{rel}","templated":true}]}}